{"id":6416,"date":"2025-10-15T13:54:15","date_gmt":"2025-10-15T13:54:15","guid":{"rendered":"https:\/\/exclusive-corporation.com\/?post_type=product&#038;p=6416"},"modified":"2025-10-20T10:13:32","modified_gmt":"2025-10-20T10:13:32","slug":"atropine-amp-1mg-x-1ml","status":"publish","type":"product","link":"https:\/\/exclusive-corporation.com\/en\/product\/atropine-amp-1mg-x-1ml\/","title":{"rendered":"ATROPINE  AMP 1mg x 1ml"},"content":{"rendered":"","protected":false},"excerpt":{"rendered":"<p data-start=\"1108\" data-end=\"1364\">Medikament antikolinergjik q\u00eb p\u00ebrdoret n\u00eb trajtimin e bradikardis\u00eb (rrahjeve t\u00eb ngadalta t\u00eb zemr\u00ebs) dhe p\u00ebr reduktimin e sekrecioneve gjat\u00eb procedurave kirurgjikale. P\u00ebrdoret gjithashtu si antidot n\u00eb helmimet me pesticide.<\/p>","protected":false},"featured_media":6417,"comment_status":"open","ping_status":"closed","template":"","meta":{"_acf_changed":false,"content-type":""},"pwb-brand":[],"product_brand":[],"product_cat":[118],"product_tag":[],"class_list":{"0":"post-6416","1":"product","2":"type-product","3":"status-publish","4":"has-post-thumbnail","6":"product_cat-kardiologji","8":"first","9":"instock","10":"shipping-taxable","11":"purchasable","12":"product-type-simple"},"acf":[],"brands":[],"_links":{"self":[{"href":"https:\/\/exclusive-corporation.com\/en\/wp-json\/wp\/v2\/product\/6416","targetHints":{"allow":["GET"]}}],"collection":[{"href":"https:\/\/exclusive-corporation.com\/en\/wp-json\/wp\/v2\/product"}],"about":[{"href":"https:\/\/exclusive-corporation.com\/en\/wp-json\/wp\/v2\/types\/product"}],"replies":[{"embeddable":true,"href":"https:\/\/exclusive-corporation.com\/en\/wp-json\/wp\/v2\/comments?post=6416"}],"wp:featuredmedia":[{"embeddable":true,"href":"https:\/\/exclusive-corporation.com\/en\/wp-json\/wp\/v2\/media\/6417"}],"wp:attachment":[{"href":"https:\/\/exclusive-corporation.com\/en\/wp-json\/wp\/v2\/media?parent=6416"}],"wp:term":[{"taxonomy":"pwb-brand","embeddable":true,"href":"https:\/\/exclusive-corporation.com\/en\/wp-json\/wp\/v2\/pwb-brand?post=6416"},{"taxonomy":"product_brand","embeddable":true,"href":"https:\/\/exclusive-corporation.com\/en\/wp-json\/wp\/v2\/product_brand?post=6416"},{"taxonomy":"product_cat","embeddable":true,"href":"https:\/\/exclusive-corporation.com\/en\/wp-json\/wp\/v2\/product_cat?post=6416"},{"taxonomy":"product_tag","embeddable":true,"href":"https:\/\/exclusive-corporation.com\/en\/wp-json\/wp\/v2\/product_tag?post=6416"}],"curies":[{"name":"wp","href":"https:\/\/api.w.org\/{rel}","templated":true}]}}