{"id":6370,"date":"2025-10-10T17:45:03","date_gmt":"2025-10-10T17:45:03","guid":{"rendered":"https:\/\/exclusive-corporation.com\/?post_type=product&#038;p=6370"},"modified":"2025-10-13T14:44:22","modified_gmt":"2025-10-13T14:44:22","slug":"trombocen-rivaroxaban-film-tab-30-x-10-mg","status":"publish","type":"product","link":"https:\/\/exclusive-corporation.com\/en\/product\/trombocen-rivaroxaban-film-tab-30-x-10-mg\/","title":{"rendered":"TROMBOCEN (Rivaroxaban) Film tab 30 x 10 mg"},"content":{"rendered":"","protected":false},"excerpt":{"rendered":"<p data-start=\"0\" data-end=\"52\"><strong data-start=\"0\" data-end=\"50\">TROMBOCEN (Rivaroxaban) 15 mg, 30 tableta film<\/strong><\/p>\n<p data-start=\"54\" data-end=\"289\">Trombocen p\u00ebrmban <strong data-start=\"72\" data-end=\"87\">Rivaroxaban<\/strong>, nj\u00eb <strong data-start=\"93\" data-end=\"115\">antikoagulant oral<\/strong> q\u00eb ndihmon n\u00eb <strong data-start=\"130\" data-end=\"181\">parandalimin dhe trajtimin e mpiksjes s\u00eb gjakut<\/strong> (tromboz\u00ebs). Ai vepron duke <strong data-start=\"210\" data-end=\"234\">bllokuar faktorin Xa<\/strong>, nj\u00eb protein\u00eb ky\u00e7e n\u00eb procesin e mpiksjes s\u00eb gjakut.<\/p>","protected":false},"featured_media":6293,"comment_status":"open","ping_status":"closed","template":"","meta":{"_acf_changed":false,"content-type":""},"pwb-brand":[],"product_brand":[],"product_cat":[99,129],"product_tag":[],"class_list":{"0":"post-6370","1":"product","2":"type-product","3":"status-publish","4":"has-post-thumbnail","6":"product_cat-hemofarm","7":"product_cat-hepatologji","9":"first","10":"instock","11":"shipping-taxable","12":"purchasable","13":"product-type-simple"},"acf":[],"brands":[],"_links":{"self":[{"href":"https:\/\/exclusive-corporation.com\/en\/wp-json\/wp\/v2\/product\/6370","targetHints":{"allow":["GET"]}}],"collection":[{"href":"https:\/\/exclusive-corporation.com\/en\/wp-json\/wp\/v2\/product"}],"about":[{"href":"https:\/\/exclusive-corporation.com\/en\/wp-json\/wp\/v2\/types\/product"}],"replies":[{"embeddable":true,"href":"https:\/\/exclusive-corporation.com\/en\/wp-json\/wp\/v2\/comments?post=6370"}],"wp:featuredmedia":[{"embeddable":true,"href":"https:\/\/exclusive-corporation.com\/en\/wp-json\/wp\/v2\/media\/6293"}],"wp:attachment":[{"href":"https:\/\/exclusive-corporation.com\/en\/wp-json\/wp\/v2\/media?parent=6370"}],"wp:term":[{"taxonomy":"pwb-brand","embeddable":true,"href":"https:\/\/exclusive-corporation.com\/en\/wp-json\/wp\/v2\/pwb-brand?post=6370"},{"taxonomy":"product_brand","embeddable":true,"href":"https:\/\/exclusive-corporation.com\/en\/wp-json\/wp\/v2\/product_brand?post=6370"},{"taxonomy":"product_cat","embeddable":true,"href":"https:\/\/exclusive-corporation.com\/en\/wp-json\/wp\/v2\/product_cat?post=6370"},{"taxonomy":"product_tag","embeddable":true,"href":"https:\/\/exclusive-corporation.com\/en\/wp-json\/wp\/v2\/product_tag?post=6370"}],"curies":[{"name":"wp","href":"https:\/\/api.w.org\/{rel}","templated":true}]}}