{"id":6368,"date":"2025-10-10T17:39:20","date_gmt":"2025-10-10T17:39:20","guid":{"rendered":"https:\/\/exclusive-corporation.com\/?post_type=product&#038;p=6368"},"modified":"2025-10-20T10:21:14","modified_gmt":"2025-10-20T10:21:14","slug":"cortiazem-retard-90mg-30-film-tabl","status":"publish","type":"product","link":"https:\/\/exclusive-corporation.com\/en\/product\/cortiazem-retard-90mg-30-film-tabl\/","title":{"rendered":"CORTIAZEM RETARD 90mg 30 film-tabl"},"content":{"rendered":"","protected":false},"excerpt":{"rendered":"<p>P\u00ebrdoret p\u00ebr trajtimin e <strong data-start=\"75\" data-end=\"107\">tensionit t\u00eb lart\u00eb t\u00eb gjakut<\/strong> dhe <strong data-start=\"112\" data-end=\"149\">\u00e7rregullimeve t\u00eb ritmit t\u00eb zemr\u00ebs<\/strong>.<\/p>","protected":false},"featured_media":6369,"comment_status":"open","ping_status":"closed","template":"","meta":{"_acf_changed":false,"content-type":""},"pwb-brand":[],"product_brand":[],"product_cat":[99,118],"product_tag":[],"class_list":{"0":"post-6368","1":"product","2":"type-product","3":"status-publish","4":"has-post-thumbnail","6":"product_cat-hemofarm","7":"product_cat-kardiologji","9":"first","10":"instock","11":"shipping-taxable","12":"purchasable","13":"product-type-simple"},"acf":[],"brands":[],"_links":{"self":[{"href":"https:\/\/exclusive-corporation.com\/en\/wp-json\/wp\/v2\/product\/6368","targetHints":{"allow":["GET"]}}],"collection":[{"href":"https:\/\/exclusive-corporation.com\/en\/wp-json\/wp\/v2\/product"}],"about":[{"href":"https:\/\/exclusive-corporation.com\/en\/wp-json\/wp\/v2\/types\/product"}],"replies":[{"embeddable":true,"href":"https:\/\/exclusive-corporation.com\/en\/wp-json\/wp\/v2\/comments?post=6368"}],"wp:featuredmedia":[{"embeddable":true,"href":"https:\/\/exclusive-corporation.com\/en\/wp-json\/wp\/v2\/media\/6369"}],"wp:attachment":[{"href":"https:\/\/exclusive-corporation.com\/en\/wp-json\/wp\/v2\/media?parent=6368"}],"wp:term":[{"taxonomy":"pwb-brand","embeddable":true,"href":"https:\/\/exclusive-corporation.com\/en\/wp-json\/wp\/v2\/pwb-brand?post=6368"},{"taxonomy":"product_brand","embeddable":true,"href":"https:\/\/exclusive-corporation.com\/en\/wp-json\/wp\/v2\/product_brand?post=6368"},{"taxonomy":"product_cat","embeddable":true,"href":"https:\/\/exclusive-corporation.com\/en\/wp-json\/wp\/v2\/product_cat?post=6368"},{"taxonomy":"product_tag","embeddable":true,"href":"https:\/\/exclusive-corporation.com\/en\/wp-json\/wp\/v2\/product_tag?post=6368"}],"curies":[{"name":"wp","href":"https:\/\/api.w.org\/{rel}","templated":true}]}}