{"id":6320,"date":"2025-10-10T14:43:15","date_gmt":"2025-10-10T14:43:15","guid":{"rendered":"https:\/\/exclusive-corporation.com\/?post_type=product&#038;p=6320"},"modified":"2025-10-13T14:12:58","modified_gmt":"2025-10-13T14:12:58","slug":"esoxx-one-20-x-10-ml","status":"publish","type":"product","link":"https:\/\/exclusive-corporation.com\/en\/product\/esoxx-one-20-x-10-ml\/","title":{"rendered":"ESOXX ONE 20 x 10 ML"},"content":{"rendered":"","protected":false},"excerpt":{"rendered":"<p data-start=\"0\" data-end=\"26\"><strong data-start=\"0\" data-end=\"24\">ESOXX ONE 20 x 10 ml<\/strong><\/p>\n<p data-start=\"28\" data-end=\"182\">ESOXX ONE \u00ebsht\u00eb nj\u00eb <strong data-start=\"48\" data-end=\"69\">pajisje mjek\u00ebsore<\/strong> e krijuar p\u00ebr t\u00eb <strong data-start=\"87\" data-end=\"158\">leht\u00ebsuar simptomat e s\u00ebmundjes s\u00eb refluksit gastroezofageal (GERD)<\/strong>, t\u00eb cilat shfaqen si:<\/p>\n<ul data-start=\"183\" data-end=\"360\">\n<li data-start=\"183\" data-end=\"205\">\n<p data-start=\"185\" data-end=\"205\">dhimbje n\u00eb stomak,<\/p>\n<\/li>\n<li data-start=\"206\" data-end=\"233\">\n<p data-start=\"208\" data-end=\"233\">urth (djegie n\u00eb gjoks),<\/p>\n<\/li>\n<li data-start=\"234\" data-end=\"294\">\n<p data-start=\"236\" data-end=\"294\">refluks acid (rikthim i l\u00ebngjeve t\u00eb stomakut n\u00eb ezofag),<\/p>\n<\/li>\n<li data-start=\"295\" data-end=\"360\">\n<p data-start=\"297\" data-end=\"360\">ndonj\u00ebher\u00eb edhe <strong data-start=\"313\" data-end=\"322\">koll\u00eb<\/strong> ose <strong data-start=\"327\" data-end=\"357\">ndryshim i z\u00ebrit (disfoni)<\/strong>.<\/p>\n<\/li>\n<\/ul>","protected":false},"featured_media":6321,"comment_status":"open","ping_status":"closed","template":"","meta":{"_acf_changed":false,"content-type":""},"pwb-brand":[],"product_brand":[],"product_cat":[127,97],"product_tag":[],"class_list":{"0":"post-6320","1":"product","2":"type-product","3":"status-publish","4":"has-post-thumbnail","6":"product_cat-gastroentrologji","7":"product_cat-goodwill","9":"first","10":"instock","11":"shipping-taxable","12":"purchasable","13":"product-type-simple"},"acf":[],"brands":[],"_links":{"self":[{"href":"https:\/\/exclusive-corporation.com\/en\/wp-json\/wp\/v2\/product\/6320","targetHints":{"allow":["GET"]}}],"collection":[{"href":"https:\/\/exclusive-corporation.com\/en\/wp-json\/wp\/v2\/product"}],"about":[{"href":"https:\/\/exclusive-corporation.com\/en\/wp-json\/wp\/v2\/types\/product"}],"replies":[{"embeddable":true,"href":"https:\/\/exclusive-corporation.com\/en\/wp-json\/wp\/v2\/comments?post=6320"}],"wp:featuredmedia":[{"embeddable":true,"href":"https:\/\/exclusive-corporation.com\/en\/wp-json\/wp\/v2\/media\/6321"}],"wp:attachment":[{"href":"https:\/\/exclusive-corporation.com\/en\/wp-json\/wp\/v2\/media?parent=6320"}],"wp:term":[{"taxonomy":"pwb-brand","embeddable":true,"href":"https:\/\/exclusive-corporation.com\/en\/wp-json\/wp\/v2\/pwb-brand?post=6320"},{"taxonomy":"product_brand","embeddable":true,"href":"https:\/\/exclusive-corporation.com\/en\/wp-json\/wp\/v2\/product_brand?post=6320"},{"taxonomy":"product_cat","embeddable":true,"href":"https:\/\/exclusive-corporation.com\/en\/wp-json\/wp\/v2\/product_cat?post=6320"},{"taxonomy":"product_tag","embeddable":true,"href":"https:\/\/exclusive-corporation.com\/en\/wp-json\/wp\/v2\/product_tag?post=6320"}],"curies":[{"name":"wp","href":"https:\/\/api.w.org\/{rel}","templated":true}]}}