{"id":6318,"date":"2025-10-10T14:39:00","date_gmt":"2025-10-10T14:39:00","guid":{"rendered":"https:\/\/exclusive-corporation.com\/?post_type=product&#038;p=6318"},"modified":"2025-10-13T14:39:37","modified_gmt":"2025-10-13T14:39:37","slug":"pepticaid-40-mg","status":"publish","type":"product","link":"https:\/\/exclusive-corporation.com\/en\/product\/pepticaid-40-mg\/","title":{"rendered":"Pepticaid 40 mg"},"content":{"rendered":"<p>\u02d8\u00bf\u00bb<\/p>","protected":false},"excerpt":{"rendered":"<p>PEPTAID \u00ebsht\u00eb nj\u00eb <strong data-start=\"119\" data-end=\"168\">ila\u00e7 q\u00eb zvog\u00eblon prodhimin e acidit n\u00eb stomak<\/strong>. B\u00ebn pjes\u00eb n\u00eb grupin e <strong data-start=\"192\" data-end=\"238\">bllokuesve t\u00eb receptor\u00ebve H2 t\u00eb histamin\u00ebs<\/strong>, duke ndihmuar n\u00eb qet\u00ebsimin e urthit dhe sh\u00ebrimin e ul\u00e7erave.PEPTAID 40 mg<\/p>","protected":false},"featured_media":6319,"comment_status":"open","ping_status":"closed","template":"","meta":{"_acf_changed":false,"content-type":""},"pwb-brand":[],"product_brand":[],"product_cat":[127,99],"product_tag":[],"class_list":{"0":"post-6318","1":"product","2":"type-product","3":"status-publish","4":"has-post-thumbnail","6":"product_cat-gastroentrologji","7":"product_cat-hemofarm","9":"first","10":"instock","11":"shipping-taxable","12":"purchasable","13":"product-type-simple"},"acf":[],"brands":[],"_links":{"self":[{"href":"https:\/\/exclusive-corporation.com\/en\/wp-json\/wp\/v2\/product\/6318","targetHints":{"allow":["GET"]}}],"collection":[{"href":"https:\/\/exclusive-corporation.com\/en\/wp-json\/wp\/v2\/product"}],"about":[{"href":"https:\/\/exclusive-corporation.com\/en\/wp-json\/wp\/v2\/types\/product"}],"replies":[{"embeddable":true,"href":"https:\/\/exclusive-corporation.com\/en\/wp-json\/wp\/v2\/comments?post=6318"}],"wp:featuredmedia":[{"embeddable":true,"href":"https:\/\/exclusive-corporation.com\/en\/wp-json\/wp\/v2\/media\/6319"}],"wp:attachment":[{"href":"https:\/\/exclusive-corporation.com\/en\/wp-json\/wp\/v2\/media?parent=6318"}],"wp:term":[{"taxonomy":"pwb-brand","embeddable":true,"href":"https:\/\/exclusive-corporation.com\/en\/wp-json\/wp\/v2\/pwb-brand?post=6318"},{"taxonomy":"product_brand","embeddable":true,"href":"https:\/\/exclusive-corporation.com\/en\/wp-json\/wp\/v2\/product_brand?post=6318"},{"taxonomy":"product_cat","embeddable":true,"href":"https:\/\/exclusive-corporation.com\/en\/wp-json\/wp\/v2\/product_cat?post=6318"},{"taxonomy":"product_tag","embeddable":true,"href":"https:\/\/exclusive-corporation.com\/en\/wp-json\/wp\/v2\/product_tag?post=6318"}],"curies":[{"name":"wp","href":"https:\/\/api.w.org\/{rel}","templated":true}]}}