{"id":6310,"date":"2025-10-10T14:14:51","date_gmt":"2025-10-10T14:14:51","guid":{"rendered":"https:\/\/exclusive-corporation.com\/?post_type=product&#038;p=6310"},"modified":"2025-10-13T14:50:58","modified_gmt":"2025-10-13T14:50:58","slug":"alfoxan-caps-20-x-250-mg","status":"publish","type":"product","link":"https:\/\/exclusive-corporation.com\/en\/product\/alfoxan-caps-20-x-250-mg\/","title":{"rendered":"ALFOXAN CAPS 20 x 250 mg"},"content":{"rendered":"","protected":false},"excerpt":{"rendered":"<p>Alfoxan \u00ebsht\u00eb nj\u00eb <strong data-start=\"145\" data-end=\"179\">antibiotik me spekt\u00ebr t\u00eb gjer\u00eb<\/strong> nga grupi i <strong data-start=\"192\" data-end=\"208\">penicilinave<\/strong>. P\u00ebrdoret p\u00ebr trajtimin e infeksioneve bakteriale t\u00eb shkaktuara nga mikroorganizma t\u00eb ndjesh\u00ebm ndaj amoksicilin\u00ebs.<\/p>","protected":false},"featured_media":6311,"comment_status":"open","ping_status":"closed","template":"","meta":{"_acf_changed":false,"content-type":""},"pwb-brand":[],"product_brand":[],"product_cat":[99,128],"product_tag":[],"class_list":{"0":"post-6310","1":"product","2":"type-product","3":"status-publish","4":"has-post-thumbnail","6":"product_cat-hemofarm","7":"product_cat-ortopedi-reumatologji","9":"first","10":"instock","11":"shipping-taxable","12":"purchasable","13":"product-type-simple"},"acf":[],"brands":[],"_links":{"self":[{"href":"https:\/\/exclusive-corporation.com\/en\/wp-json\/wp\/v2\/product\/6310","targetHints":{"allow":["GET"]}}],"collection":[{"href":"https:\/\/exclusive-corporation.com\/en\/wp-json\/wp\/v2\/product"}],"about":[{"href":"https:\/\/exclusive-corporation.com\/en\/wp-json\/wp\/v2\/types\/product"}],"replies":[{"embeddable":true,"href":"https:\/\/exclusive-corporation.com\/en\/wp-json\/wp\/v2\/comments?post=6310"}],"wp:featuredmedia":[{"embeddable":true,"href":"https:\/\/exclusive-corporation.com\/en\/wp-json\/wp\/v2\/media\/6311"}],"wp:attachment":[{"href":"https:\/\/exclusive-corporation.com\/en\/wp-json\/wp\/v2\/media?parent=6310"}],"wp:term":[{"taxonomy":"pwb-brand","embeddable":true,"href":"https:\/\/exclusive-corporation.com\/en\/wp-json\/wp\/v2\/pwb-brand?post=6310"},{"taxonomy":"product_brand","embeddable":true,"href":"https:\/\/exclusive-corporation.com\/en\/wp-json\/wp\/v2\/product_brand?post=6310"},{"taxonomy":"product_cat","embeddable":true,"href":"https:\/\/exclusive-corporation.com\/en\/wp-json\/wp\/v2\/product_cat?post=6310"},{"taxonomy":"product_tag","embeddable":true,"href":"https:\/\/exclusive-corporation.com\/en\/wp-json\/wp\/v2\/product_tag?post=6310"}],"curies":[{"name":"wp","href":"https:\/\/api.w.org\/{rel}","templated":true}]}}