{"id":6308,"date":"2025-10-10T14:01:38","date_gmt":"2025-10-10T14:01:38","guid":{"rendered":"https:\/\/exclusive-corporation.com\/?post_type=product&#038;p=6308"},"modified":"2025-10-13T14:43:29","modified_gmt":"2025-10-13T14:43:29","slug":"snup-0-05sprej-per-hund-10-ml-2","status":"publish","type":"product","link":"https:\/\/exclusive-corporation.com\/en\/product\/snup-0-05sprej-per-hund-10-ml-2\/","title":{"rendered":"SNUP 0.05%,SPREJ PER HUND 10 ml"},"content":{"rendered":"","protected":false},"excerpt":{"rendered":"<p data-start=\"129\" data-end=\"180\">P\u00ebrb\u00ebr\u00ebsi aktiv: Xylometazoline hydrochloride<\/p>\n<p data-start=\"211\" data-end=\"301\">SNUP \u00ebsht\u00eb sprej nazal q\u00eb ndihmon n\u00eb <strong data-start=\"248\" data-end=\"281\">zbutjen e bllokimit t\u00eb hund\u00ebs<\/strong> t\u00eb shkaktuar nga:<\/p>\n<p data-start=\"304\" data-end=\"325\"><strong>Ftohjet e zakonshme<\/strong><br \/>\n<strong>Sinusiteti<\/strong><br \/>\n<strong>Riniti alergjik (alergjit\u00eb sezonale)<\/strong><\/p>\n<p data-start=\"383\" data-end=\"516\">Ky sprej vepron duke <strong data-start=\"404\" data-end=\"451\">ngushtuar en\u00ebt e gjakut n\u00eb mukoz\u00ebn e hund\u00ebs<\/strong>, gj\u00eb q\u00eb zvog\u00eblon fryrjen dhe ndihmon n\u00eb frym\u00ebmarrje m\u00eb t\u00eb leht\u00eb.<\/p>","protected":false},"featured_media":6309,"comment_status":"open","ping_status":"closed","template":"","meta":{"_acf_changed":false,"content-type":""},"pwb-brand":[],"product_brand":[],"product_cat":[99,141],"product_tag":[],"class_list":{"0":"post-6308","1":"product","2":"type-product","3":"status-publish","4":"has-post-thumbnail","6":"product_cat-hemofarm","7":"product_cat-otorinolaringologji","9":"first","10":"instock","11":"shipping-taxable","12":"purchasable","13":"product-type-simple"},"acf":[],"brands":[],"_links":{"self":[{"href":"https:\/\/exclusive-corporation.com\/en\/wp-json\/wp\/v2\/product\/6308","targetHints":{"allow":["GET"]}}],"collection":[{"href":"https:\/\/exclusive-corporation.com\/en\/wp-json\/wp\/v2\/product"}],"about":[{"href":"https:\/\/exclusive-corporation.com\/en\/wp-json\/wp\/v2\/types\/product"}],"replies":[{"embeddable":true,"href":"https:\/\/exclusive-corporation.com\/en\/wp-json\/wp\/v2\/comments?post=6308"}],"wp:featuredmedia":[{"embeddable":true,"href":"https:\/\/exclusive-corporation.com\/en\/wp-json\/wp\/v2\/media\/6309"}],"wp:attachment":[{"href":"https:\/\/exclusive-corporation.com\/en\/wp-json\/wp\/v2\/media?parent=6308"}],"wp:term":[{"taxonomy":"pwb-brand","embeddable":true,"href":"https:\/\/exclusive-corporation.com\/en\/wp-json\/wp\/v2\/pwb-brand?post=6308"},{"taxonomy":"product_brand","embeddable":true,"href":"https:\/\/exclusive-corporation.com\/en\/wp-json\/wp\/v2\/product_brand?post=6308"},{"taxonomy":"product_cat","embeddable":true,"href":"https:\/\/exclusive-corporation.com\/en\/wp-json\/wp\/v2\/product_cat?post=6308"},{"taxonomy":"product_tag","embeddable":true,"href":"https:\/\/exclusive-corporation.com\/en\/wp-json\/wp\/v2\/product_tag?post=6308"}],"curies":[{"name":"wp","href":"https:\/\/api.w.org\/{rel}","templated":true}]}}