{"id":6307,"date":"2025-10-10T13:59:03","date_gmt":"2025-10-10T13:59:03","guid":{"rendered":"https:\/\/exclusive-corporation.com\/?post_type=product&#038;p=6307"},"modified":"2025-10-13T14:31:55","modified_gmt":"2025-10-13T14:31:55","slug":"irbenida-film-tbl-30-x-300-mg-2","status":"publish","type":"product","link":"https:\/\/exclusive-corporation.com\/en\/product\/irbenida-film-tbl-30-x-300-mg-2\/","title":{"rendered":"IRBENIDA FILM TBL 30 x 300 mg"},"content":{"rendered":"","protected":false},"excerpt":{"rendered":"<p>Irbenida p\u00ebrmban Irbesartan, nj\u00eb ila\u00e7 q\u00eb i p\u00ebrket grupit t\u00eb barnave t\u00eb quajtur antagonist\u00eb t\u00eb receptor\u00ebve t\u00eb angiotenzin\u00ebs II.<br data-start=\"259\" data-end=\"262\" \/>Ky ila\u00e7 ndihmon n\u00eb uljen e tensionit t\u00eb lart\u00eb t\u00eb gjakut (hipertensionit) dhe mbron veshkat tek pacient\u00ebt me diabet t\u00eb tipit 2 q\u00eb kan\u00eb d\u00ebmtim t\u00eb tyre.<\/p>","protected":false},"featured_media":6306,"comment_status":"open","ping_status":"closed","template":"","meta":{"_acf_changed":false,"content-type":""},"pwb-brand":[],"product_brand":[],"product_cat":[99,118],"product_tag":[],"class_list":{"0":"post-6307","1":"product","2":"type-product","3":"status-publish","4":"has-post-thumbnail","6":"product_cat-hemofarm","7":"product_cat-kardiologji","9":"first","10":"instock","11":"shipping-taxable","12":"purchasable","13":"product-type-simple"},"acf":[],"brands":[],"_links":{"self":[{"href":"https:\/\/exclusive-corporation.com\/en\/wp-json\/wp\/v2\/product\/6307","targetHints":{"allow":["GET"]}}],"collection":[{"href":"https:\/\/exclusive-corporation.com\/en\/wp-json\/wp\/v2\/product"}],"about":[{"href":"https:\/\/exclusive-corporation.com\/en\/wp-json\/wp\/v2\/types\/product"}],"replies":[{"embeddable":true,"href":"https:\/\/exclusive-corporation.com\/en\/wp-json\/wp\/v2\/comments?post=6307"}],"wp:featuredmedia":[{"embeddable":true,"href":"https:\/\/exclusive-corporation.com\/en\/wp-json\/wp\/v2\/media\/6306"}],"wp:attachment":[{"href":"https:\/\/exclusive-corporation.com\/en\/wp-json\/wp\/v2\/media?parent=6307"}],"wp:term":[{"taxonomy":"pwb-brand","embeddable":true,"href":"https:\/\/exclusive-corporation.com\/en\/wp-json\/wp\/v2\/pwb-brand?post=6307"},{"taxonomy":"product_brand","embeddable":true,"href":"https:\/\/exclusive-corporation.com\/en\/wp-json\/wp\/v2\/product_brand?post=6307"},{"taxonomy":"product_cat","embeddable":true,"href":"https:\/\/exclusive-corporation.com\/en\/wp-json\/wp\/v2\/product_cat?post=6307"},{"taxonomy":"product_tag","embeddable":true,"href":"https:\/\/exclusive-corporation.com\/en\/wp-json\/wp\/v2\/product_tag?post=6307"}],"curies":[{"name":"wp","href":"https:\/\/api.w.org\/{rel}","templated":true}]}}