{"id":6288,"date":"2025-10-10T09:07:44","date_gmt":"2025-10-10T09:07:44","guid":{"rendered":"https:\/\/exclusive-corporation.com\/?post_type=product&#038;p=6288"},"modified":"2025-10-13T14:53:47","modified_gmt":"2025-10-13T14:53:47","slug":"clomifene-tab-50-mg-x-10","status":"publish","type":"product","link":"https:\/\/exclusive-corporation.com\/en\/product\/clomifene-tab-50-mg-x-10\/","title":{"rendered":"CLOMIFENE tab 50 mg x 10"},"content":{"rendered":"","protected":false},"excerpt":{"rendered":"<p>Clomifene \u00ebsht\u00eb nj\u00eb ila\u00e7 q\u00eb p\u00ebrdoret kryesisht p\u00ebr <strong data-start=\"87\" data-end=\"127\">trajtimin e infertilitetit tek grat\u00eb<\/strong>. Ai vepron duke <strong data-start=\"144\" data-end=\"168\">stimulur ovulacionin<\/strong> (lirimin e vez\u00ebs nga vezoret), tek grat\u00eb q\u00eb nuk ovulojn\u00eb rregullisht ose kan\u00eb \u00e7rregullime hormonale.<\/p>","protected":false},"featured_media":6289,"comment_status":"open","ping_status":"closed","template":"","meta":{"_acf_changed":false,"content-type":""},"pwb-brand":[],"product_brand":[],"product_cat":[138,114],"product_tag":[],"class_list":{"0":"post-6288","1":"product","2":"type-product","3":"status-publish","4":"has-post-thumbnail","6":"product_cat-gjinekologji","7":"product_cat-remedica","9":"first","10":"instock","11":"shipping-taxable","12":"purchasable","13":"product-type-simple"},"acf":[],"brands":[],"_links":{"self":[{"href":"https:\/\/exclusive-corporation.com\/en\/wp-json\/wp\/v2\/product\/6288","targetHints":{"allow":["GET"]}}],"collection":[{"href":"https:\/\/exclusive-corporation.com\/en\/wp-json\/wp\/v2\/product"}],"about":[{"href":"https:\/\/exclusive-corporation.com\/en\/wp-json\/wp\/v2\/types\/product"}],"replies":[{"embeddable":true,"href":"https:\/\/exclusive-corporation.com\/en\/wp-json\/wp\/v2\/comments?post=6288"}],"wp:featuredmedia":[{"embeddable":true,"href":"https:\/\/exclusive-corporation.com\/en\/wp-json\/wp\/v2\/media\/6289"}],"wp:attachment":[{"href":"https:\/\/exclusive-corporation.com\/en\/wp-json\/wp\/v2\/media?parent=6288"}],"wp:term":[{"taxonomy":"pwb-brand","embeddable":true,"href":"https:\/\/exclusive-corporation.com\/en\/wp-json\/wp\/v2\/pwb-brand?post=6288"},{"taxonomy":"product_brand","embeddable":true,"href":"https:\/\/exclusive-corporation.com\/en\/wp-json\/wp\/v2\/product_brand?post=6288"},{"taxonomy":"product_cat","embeddable":true,"href":"https:\/\/exclusive-corporation.com\/en\/wp-json\/wp\/v2\/product_cat?post=6288"},{"taxonomy":"product_tag","embeddable":true,"href":"https:\/\/exclusive-corporation.com\/en\/wp-json\/wp\/v2\/product_tag?post=6288"}],"curies":[{"name":"wp","href":"https:\/\/api.w.org\/{rel}","templated":true}]}}