{"id":6286,"date":"2025-10-10T08:59:14","date_gmt":"2025-10-10T08:59:14","guid":{"rendered":"https:\/\/exclusive-corporation.com\/?post_type=product&#038;p=6286"},"modified":"2025-10-13T12:12:32","modified_gmt":"2025-10-13T12:12:32","slug":"lea-anti-freckles-kreme-spf-15","status":"publish","type":"product","link":"https:\/\/exclusive-corporation.com\/en\/product\/lea-anti-freckles-kreme-spf-15\/","title":{"rendered":"LEA Anti Freckles krem\u00eb SPF 15"},"content":{"rendered":"","protected":false},"excerpt":{"rendered":"<p>Krem korrektues kund\u00ebr njollave t\u00eb err\u00ebta, q\u00eb ndihmon n\u00eb reduktimin e njollave t\u00eb pigmentit dhe mbron l\u00ebkur\u00ebn me SPF 15.<\/p>","protected":false},"featured_media":6287,"comment_status":"open","ping_status":"closed","template":"","meta":{"_acf_changed":false,"content-type":""},"pwb-brand":[],"product_brand":[],"product_cat":[96,136],"product_tag":[],"class_list":{"0":"post-6286","1":"product","2":"type-product","3":"status-publish","4":"has-post-thumbnail","6":"product_cat-fitofarm","7":"product_cat-kozmetike","9":"first","10":"instock","11":"shipping-taxable","12":"product-type-simple"},"acf":[],"brands":[],"_links":{"self":[{"href":"https:\/\/exclusive-corporation.com\/en\/wp-json\/wp\/v2\/product\/6286","targetHints":{"allow":["GET"]}}],"collection":[{"href":"https:\/\/exclusive-corporation.com\/en\/wp-json\/wp\/v2\/product"}],"about":[{"href":"https:\/\/exclusive-corporation.com\/en\/wp-json\/wp\/v2\/types\/product"}],"replies":[{"embeddable":true,"href":"https:\/\/exclusive-corporation.com\/en\/wp-json\/wp\/v2\/comments?post=6286"}],"wp:featuredmedia":[{"embeddable":true,"href":"https:\/\/exclusive-corporation.com\/en\/wp-json\/wp\/v2\/media\/6287"}],"wp:attachment":[{"href":"https:\/\/exclusive-corporation.com\/en\/wp-json\/wp\/v2\/media?parent=6286"}],"wp:term":[{"taxonomy":"pwb-brand","embeddable":true,"href":"https:\/\/exclusive-corporation.com\/en\/wp-json\/wp\/v2\/pwb-brand?post=6286"},{"taxonomy":"product_brand","embeddable":true,"href":"https:\/\/exclusive-corporation.com\/en\/wp-json\/wp\/v2\/product_brand?post=6286"},{"taxonomy":"product_cat","embeddable":true,"href":"https:\/\/exclusive-corporation.com\/en\/wp-json\/wp\/v2\/product_cat?post=6286"},{"taxonomy":"product_tag","embeddable":true,"href":"https:\/\/exclusive-corporation.com\/en\/wp-json\/wp\/v2\/product_tag?post=6286"}],"curies":[{"name":"wp","href":"https:\/\/api.w.org\/{rel}","templated":true}]}}