{"id":6278,"date":"2025-10-09T14:38:13","date_gmt":"2025-10-09T14:38:13","guid":{"rendered":"https:\/\/exclusive-corporation.com\/?post_type=product&#038;p=6278"},"modified":"2025-10-13T13:53:16","modified_gmt":"2025-10-13T13:53:16","slug":"propomax-sprej-forte","status":"publish","type":"product","link":"https:\/\/exclusive-corporation.com\/en\/product\/propomax-sprej-forte\/","title":{"rendered":"PROPOMAX SPREJ FORTE"},"content":{"rendered":"","protected":false},"excerpt":{"rendered":"<p><strong data-start=\"0\" data-end=\"24\">Propomax Spray Forte<\/strong> \u00ebsht\u00eb nj\u00eb produkt natyral (plot\u00ebsues ushqimor\/spray fyt) q\u00eb p\u00ebrmban <strong data-start=\"93\" data-end=\"105\">propolis<\/strong>, mjalt\u00eb, ekstrakte bimore dhe vajra esenciale, dhe p\u00ebrdoret p\u00ebr t\u00eb leht\u00ebsuar acarimet e fytit dhe p\u00ebr t\u00eb sjell\u00eb komoditetin e traktit respirator.<\/p>","protected":false},"featured_media":6280,"comment_status":"open","ping_status":"closed","template":"","meta":{"_acf_changed":false,"content-type":""},"pwb-brand":[],"product_brand":[],"product_cat":[96,133],"product_tag":[],"class_list":{"0":"post-6278","1":"product","2":"type-product","3":"status-publish","4":"has-post-thumbnail","6":"product_cat-fitofarm","7":"product_cat-pediatri","9":"first","10":"instock","11":"shipping-taxable","12":"product-type-simple"},"acf":[],"brands":[],"_links":{"self":[{"href":"https:\/\/exclusive-corporation.com\/en\/wp-json\/wp\/v2\/product\/6278","targetHints":{"allow":["GET"]}}],"collection":[{"href":"https:\/\/exclusive-corporation.com\/en\/wp-json\/wp\/v2\/product"}],"about":[{"href":"https:\/\/exclusive-corporation.com\/en\/wp-json\/wp\/v2\/types\/product"}],"replies":[{"embeddable":true,"href":"https:\/\/exclusive-corporation.com\/en\/wp-json\/wp\/v2\/comments?post=6278"}],"wp:featuredmedia":[{"embeddable":true,"href":"https:\/\/exclusive-corporation.com\/en\/wp-json\/wp\/v2\/media\/6280"}],"wp:attachment":[{"href":"https:\/\/exclusive-corporation.com\/en\/wp-json\/wp\/v2\/media?parent=6278"}],"wp:term":[{"taxonomy":"pwb-brand","embeddable":true,"href":"https:\/\/exclusive-corporation.com\/en\/wp-json\/wp\/v2\/pwb-brand?post=6278"},{"taxonomy":"product_brand","embeddable":true,"href":"https:\/\/exclusive-corporation.com\/en\/wp-json\/wp\/v2\/product_brand?post=6278"},{"taxonomy":"product_cat","embeddable":true,"href":"https:\/\/exclusive-corporation.com\/en\/wp-json\/wp\/v2\/product_cat?post=6278"},{"taxonomy":"product_tag","embeddable":true,"href":"https:\/\/exclusive-corporation.com\/en\/wp-json\/wp\/v2\/product_tag?post=6278"}],"curies":[{"name":"wp","href":"https:\/\/api.w.org\/{rel}","templated":true}]}}