{"id":6265,"date":"2025-10-09T13:40:51","date_gmt":"2025-10-09T13:40:51","guid":{"rendered":"https:\/\/exclusive-corporation.com\/?post_type=product&#038;p=6265"},"modified":"2025-10-13T14:53:07","modified_gmt":"2025-10-13T14:53:07","slug":"cardilor-amiodarone-tbl-30-x-200-mg","status":"publish","type":"product","link":"https:\/\/exclusive-corporation.com\/en\/product\/cardilor-amiodarone-tbl-30-x-200-mg\/","title":{"rendered":"CARDILOR (AMIODARONE) TBL 30 x 200 mg"},"content":{"rendered":"","protected":false},"excerpt":{"rendered":"<p>Tabletat <strong data-start=\"9\" data-end=\"21\">Cardilor<\/strong> p\u00ebrmbajn\u00eb <strong data-start=\"32\" data-end=\"60\">Amiodarone Hydrochloride<\/strong>, nj\u00eb medikament <strong data-start=\"77\" data-end=\"92\">antiaritmik<\/strong> q\u00eb p\u00ebrdoret p\u00ebr trajtimin dhe parandalimin e llojeve t\u00eb ndryshme t\u00eb <strong data-start=\"161\" data-end=\"198\">\u00e7rregullimeve t\u00eb ritmit t\u00eb zemr\u00ebs<\/strong>.<br data-start=\"199\" data-end=\"202\" \/>Ky ila\u00e7 \u00ebsht\u00eb ve\u00e7an\u00ebrisht efektiv n\u00eb <strong data-start=\"239\" data-end=\"297\">menaxhimin e aritmive ventrikulare q\u00eb rrezikojn\u00eb jet\u00ebn<\/strong> dhe n\u00eb <strong data-start=\"305\" data-end=\"343\">ruajtjen e ritmit normal t\u00eb zemr\u00ebs<\/strong> tek pacient\u00ebt me <strong data-start=\"361\" data-end=\"392\">fibrilim ose flutter atrial<\/strong>.<\/p>","protected":false},"featured_media":6266,"comment_status":"open","ping_status":"closed","template":"","meta":{"_acf_changed":false,"content-type":""},"pwb-brand":[],"product_brand":[],"product_cat":[118,114],"product_tag":[],"class_list":{"0":"post-6265","1":"product","2":"type-product","3":"status-publish","4":"has-post-thumbnail","6":"product_cat-kardiologji","7":"product_cat-remedica","9":"first","10":"instock","11":"shipping-taxable","12":"purchasable","13":"product-type-simple"},"acf":[],"brands":[],"_links":{"self":[{"href":"https:\/\/exclusive-corporation.com\/en\/wp-json\/wp\/v2\/product\/6265","targetHints":{"allow":["GET"]}}],"collection":[{"href":"https:\/\/exclusive-corporation.com\/en\/wp-json\/wp\/v2\/product"}],"about":[{"href":"https:\/\/exclusive-corporation.com\/en\/wp-json\/wp\/v2\/types\/product"}],"replies":[{"embeddable":true,"href":"https:\/\/exclusive-corporation.com\/en\/wp-json\/wp\/v2\/comments?post=6265"}],"wp:featuredmedia":[{"embeddable":true,"href":"https:\/\/exclusive-corporation.com\/en\/wp-json\/wp\/v2\/media\/6266"}],"wp:attachment":[{"href":"https:\/\/exclusive-corporation.com\/en\/wp-json\/wp\/v2\/media?parent=6265"}],"wp:term":[{"taxonomy":"pwb-brand","embeddable":true,"href":"https:\/\/exclusive-corporation.com\/en\/wp-json\/wp\/v2\/pwb-brand?post=6265"},{"taxonomy":"product_brand","embeddable":true,"href":"https:\/\/exclusive-corporation.com\/en\/wp-json\/wp\/v2\/product_brand?post=6265"},{"taxonomy":"product_cat","embeddable":true,"href":"https:\/\/exclusive-corporation.com\/en\/wp-json\/wp\/v2\/product_cat?post=6265"},{"taxonomy":"product_tag","embeddable":true,"href":"https:\/\/exclusive-corporation.com\/en\/wp-json\/wp\/v2\/product_tag?post=6265"}],"curies":[{"name":"wp","href":"https:\/\/api.w.org\/{rel}","templated":true}]}}