{"id":6223,"date":"2025-09-26T12:01:50","date_gmt":"2025-09-26T12:01:50","guid":{"rendered":"https:\/\/exclusive-corporation.com\/?post_type=product&#038;p=6223"},"modified":"2025-10-13T14:02:18","modified_gmt":"2025-10-13T14:02:18","slug":"vaj-ulliri-olive-oil","status":"publish","type":"product","link":"https:\/\/exclusive-corporation.com\/en\/product\/vaj-ulliri-olive-oil\/","title":{"rendered":"VAJ ULLIRI (OLIVE OIL)"},"content":{"rendered":"","protected":false},"excerpt":{"rendered":"<p data-start=\"0\" data-end=\"86\">P\u00ebrb\u00ebrja:<br data-start=\"9\" data-end=\"12\" \/>Vaji i ullirit merret nga shtrydhja e frutave t\u00eb ullirit (Olea europea).<\/p>\n<p data-start=\"88\" data-end=\"488\" data-is-last-node=\"\" data-is-only-node=\"\">Directions for use:<br data-start=\"98\" data-end=\"101\" \/>Vaji i ullirit ushqen l\u00ebkur\u00ebn, flok\u00ebt dhe thonjt\u00eb. Rekomandohet p\u00ebr hidratimin e l\u00ebkur\u00ebs s\u00eb that\u00eb, p\u00ebr mbrojtjen e l\u00ebkur\u00ebs nga drita e d\u00ebmshme e diellit dhe p\u00ebr qet\u00ebsimin e l\u00ebkur\u00ebs s\u00eb djegur dhe t\u00eb d\u00ebmtuar nga dielli. Aplikohet n\u00eb nj\u00eb shtres\u00eb t\u00eb holl\u00eb mbi l\u00ebkur\u00ebn e d\u00ebmtuar. Gjithashtu rekomandohet p\u00ebr trajtimin e thonjve t\u00eb brisht\u00eb dhe p\u00ebr ushqyerjen e flok\u00ebve t\u00eb that\u00eb dhe t\u00eb d\u00ebmtuar.<\/p>","protected":false},"featured_media":6224,"comment_status":"open","ping_status":"closed","template":"","meta":{"_acf_changed":false,"content-type":""},"pwb-brand":[],"product_brand":[],"product_cat":[119,96],"product_tag":[],"class_list":{"0":"post-6223","1":"product","2":"type-product","3":"status-publish","4":"has-post-thumbnail","6":"product_cat-dermatologji","7":"product_cat-fitofarm","9":"first","10":"instock","11":"shipping-taxable","12":"purchasable","13":"product-type-simple"},"acf":[],"brands":[],"_links":{"self":[{"href":"https:\/\/exclusive-corporation.com\/en\/wp-json\/wp\/v2\/product\/6223","targetHints":{"allow":["GET"]}}],"collection":[{"href":"https:\/\/exclusive-corporation.com\/en\/wp-json\/wp\/v2\/product"}],"about":[{"href":"https:\/\/exclusive-corporation.com\/en\/wp-json\/wp\/v2\/types\/product"}],"replies":[{"embeddable":true,"href":"https:\/\/exclusive-corporation.com\/en\/wp-json\/wp\/v2\/comments?post=6223"}],"wp:featuredmedia":[{"embeddable":true,"href":"https:\/\/exclusive-corporation.com\/en\/wp-json\/wp\/v2\/media\/6224"}],"wp:attachment":[{"href":"https:\/\/exclusive-corporation.com\/en\/wp-json\/wp\/v2\/media?parent=6223"}],"wp:term":[{"taxonomy":"pwb-brand","embeddable":true,"href":"https:\/\/exclusive-corporation.com\/en\/wp-json\/wp\/v2\/pwb-brand?post=6223"},{"taxonomy":"product_brand","embeddable":true,"href":"https:\/\/exclusive-corporation.com\/en\/wp-json\/wp\/v2\/product_brand?post=6223"},{"taxonomy":"product_cat","embeddable":true,"href":"https:\/\/exclusive-corporation.com\/en\/wp-json\/wp\/v2\/product_cat?post=6223"},{"taxonomy":"product_tag","embeddable":true,"href":"https:\/\/exclusive-corporation.com\/en\/wp-json\/wp\/v2\/product_tag?post=6223"}],"curies":[{"name":"wp","href":"https:\/\/api.w.org\/{rel}","templated":true}]}}