{"id":6220,"date":"2025-09-26T11:19:08","date_gmt":"2025-09-26T11:19:08","guid":{"rendered":"https:\/\/exclusive-corporation.com\/?post_type=product&#038;p=6220"},"modified":"2025-10-13T13:54:40","modified_gmt":"2025-10-13T13:54:40","slug":"scabiens-100-ml","status":"publish","type":"product","link":"https:\/\/exclusive-corporation.com\/en\/product\/scabiens-100-ml\/","title":{"rendered":"SCABIENS 100 ml"},"content":{"rendered":"","protected":false},"excerpt":{"rendered":"<div>Emulsioni kund\u00ebr zgjebes p\u00ebr zgjeben dhe morrat \u00ebsht\u00eb nj\u00eb emulsion q\u00eb p\u00ebrdoret p\u00ebr t\u00eb trajtuar zgjeben n\u00eb l\u00ebkur\u00eb dhe morrat.<\/div>\n<div>P\u00ebrdoret nga f\u00ebmij\u00ebt dhe t\u00eb rriturit.<\/div>\n<div>Emulsioni \u00ebsht\u00eb p\u00ebr p\u00ebrdorim t\u00eb jasht\u00ebm dhe parandalon kruajtjen e l\u00ebkur\u00ebs dhe kok\u00ebs.<\/div>\n<div><\/div>","protected":false},"featured_media":6221,"comment_status":"open","ping_status":"closed","template":"","meta":{"_acf_changed":false,"content-type":""},"pwb-brand":[],"product_brand":[],"product_cat":[119,96],"product_tag":[],"class_list":{"0":"post-6220","1":"product","2":"type-product","3":"status-publish","4":"has-post-thumbnail","6":"product_cat-dermatologji","7":"product_cat-fitofarm","9":"first","10":"instock","11":"shipping-taxable","12":"purchasable","13":"product-type-simple"},"acf":[],"brands":[],"_links":{"self":[{"href":"https:\/\/exclusive-corporation.com\/en\/wp-json\/wp\/v2\/product\/6220","targetHints":{"allow":["GET"]}}],"collection":[{"href":"https:\/\/exclusive-corporation.com\/en\/wp-json\/wp\/v2\/product"}],"about":[{"href":"https:\/\/exclusive-corporation.com\/en\/wp-json\/wp\/v2\/types\/product"}],"replies":[{"embeddable":true,"href":"https:\/\/exclusive-corporation.com\/en\/wp-json\/wp\/v2\/comments?post=6220"}],"wp:featuredmedia":[{"embeddable":true,"href":"https:\/\/exclusive-corporation.com\/en\/wp-json\/wp\/v2\/media\/6221"}],"wp:attachment":[{"href":"https:\/\/exclusive-corporation.com\/en\/wp-json\/wp\/v2\/media?parent=6220"}],"wp:term":[{"taxonomy":"pwb-brand","embeddable":true,"href":"https:\/\/exclusive-corporation.com\/en\/wp-json\/wp\/v2\/pwb-brand?post=6220"},{"taxonomy":"product_brand","embeddable":true,"href":"https:\/\/exclusive-corporation.com\/en\/wp-json\/wp\/v2\/product_brand?post=6220"},{"taxonomy":"product_cat","embeddable":true,"href":"https:\/\/exclusive-corporation.com\/en\/wp-json\/wp\/v2\/product_cat?post=6220"},{"taxonomy":"product_tag","embeddable":true,"href":"https:\/\/exclusive-corporation.com\/en\/wp-json\/wp\/v2\/product_tag?post=6220"}],"curies":[{"name":"wp","href":"https:\/\/api.w.org\/{rel}","templated":true}]}}