{"id":6217,"date":"2025-09-26T09:44:04","date_gmt":"2025-09-26T09:44:04","guid":{"rendered":"https:\/\/exclusive-corporation.com\/?post_type=product&#038;p=6217"},"modified":"2025-10-13T13:51:44","modified_gmt":"2025-10-13T13:51:44","slug":"propolis-spray-kids-30-ml","status":"publish","type":"product","link":"https:\/\/exclusive-corporation.com\/en\/product\/propolis-spray-kids-30-ml\/","title":{"rendered":"PROPOLIS SPRAY KIDS 30 ml"},"content":{"rendered":"","protected":false},"excerpt":{"rendered":"<p data-start=\"0\" data-end=\"11\">P\u00ebrb\u00ebrja:<\/p>\n<p data-start=\"13\" data-end=\"74\">5% Ekstrakt propolisi n\u00eb glikol propilenik, sorbat kaliumi.<\/p>\n<p data-start=\"76\" data-end=\"88\">Directions for use:<\/p>\n<p data-start=\"90\" data-end=\"470\">Vendosni 20 pika mbi nj\u00eb kub sheqeri ose nj\u00eb lug\u00eb \u00e7aji me mjalt\u00eb, tre her\u00eb n\u00eb dit\u00eb dhe lejoni t\u00eb shkrihet ngadal\u00eb n\u00eb goj\u00eb. P\u00ebr f\u00ebmij\u00ebt deri n\u00eb mosh\u00ebn 7 vje\u00e7, vendosni 10 pika mbi nj\u00eb kub sheqeri ose nj\u00eb lug\u00eb \u00e7aji me mjalt\u00eb, tre her\u00eb n\u00eb dit\u00eb. P\u00ebr kujdesin e mishrave t\u00eb dh\u00ebmb\u00ebve, aplikoni mbi zon\u00ebn e prekur me nj\u00eb pambuk t\u00eb njomur me pika PROPOLISI p\u00ebr f\u00ebmij\u00eb, tre her\u00eb n\u00eb dit\u00eb.<\/p>\n<p data-start=\"472\" data-end=\"482\">Kujdesi:<\/p>\n<p data-start=\"484\" data-end=\"694\" data-is-last-node=\"\" data-is-only-node=\"\">Doza ditore e rekomanduar nuk duhet tejkaluar. Shtesa ushqimore nuk duhet p\u00ebrdorur si z\u00ebvend\u00ebsim i nj\u00eb ushqimi t\u00eb larmish\u00ebm. Pikat PROPOLISI nuk duhet t\u00eb p\u00ebrdoren nga personat q\u00eb jan\u00eb alergjik\u00eb ndaj propolisit.<\/p>","protected":false},"featured_media":6219,"comment_status":"open","ping_status":"closed","template":"","meta":{"_acf_changed":false,"content-type":""},"pwb-brand":[],"product_brand":[],"product_cat":[96,133],"product_tag":[],"class_list":{"0":"post-6217","1":"product","2":"type-product","3":"status-publish","4":"has-post-thumbnail","6":"product_cat-fitofarm","7":"product_cat-pediatri","9":"first","10":"instock","11":"shipping-taxable","12":"purchasable","13":"product-type-simple"},"acf":[],"brands":[],"_links":{"self":[{"href":"https:\/\/exclusive-corporation.com\/en\/wp-json\/wp\/v2\/product\/6217","targetHints":{"allow":["GET"]}}],"collection":[{"href":"https:\/\/exclusive-corporation.com\/en\/wp-json\/wp\/v2\/product"}],"about":[{"href":"https:\/\/exclusive-corporation.com\/en\/wp-json\/wp\/v2\/types\/product"}],"replies":[{"embeddable":true,"href":"https:\/\/exclusive-corporation.com\/en\/wp-json\/wp\/v2\/comments?post=6217"}],"wp:featuredmedia":[{"embeddable":true,"href":"https:\/\/exclusive-corporation.com\/en\/wp-json\/wp\/v2\/media\/6219"}],"wp:attachment":[{"href":"https:\/\/exclusive-corporation.com\/en\/wp-json\/wp\/v2\/media?parent=6217"}],"wp:term":[{"taxonomy":"pwb-brand","embeddable":true,"href":"https:\/\/exclusive-corporation.com\/en\/wp-json\/wp\/v2\/pwb-brand?post=6217"},{"taxonomy":"product_brand","embeddable":true,"href":"https:\/\/exclusive-corporation.com\/en\/wp-json\/wp\/v2\/product_brand?post=6217"},{"taxonomy":"product_cat","embeddable":true,"href":"https:\/\/exclusive-corporation.com\/en\/wp-json\/wp\/v2\/product_cat?post=6217"},{"taxonomy":"product_tag","embeddable":true,"href":"https:\/\/exclusive-corporation.com\/en\/wp-json\/wp\/v2\/product_tag?post=6217"}],"curies":[{"name":"wp","href":"https:\/\/api.w.org\/{rel}","templated":true}]}}