{"id":6215,"date":"2025-09-25T13:08:30","date_gmt":"2025-09-25T13:08:30","guid":{"rendered":"https:\/\/exclusive-corporation.com\/?post_type=product&#038;p=6215"},"modified":"2025-10-13T13:46:09","modified_gmt":"2025-10-13T13:46:09","slug":"pantemax-cream-with-panthenol","status":"publish","type":"product","link":"https:\/\/exclusive-corporation.com\/en\/product\/pantemax-cream-with-panthenol\/","title":{"rendered":"PANTEMAX\u00ae Cream with Panthenol"},"content":{"rendered":"","protected":false},"excerpt":{"rendered":"<p data-start=\"0\" data-end=\"31\">P\u00ebrb\u00ebrja:<br data-start=\"9\" data-end=\"12\" \/>Krem me Panthenol<\/p>\n<p data-start=\"33\" data-end=\"293\" data-is-last-node=\"\" data-is-only-node=\"\">Directions for use:<br data-start=\"43\" data-end=\"46\" \/>P\u00ebr mbrojtjen, kujdesin dhe rigjenerimin e l\u00ebkur\u00ebs s\u00eb ndjeshme, t\u00eb that\u00eb dhe t\u00eb d\u00ebmtuar. Panthenoli p\u00ebrmir\u00ebson hidratimin e l\u00ebkur\u00ebs, redukton kruarjen dhe p\u00ebrshpejton sh\u00ebrimin e plag\u00ebve epidermale dhe d\u00ebmtimeve t\u00eb l\u00ebkur\u00ebs t\u00eb shkaktuara nga dielli.<\/p>","protected":false},"featured_media":6216,"comment_status":"open","ping_status":"closed","template":"","meta":{"_acf_changed":false,"content-type":""},"pwb-brand":[],"product_brand":[],"product_cat":[119,96],"product_tag":[],"class_list":{"0":"post-6215","1":"product","2":"type-product","3":"status-publish","4":"has-post-thumbnail","6":"product_cat-dermatologji","7":"product_cat-fitofarm","9":"first","10":"instock","11":"shipping-taxable","12":"purchasable","13":"product-type-simple"},"acf":[],"brands":[],"_links":{"self":[{"href":"https:\/\/exclusive-corporation.com\/en\/wp-json\/wp\/v2\/product\/6215","targetHints":{"allow":["GET"]}}],"collection":[{"href":"https:\/\/exclusive-corporation.com\/en\/wp-json\/wp\/v2\/product"}],"about":[{"href":"https:\/\/exclusive-corporation.com\/en\/wp-json\/wp\/v2\/types\/product"}],"replies":[{"embeddable":true,"href":"https:\/\/exclusive-corporation.com\/en\/wp-json\/wp\/v2\/comments?post=6215"}],"wp:featuredmedia":[{"embeddable":true,"href":"https:\/\/exclusive-corporation.com\/en\/wp-json\/wp\/v2\/media\/6216"}],"wp:attachment":[{"href":"https:\/\/exclusive-corporation.com\/en\/wp-json\/wp\/v2\/media?parent=6215"}],"wp:term":[{"taxonomy":"pwb-brand","embeddable":true,"href":"https:\/\/exclusive-corporation.com\/en\/wp-json\/wp\/v2\/pwb-brand?post=6215"},{"taxonomy":"product_brand","embeddable":true,"href":"https:\/\/exclusive-corporation.com\/en\/wp-json\/wp\/v2\/product_brand?post=6215"},{"taxonomy":"product_cat","embeddable":true,"href":"https:\/\/exclusive-corporation.com\/en\/wp-json\/wp\/v2\/product_cat?post=6215"},{"taxonomy":"product_tag","embeddable":true,"href":"https:\/\/exclusive-corporation.com\/en\/wp-json\/wp\/v2\/product_tag?post=6215"}],"curies":[{"name":"wp","href":"https:\/\/api.w.org\/{rel}","templated":true}]}}