{"id":6211,"date":"2025-09-25T10:48:54","date_gmt":"2025-09-25T10:48:54","guid":{"rendered":"https:\/\/exclusive-corporation.com\/?post_type=product&#038;p=6211"},"modified":"2025-10-13T11:59:36","modified_gmt":"2025-10-13T11:59:36","slug":"fitalp-gel-100ml","status":"publish","type":"product","link":"https:\/\/exclusive-corporation.com\/en\/product\/fitalp-gel-100ml\/","title":{"rendered":"FITALP GEL 100ML"},"content":{"rendered":"","protected":false},"excerpt":{"rendered":"<p data-start=\"79\" data-end=\"341\">\ud83d\udcaa <strong data-start=\"82\" data-end=\"96\">Fitalp Gel<\/strong> \u00ebsht\u00eb zgjidhja e shpejt\u00eb dhe praktike p\u00ebr leht\u00ebsimin e dhimbjeve muskulore dhe nyjore. Formulimi i tij unik me p\u00ebrb\u00ebr\u00ebs aktiv\u00eb bimore ndihmon n\u00eb qet\u00ebsimin e inflamacionit, relaksimin e muskujve t\u00eb tendosur dhe rigjenerimin pas lodhjes fizike.<\/p>\n<p data-start=\"343\" data-end=\"364\">\u2728 Rekomandohet p\u00ebr:<\/p>\n<ul data-start=\"365\" data-end=\"516\">\n<li data-start=\"365\" data-end=\"429\">\n<p data-start=\"367\" data-end=\"429\">Dhimbje muskulore pas aktivitetit sportiv ose lodhjes fizike<\/p>\n<\/li>\n<li data-start=\"430\" data-end=\"466\">\n<p data-start=\"432\" data-end=\"466\">Dhimbje n\u00eb shpin\u00eb, qaf\u00eb dhe nyje<\/p>\n<\/li>\n<li data-start=\"467\" data-end=\"516\">\n<p data-start=\"469\" data-end=\"516\">Relaksim dhe rifreskim t\u00eb muskujve t\u00eb r\u00ebnduar<\/p>\n<\/li>\n<\/ul>\n<p data-start=\"518\" data-end=\"677\">\ud83c\udf3f Me p\u00ebrb\u00ebr\u00ebs natyral\u00eb, <strong data-start=\"543\" data-end=\"557\">Fitalp Gel<\/strong> ofron nj\u00eb ndjesi freskie dhe qet\u00ebsimi t\u00eb menj\u00ebhersh\u00ebm, duke ju ndihmuar t\u00eb riktheni l\u00ebvizshm\u00ebrin\u00eb dhe energjin\u00eb tuaj.<\/p>","protected":false},"featured_media":6212,"comment_status":"open","ping_status":"closed","template":"","meta":{"_acf_changed":false,"content-type":""},"pwb-brand":[],"product_brand":[],"product_cat":[96,133],"product_tag":[],"class_list":{"0":"post-6211","1":"product","2":"type-product","3":"status-publish","4":"has-post-thumbnail","6":"product_cat-fitofarm","7":"product_cat-pediatri","9":"first","10":"instock","11":"shipping-taxable","12":"purchasable","13":"product-type-simple"},"acf":[],"brands":[],"_links":{"self":[{"href":"https:\/\/exclusive-corporation.com\/en\/wp-json\/wp\/v2\/product\/6211","targetHints":{"allow":["GET"]}}],"collection":[{"href":"https:\/\/exclusive-corporation.com\/en\/wp-json\/wp\/v2\/product"}],"about":[{"href":"https:\/\/exclusive-corporation.com\/en\/wp-json\/wp\/v2\/types\/product"}],"replies":[{"embeddable":true,"href":"https:\/\/exclusive-corporation.com\/en\/wp-json\/wp\/v2\/comments?post=6211"}],"wp:featuredmedia":[{"embeddable":true,"href":"https:\/\/exclusive-corporation.com\/en\/wp-json\/wp\/v2\/media\/6212"}],"wp:attachment":[{"href":"https:\/\/exclusive-corporation.com\/en\/wp-json\/wp\/v2\/media?parent=6211"}],"wp:term":[{"taxonomy":"pwb-brand","embeddable":true,"href":"https:\/\/exclusive-corporation.com\/en\/wp-json\/wp\/v2\/pwb-brand?post=6211"},{"taxonomy":"product_brand","embeddable":true,"href":"https:\/\/exclusive-corporation.com\/en\/wp-json\/wp\/v2\/product_brand?post=6211"},{"taxonomy":"product_cat","embeddable":true,"href":"https:\/\/exclusive-corporation.com\/en\/wp-json\/wp\/v2\/product_cat?post=6211"},{"taxonomy":"product_tag","embeddable":true,"href":"https:\/\/exclusive-corporation.com\/en\/wp-json\/wp\/v2\/product_tag?post=6211"}],"curies":[{"name":"wp","href":"https:\/\/api.w.org\/{rel}","templated":true}]}}