{"id":5693,"date":"2025-08-29T13:30:22","date_gmt":"2025-08-29T13:30:22","guid":{"rendered":"https:\/\/exclusive-corporation.com\/?post_type=product&#038;p=5693"},"modified":"2025-10-13T15:24:06","modified_gmt":"2025-10-13T15:24:06","slug":"uroial-14-qese","status":"publish","type":"product","link":"https:\/\/exclusive-corporation.com\/en\/product\/uroial-14-qese\/","title":{"rendered":"UROIAL 14 QESE"},"content":{"rendered":"","protected":false},"excerpt":{"rendered":"<p><span dir=\"auto\">Acid folik i gjenerat\u00ebs s\u00eb 4-t biologjikisht aktiv n\u00eb form\u00ebn e tabletave orodispersive. P\u00ebrdorimet:<\/span><\/p>\n<ul>\n<li><span dir=\"auto\">Mungesa e acidit folik dhe n\u00eb trajtimin e hiperhomocisteinemis\u00eb<\/span><\/li>\n<li><span dir=\"auto\">N\u00eb parakonceptim dhe shtatz\u00ebni<\/span><\/li>\n<\/ul>\n<p><span dir=\"auto\">Dafnefol400 p\u00ebrmban 90 tableta.<\/span><\/p>","protected":false},"featured_media":5694,"comment_status":"open","ping_status":"closed","template":"","meta":{"_acf_changed":false,"content-type":""},"pwb-brand":[],"product_brand":[],"product_cat":[137,108],"product_tag":[],"class_list":{"0":"post-5693","1":"product","2":"type-product","3":"status-publish","4":"has-post-thumbnail","6":"product_cat-urologji","7":"product_cat-vemax","9":"first","10":"instock","11":"shipping-taxable","12":"purchasable","13":"product-type-simple"},"acf":[],"brands":[],"_links":{"self":[{"href":"https:\/\/exclusive-corporation.com\/en\/wp-json\/wp\/v2\/product\/5693","targetHints":{"allow":["GET"]}}],"collection":[{"href":"https:\/\/exclusive-corporation.com\/en\/wp-json\/wp\/v2\/product"}],"about":[{"href":"https:\/\/exclusive-corporation.com\/en\/wp-json\/wp\/v2\/types\/product"}],"replies":[{"embeddable":true,"href":"https:\/\/exclusive-corporation.com\/en\/wp-json\/wp\/v2\/comments?post=5693"}],"wp:featuredmedia":[{"embeddable":true,"href":"https:\/\/exclusive-corporation.com\/en\/wp-json\/wp\/v2\/media\/5694"}],"wp:attachment":[{"href":"https:\/\/exclusive-corporation.com\/en\/wp-json\/wp\/v2\/media?parent=5693"}],"wp:term":[{"taxonomy":"pwb-brand","embeddable":true,"href":"https:\/\/exclusive-corporation.com\/en\/wp-json\/wp\/v2\/pwb-brand?post=5693"},{"taxonomy":"product_brand","embeddable":true,"href":"https:\/\/exclusive-corporation.com\/en\/wp-json\/wp\/v2\/product_brand?post=5693"},{"taxonomy":"product_cat","embeddable":true,"href":"https:\/\/exclusive-corporation.com\/en\/wp-json\/wp\/v2\/product_cat?post=5693"},{"taxonomy":"product_tag","embeddable":true,"href":"https:\/\/exclusive-corporation.com\/en\/wp-json\/wp\/v2\/product_tag?post=5693"}],"curies":[{"name":"wp","href":"https:\/\/api.w.org\/{rel}","templated":true}]}}