{"id":5691,"date":"2025-08-29T13:29:02","date_gmt":"2025-08-29T13:29:02","guid":{"rendered":"https:\/\/exclusive-corporation.com\/?post_type=product&#038;p=5691"},"modified":"2025-10-13T15:23:47","modified_gmt":"2025-10-13T15:23:47","slug":"urocalc","status":"publish","type":"product","link":"https:\/\/exclusive-corporation.com\/en\/product\/urocalc\/","title":{"rendered":"UROCALC\u2122"},"content":{"rendered":"<div class=\"et_pb_module et_pb_text et_pb_text_3  et_pb_text_align_left et_pb_bg_layout_light\">\n<div class=\"et_pb_text_inner\">\n<h5><span dir=\"auto\">P\u00ebrdorimet:<\/span><\/h5>\n<\/div>\n<\/div>\n<div class=\"et_pb_module et_pb_text et_pb_text_4  et_pb_text_align_left et_pb_bg_layout_light\">\n<div class=\"et_pb_text_inner\">\n<ul>\n<li><span dir=\"auto\">Trajtimi i gur\u00ebve n\u00eb veshka<\/span><\/li>\n<li><span dir=\"auto\">Parandalimi i formimit t\u00eb gur\u00ebve n\u00eb veshka tek personat q\u00eb kan\u00eb nj\u00eb rrezik t\u00eb lart\u00eb t\u00eb formimit t\u00eb gur\u00ebve n\u00eb veshka<\/span><\/li>\n<li><span dir=\"auto\">Tek personat me \u00e7rregullime metabolike<\/span><\/li>\n<li><span dir=\"auto\">Tek personat q\u00eb i n\u00ebnshtrohen MET (Terapis\u00eb Mjek\u00ebsore Ekspulsive) ose litotripsis\u00eb<\/span><\/li>\n<\/ul>\n<\/div>\n<\/div>\n<div class=\"et_pb_module et_pb_text et_pb_text_5  et_pb_text_align_left et_pb_bg_layout_light\">\n<div class=\"et_pb_text_inner\">\n<h5><span dir=\"auto\">Efektet:<\/span><\/h5>\n<\/div>\n<\/div>\n<div class=\"et_pb_module et_pb_text et_pb_text_6  et_pb_text_align_left et_pb_bg_layout_light\">\n<div class=\"et_pb_text_inner\">\n<p><span dir=\"auto\">Nj\u00eb qasje e plot\u00eb dhe specifike ndaj terapis\u00eb s\u00eb gur\u00ebve n\u00eb veshka q\u00eb prek disa aspekte me nj\u00eb efekt t\u00eb synuar q\u00eb synon:<\/span><\/p>\n<p><strong><span dir=\"auto\">EFEKTE T\u00cb DREJTP\u00cbRDREJTA<\/span><\/strong><\/p>\n<ul>\n<li><span dir=\"auto\">parandalon neoformimin<\/span><\/li>\n<li><span dir=\"auto\">pengon rritjen\u00a0<\/span><\/li>\n<li><span dir=\"auto\">p\u00ebrshpejton tretjen<\/span><\/li>\n<\/ul>\n<p><strong><span dir=\"auto\">EFEKTE INDIREKTE<\/span><\/strong><\/p>\n<ul>\n<li><span dir=\"auto\">stimulon diurez\u00ebn<\/span><\/li>\n<li><span dir=\"auto\">efekt anti-inflamator, anti-edematoz dhe antioksidues<\/span><\/li>\n<li><span dir=\"auto\">leht\u00ebson kalimin<\/span><\/li>\n<\/ul>\n<p><strong><span dir=\"auto\">EFEKTE JOSPECIFIKE<\/span><\/strong><\/p>\n<ul>\n<li><span dir=\"auto\">lubrifikues<\/span><\/li>\n<li><span dir=\"auto\">mbrojt\u00ebs<\/span><\/li>\n<li><span dir=\"auto\">rigjenerues<\/span><\/li>\n<\/ul>\n<\/div>\n<\/div>","protected":false},"excerpt":{"rendered":"<p>UROCALC\u2122 \u00ebsht\u00eb nj\u00eb kombinim inovativ i p\u00ebrb\u00ebr\u00ebsve q\u00eb, me efektin e tij sinergjik, ka nj\u00eb mekaniz\u00ebm specifik veprimi mbi t\u00eb gjith\u00eb faktor\u00ebt e formimit t\u00eb gur\u00ebve n\u00eb veshka.<\/p>","protected":false},"featured_media":5692,"comment_status":"open","ping_status":"closed","template":"","meta":{"_acf_changed":false,"content-type":""},"pwb-brand":[],"product_brand":[],"product_cat":[137,108],"product_tag":[],"class_list":{"0":"post-5691","1":"product","2":"type-product","3":"status-publish","4":"has-post-thumbnail","6":"product_cat-urologji","7":"product_cat-vemax","9":"first","10":"instock","11":"shipping-taxable","12":"purchasable","13":"product-type-simple"},"acf":[],"brands":[],"_links":{"self":[{"href":"https:\/\/exclusive-corporation.com\/en\/wp-json\/wp\/v2\/product\/5691","targetHints":{"allow":["GET"]}}],"collection":[{"href":"https:\/\/exclusive-corporation.com\/en\/wp-json\/wp\/v2\/product"}],"about":[{"href":"https:\/\/exclusive-corporation.com\/en\/wp-json\/wp\/v2\/types\/product"}],"replies":[{"embeddable":true,"href":"https:\/\/exclusive-corporation.com\/en\/wp-json\/wp\/v2\/comments?post=5691"}],"wp:featuredmedia":[{"embeddable":true,"href":"https:\/\/exclusive-corporation.com\/en\/wp-json\/wp\/v2\/media\/5692"}],"wp:attachment":[{"href":"https:\/\/exclusive-corporation.com\/en\/wp-json\/wp\/v2\/media?parent=5691"}],"wp:term":[{"taxonomy":"pwb-brand","embeddable":true,"href":"https:\/\/exclusive-corporation.com\/en\/wp-json\/wp\/v2\/pwb-brand?post=5691"},{"taxonomy":"product_brand","embeddable":true,"href":"https:\/\/exclusive-corporation.com\/en\/wp-json\/wp\/v2\/product_brand?post=5691"},{"taxonomy":"product_cat","embeddable":true,"href":"https:\/\/exclusive-corporation.com\/en\/wp-json\/wp\/v2\/product_cat?post=5691"},{"taxonomy":"product_tag","embeddable":true,"href":"https:\/\/exclusive-corporation.com\/en\/wp-json\/wp\/v2\/product_tag?post=5691"}],"curies":[{"name":"wp","href":"https:\/\/api.w.org\/{rel}","templated":true}]}}