{"id":5688,"date":"2025-08-29T13:24:45","date_gmt":"2025-08-29T13:24:45","guid":{"rendered":"https:\/\/exclusive-corporation.com\/?post_type=product&#038;p=5688"},"modified":"2025-10-13T15:18:11","modified_gmt":"2025-10-13T15:18:11","slug":"new-iron-menstrual","status":"publish","type":"product","link":"https:\/\/exclusive-corporation.com\/en\/product\/new-iron-menstrual\/","title":{"rendered":"New Iron Menstrual"},"content":{"rendered":"","protected":false},"excerpt":{"rendered":"<p>New Iron Menstrual \u00ebsht\u00eb nj\u00eb formul\u00eb superiore dhe e plot\u00eb p\u00ebr z\u00ebvend\u00ebsimin e hekurit, e destinuar p\u00ebr grat\u00eb gjat\u00eb periudh\u00ebs s\u00eb ciklit menstrual, e cila ndikon n\u00eb m\u00ebnyr\u00eb t\u00eb favorshme n\u00eb munges\u00ebn e energjis\u00eb, lodhjen, dhimbjen, dhimbjen e kok\u00ebs dhe simptoma t\u00eb tjera q\u00eb ndodhin gjat\u00eb ciklit menstrual.<\/p>","protected":false},"featured_media":5689,"comment_status":"open","ping_status":"closed","template":"","meta":{"_acf_changed":false,"content-type":""},"pwb-brand":[],"product_brand":[],"product_cat":[138,88,108],"product_tag":[],"class_list":{"0":"post-5688","1":"product","2":"type-product","3":"status-publish","4":"has-post-thumbnail","6":"product_cat-gjinekologji","7":"product_cat-shendeti-gruas","8":"product_cat-vemax","10":"first","11":"instock","12":"shipping-taxable","13":"purchasable","14":"product-type-simple"},"acf":[],"brands":[],"_links":{"self":[{"href":"https:\/\/exclusive-corporation.com\/en\/wp-json\/wp\/v2\/product\/5688","targetHints":{"allow":["GET"]}}],"collection":[{"href":"https:\/\/exclusive-corporation.com\/en\/wp-json\/wp\/v2\/product"}],"about":[{"href":"https:\/\/exclusive-corporation.com\/en\/wp-json\/wp\/v2\/types\/product"}],"replies":[{"embeddable":true,"href":"https:\/\/exclusive-corporation.com\/en\/wp-json\/wp\/v2\/comments?post=5688"}],"wp:featuredmedia":[{"embeddable":true,"href":"https:\/\/exclusive-corporation.com\/en\/wp-json\/wp\/v2\/media\/5689"}],"wp:attachment":[{"href":"https:\/\/exclusive-corporation.com\/en\/wp-json\/wp\/v2\/media?parent=5688"}],"wp:term":[{"taxonomy":"pwb-brand","embeddable":true,"href":"https:\/\/exclusive-corporation.com\/en\/wp-json\/wp\/v2\/pwb-brand?post=5688"},{"taxonomy":"product_brand","embeddable":true,"href":"https:\/\/exclusive-corporation.com\/en\/wp-json\/wp\/v2\/product_brand?post=5688"},{"taxonomy":"product_cat","embeddable":true,"href":"https:\/\/exclusive-corporation.com\/en\/wp-json\/wp\/v2\/product_cat?post=5688"},{"taxonomy":"product_tag","embeddable":true,"href":"https:\/\/exclusive-corporation.com\/en\/wp-json\/wp\/v2\/product_tag?post=5688"}],"curies":[{"name":"wp","href":"https:\/\/api.w.org\/{rel}","templated":true}]}}