{"id":5680,"date":"2025-08-28T14:44:47","date_gmt":"2025-08-28T14:44:47","guid":{"rendered":"https:\/\/exclusive-corporation.com\/?post_type=product&#038;p=5680"},"modified":"2025-08-28T14:46:04","modified_gmt":"2025-08-28T14:46:04","slug":"neuronal-20-caps","status":"publish","type":"product","link":"https:\/\/exclusive-corporation.com\/en\/product\/neuronal-20-caps\/","title":{"rendered":"NEURONAL 20 CAPS"},"content":{"rendered":"<p>Nukleotidet jan\u00eb nj\u00ebsi strukturore monomere q\u00eb p\u00ebrb\u00ebhen nga nj\u00eb grup sheqeri, i lidhur me nj\u00eb ose m\u00eb shum\u00eb grupe fosfati dhe nj\u00eb baz\u00eb azotike, e cila mund t\u00eb jet\u00eb citozina, adenina, guanina, timina ose uracil.<\/p>","protected":false},"excerpt":{"rendered":"<p class=\"p1\">NEURONAL 20 CAPS<\/p>\n<p>Hulumtime t\u00eb shumta kan\u00eb treguar se p\u00ebrdorimi i nukleotideve \u00ebsht\u00eb efikas n\u00eb uljen e intensitetit t\u00eb dhimbjes tek pacient\u00ebt me neuropati diabetike dhe kompresive, dhe se ato kan\u00eb nj\u00eb rol t\u00eb r\u00ebnd\u00ebsish\u00ebm n\u00eb neurorigjenerimin.<\/p>","protected":false},"featured_media":5681,"comment_status":"open","ping_status":"closed","template":"","meta":{"_acf_changed":false,"content-type":""},"pwb-brand":[],"product_brand":[],"product_cat":[108],"product_tag":[],"class_list":{"0":"post-5680","1":"product","2":"type-product","3":"status-publish","4":"has-post-thumbnail","6":"product_cat-vemax","8":"first","9":"instock","10":"shipping-taxable","11":"purchasable","12":"product-type-simple"},"acf":[],"brands":[],"_links":{"self":[{"href":"https:\/\/exclusive-corporation.com\/en\/wp-json\/wp\/v2\/product\/5680","targetHints":{"allow":["GET"]}}],"collection":[{"href":"https:\/\/exclusive-corporation.com\/en\/wp-json\/wp\/v2\/product"}],"about":[{"href":"https:\/\/exclusive-corporation.com\/en\/wp-json\/wp\/v2\/types\/product"}],"replies":[{"embeddable":true,"href":"https:\/\/exclusive-corporation.com\/en\/wp-json\/wp\/v2\/comments?post=5680"}],"wp:featuredmedia":[{"embeddable":true,"href":"https:\/\/exclusive-corporation.com\/en\/wp-json\/wp\/v2\/media\/5681"}],"wp:attachment":[{"href":"https:\/\/exclusive-corporation.com\/en\/wp-json\/wp\/v2\/media?parent=5680"}],"wp:term":[{"taxonomy":"pwb-brand","embeddable":true,"href":"https:\/\/exclusive-corporation.com\/en\/wp-json\/wp\/v2\/pwb-brand?post=5680"},{"taxonomy":"product_brand","embeddable":true,"href":"https:\/\/exclusive-corporation.com\/en\/wp-json\/wp\/v2\/product_brand?post=5680"},{"taxonomy":"product_cat","embeddable":true,"href":"https:\/\/exclusive-corporation.com\/en\/wp-json\/wp\/v2\/product_cat?post=5680"},{"taxonomy":"product_tag","embeddable":true,"href":"https:\/\/exclusive-corporation.com\/en\/wp-json\/wp\/v2\/product_tag?post=5680"}],"curies":[{"name":"wp","href":"https:\/\/api.w.org\/{rel}","templated":true}]}}