{"id":5668,"date":"2025-08-28T13:00:00","date_gmt":"2025-08-28T13:00:00","guid":{"rendered":"https:\/\/exclusive-corporation.com\/?post_type=product&#038;p=5668"},"modified":"2025-10-13T15:15:33","modified_gmt":"2025-10-13T15:15:33","slug":"glycovital-female-20-tabl","status":"publish","type":"product","link":"https:\/\/exclusive-corporation.com\/en\/product\/glycovital-female-20-tabl\/","title":{"rendered":"GLYCOVITAL FEMALE 20 TABL"},"content":{"rendered":"<div class=\"et_pb_module et_pb_text et_pb_text_3 et_pb_text_align_left et_pb_bg_layout_light\">\n<div class=\"et_pb_text_inner\">\n<h2><span dir=\"auto\">Glycovital female p\u00ebrdoret p\u00ebr:<\/span><\/h2>\n<\/div>\n<\/div>\n<div class=\"et_pb_module et_pb_text et_pb_text_4 et_pb_text_align_left et_pb_bg_layout_light\">\n<div class=\"et_pb_text_inner\">\n<ul>\n<li><span dir=\"auto\">Manifestimet endokrine (vezore policistike, cikle t\u00eb \u00e7rregullta, hirsutiz\u00ebm, akne, alopeci, infertilitet)<\/span><\/li>\n<li><span dir=\"auto\">Manifestimet metabolike (sindroma metabolike, obeziteti, dislipidemia, hipertensioni, diabeti, intoleranca ndaj glukoz\u00ebs)<\/span><\/li>\n<\/ul>\n<\/div>\n<\/div>\n<div class=\"et_pb_module et_pb_text et_pb_text_5 et_pb_text_align_left et_pb_bg_layout_light\">\n<div class=\"et_pb_text_inner\">\n<h2><span dir=\"auto\">Efektet:<\/span><\/h2>\n<\/div>\n<\/div>\n<div class=\"et_pb_module et_pb_text et_pb_text_6 et_pb_text_align_left et_pb_bg_layout_light\">\n<div class=\"et_pb_text_inner\">\n<p><strong><span dir=\"auto\">Glycovital female<\/span><\/strong><span dir=\"auto\">\u00a0paraqet nj\u00eb zgjidhje t\u00eb plot\u00eb dhe inovative p\u00ebr sindrom\u00ebn PCOS bazuar n\u00eb teknologjin\u00eb\u00a0<\/span><sup><span dir=\"auto\">Revifast\u00ae<\/span><\/sup><span dir=\"auto\">\u00a0.<\/span><\/p>\n<p><strong><span dir=\"auto\">Patenta REVIFAST\u00a0<\/span><sup><span dir=\"auto\">\u00ae<\/span><\/sup><\/strong><span dir=\"auto\">\u00a0\u00ebsht\u00eb rezervatrol me nj\u00eb shkall\u00eb t\u00eb lart\u00eb tretshm\u00ebrie dhe biodisponueshm\u00ebrie.<\/span><\/p>\n<p><span dir=\"auto\">Revifast\u00a0<\/span><sup><span dir=\"auto\">\u00ae<\/span><\/sup><span dir=\"auto\">\u00a0\u2013 rezervatrol:<\/span><\/p>\n<ul>\n<li><span dir=\"auto\">ka efekt antioksidues dhe anti-inflamator pa efekte an\u00ebsore.<\/span><\/li>\n<li><span dir=\"auto\">p\u00ebrmir\u00ebson profilin metabolik: balancon profilin lipidik, zvog\u00eblon yndyr\u00ebn dhe p\u00ebrmir\u00ebson ndjeshm\u00ebrin\u00eb ndaj insulin\u00ebs. Frenon prodhimin e androgjen\u00ebve.<\/span><\/li>\n<li><span dir=\"auto\">i sigurt p\u00ebr t\u2019u marr\u00eb gjat\u00eb shtatz\u00ebnis\u00eb. Zbatimi i tij zvog\u00eblon incidenc\u00ebn e diabetit gestacional, preeklampsis\u00eb dhe aborteve t\u00eb p\u00ebrs\u00ebritura.<\/span><\/li>\n<\/ul>\n<p><strong><span dir=\"auto\">D-CHIRO-INOSITOL<\/span><\/strong><span dir=\"auto\">\u00a0dhe\u00a0<\/span><strong><span dir=\"auto\">MYO-INOSITOL<\/span><\/strong><span dir=\"auto\">\u00a0jan\u00eb lajm\u00ebtar\u00eb t\u00eb dyt\u00eb q\u00eb rregullojn\u00eb procese t\u00eb ndryshme t\u00eb varura nga insulina.<\/span><\/p>\n<ul>\n<li><strong><span dir=\"auto\">Mio-Inositoli (MYO)<\/span><\/strong><span dir=\"auto\">\u00a0\u00ebsht\u00eb nj\u00eb komponent i r\u00ebnd\u00ebsish\u00ebm i mikroambientit folikular q\u00eb rregullon metabolizmin e kalciumit, ndihmon n\u00eb p\u00ebrmir\u00ebsimin e cil\u00ebsis\u00eb s\u00eb qeliz\u00ebs vez\u00eb dhe \u00ebsht\u00eb p\u00ebrgjegj\u00ebs p\u00ebr metabolizmin e glukoz\u00ebs.<\/span><\/li>\n<li><strong><span dir=\"auto\">D\u2013Kiro-Inositoli (DCI)<\/span><\/strong><span dir=\"auto\">\u00a0ka nj\u00eb efekt antioksidues, rregullon metabolizmin e glukoz\u00ebs duke ndihmuar n\u00eb uljen e rezistenc\u00ebs ndaj insulin\u00ebs dhe \u00ebsht\u00eb p\u00ebrgjegj\u00ebs p\u00ebr sintez\u00ebn e glikogjenit.<\/span><\/li>\n<\/ul>\n<p><strong><span dir=\"auto\">MANGAN<\/span><\/strong><\/p>\n<p><span dir=\"auto\">Nj\u00eb kofaktor q\u00eb lejon inozitolin t\u00eb aktivizoj\u00eb sistemin enzimatik mitokondrial. Administrimi i kombinuar me DCI \u00ebsht\u00eb m\u00eb efektiv n\u00eb uljen e niveleve t\u00eb glukoz\u00ebs.<\/span><\/p>\n<p><strong><span dir=\"auto\">ACID FOLIK<\/span><\/strong><\/p>\n<p><span dir=\"auto\">Ndihmon n\u00eb uljen e niveleve t\u00eb homocistein\u00ebs n\u00eb plazm\u00ebn qarkulluese. Studimet e fundit kan\u00eb treguar nj\u00eb korrelacion midis rezistenc\u00ebs ndaj insulin\u00ebs dhe hiperhomocisteinemis\u00eb.<\/span><strong>\u00a0<\/strong><\/p>\n<p><strong><span dir=\"auto\">VITAMINA D<\/span><\/strong><\/p>\n<ul>\n<li><span dir=\"auto\">P\u00ebrmir\u00ebson \u00e7rregullimet metabolike dhe menstruale. Mungesa e tij \u00ebsht\u00eb nj\u00eb faktor rreziku p\u00ebr zhvillimin e sindrom\u00ebs metabolike.<\/span><\/li>\n<li><span dir=\"auto\">Zvog\u00eblon rezistenc\u00ebn ndaj insulin\u00ebs.<\/span><\/li>\n<li><span dir=\"auto\">Ai mban nj\u00eb rezerv\u00eb ovariane m\u00eb efikase, p\u00ebr shkak t\u00eb ndikimit t\u00eb tij n\u00eb prodhimin e AMH (hormoni Anti-Miller).<\/span><\/li>\n<li><span dir=\"auto\">Rrit cil\u00ebsin\u00eb dhe implantimin e suksessh\u00ebm t\u00eb embrioneve n\u00eb IVF<\/span><\/li>\n<li><span dir=\"auto\">P\u00ebrmir\u00ebson pjellorin\u00eb si tek burrat ashtu edhe tek grat\u00eb<\/span><\/li>\n<\/ul>\n<p><span dir=\"auto\">P\u00ebr shkak t\u00eb p\u00ebrb\u00ebrjes s\u00eb tij specifike q\u00eb ka veti antioksiduese dhe t\u00eb ndjeshme ndaj insulin\u00ebs,\u00a0<\/span><strong><span dir=\"auto\">Glycovital female<\/span><\/strong><span dir=\"auto\">\u00a0\u00a0ka efekt n\u00eb patofiziologjin\u00eb e PCOS:<\/span><\/p>\n<\/div>\n<\/div>","protected":false},"excerpt":{"rendered":"<p>Qasje inovative p\u00ebr nj\u00eb p\u00ebrgjigje t\u00eb shpejt\u00eb dhe t\u00eb plot\u00eb ndaj manifestimeve endokrine dhe metabolike t\u00eb sindrom\u00ebs s\u00eb vezoreve policistike (PCOS).<\/p>","protected":false},"featured_media":5669,"comment_status":"open","ping_status":"closed","template":"","meta":{"_acf_changed":false,"content-type":""},"pwb-brand":[],"product_brand":[],"product_cat":[138,88,108],"product_tag":[],"class_list":{"0":"post-5668","1":"product","2":"type-product","3":"status-publish","4":"has-post-thumbnail","6":"product_cat-gjinekologji","7":"product_cat-shendeti-gruas","8":"product_cat-vemax","10":"first","11":"instock","12":"shipping-taxable","13":"purchasable","14":"product-type-simple"},"acf":[],"brands":[],"_links":{"self":[{"href":"https:\/\/exclusive-corporation.com\/en\/wp-json\/wp\/v2\/product\/5668","targetHints":{"allow":["GET"]}}],"collection":[{"href":"https:\/\/exclusive-corporation.com\/en\/wp-json\/wp\/v2\/product"}],"about":[{"href":"https:\/\/exclusive-corporation.com\/en\/wp-json\/wp\/v2\/types\/product"}],"replies":[{"embeddable":true,"href":"https:\/\/exclusive-corporation.com\/en\/wp-json\/wp\/v2\/comments?post=5668"}],"wp:featuredmedia":[{"embeddable":true,"href":"https:\/\/exclusive-corporation.com\/en\/wp-json\/wp\/v2\/media\/5669"}],"wp:attachment":[{"href":"https:\/\/exclusive-corporation.com\/en\/wp-json\/wp\/v2\/media?parent=5668"}],"wp:term":[{"taxonomy":"pwb-brand","embeddable":true,"href":"https:\/\/exclusive-corporation.com\/en\/wp-json\/wp\/v2\/pwb-brand?post=5668"},{"taxonomy":"product_brand","embeddable":true,"href":"https:\/\/exclusive-corporation.com\/en\/wp-json\/wp\/v2\/product_brand?post=5668"},{"taxonomy":"product_cat","embeddable":true,"href":"https:\/\/exclusive-corporation.com\/en\/wp-json\/wp\/v2\/product_cat?post=5668"},{"taxonomy":"product_tag","embeddable":true,"href":"https:\/\/exclusive-corporation.com\/en\/wp-json\/wp\/v2\/product_tag?post=5668"}],"curies":[{"name":"wp","href":"https:\/\/api.w.org\/{rel}","templated":true}]}}