{"id":5655,"date":"2025-08-27T12:13:22","date_gmt":"2025-08-27T12:13:22","guid":{"rendered":"https:\/\/exclusive-corporation.com\/?post_type=product&#038;p=5655"},"modified":"2025-10-13T15:12:15","modified_gmt":"2025-10-13T15:12:15","slug":"cerebronal-45-caps","status":"publish","type":"product","link":"https:\/\/exclusive-corporation.com\/en\/product\/cerebronal-45-caps\/","title":{"rendered":"CEREBRONAL 45 CAPS"},"content":{"rendered":"","protected":false},"excerpt":{"rendered":"<p>Cerebronali rekomandohet p\u00ebr njer\u00ebzit me funksionim t\u00eb d\u00ebmtuar mendor, duke filluar nga r\u00ebnia e leht\u00eb njoh\u00ebse (d\u00ebmtim i t\u00eb menduarit, kujtes\u00ebs, perceptimit, t\u00eb nx\u00ebnit, v\u00ebmendjes, perceptimit t\u00eb mjedisit, arsyetimit logjik)<\/p>","protected":false},"featured_media":5656,"comment_status":"open","ping_status":"closed","template":"","meta":{"_acf_changed":false,"content-type":""},"pwb-brand":[],"product_brand":[],"product_cat":[124,108],"product_tag":[],"class_list":{"0":"post-5655","1":"product","2":"type-product","3":"status-publish","4":"has-post-thumbnail","6":"product_cat-neurologji-psikiatri","7":"product_cat-vemax","9":"first","10":"instock","11":"shipping-taxable","12":"purchasable","13":"product-type-simple"},"acf":[],"brands":[],"_links":{"self":[{"href":"https:\/\/exclusive-corporation.com\/en\/wp-json\/wp\/v2\/product\/5655","targetHints":{"allow":["GET"]}}],"collection":[{"href":"https:\/\/exclusive-corporation.com\/en\/wp-json\/wp\/v2\/product"}],"about":[{"href":"https:\/\/exclusive-corporation.com\/en\/wp-json\/wp\/v2\/types\/product"}],"replies":[{"embeddable":true,"href":"https:\/\/exclusive-corporation.com\/en\/wp-json\/wp\/v2\/comments?post=5655"}],"wp:featuredmedia":[{"embeddable":true,"href":"https:\/\/exclusive-corporation.com\/en\/wp-json\/wp\/v2\/media\/5656"}],"wp:attachment":[{"href":"https:\/\/exclusive-corporation.com\/en\/wp-json\/wp\/v2\/media?parent=5655"}],"wp:term":[{"taxonomy":"pwb-brand","embeddable":true,"href":"https:\/\/exclusive-corporation.com\/en\/wp-json\/wp\/v2\/pwb-brand?post=5655"},{"taxonomy":"product_brand","embeddable":true,"href":"https:\/\/exclusive-corporation.com\/en\/wp-json\/wp\/v2\/product_brand?post=5655"},{"taxonomy":"product_cat","embeddable":true,"href":"https:\/\/exclusive-corporation.com\/en\/wp-json\/wp\/v2\/product_cat?post=5655"},{"taxonomy":"product_tag","embeddable":true,"href":"https:\/\/exclusive-corporation.com\/en\/wp-json\/wp\/v2\/product_tag?post=5655"}],"curies":[{"name":"wp","href":"https:\/\/api.w.org\/{rel}","templated":true}]}}