{"id":5651,"date":"2025-08-27T12:05:21","date_gmt":"2025-08-27T12:05:21","guid":{"rendered":"https:\/\/exclusive-corporation.com\/?post_type=product&#038;p=5651"},"modified":"2025-10-13T15:11:48","modified_gmt":"2025-10-13T15:11:48","slug":"cardiovasc-plus-60-caps","status":"publish","type":"product","link":"https:\/\/exclusive-corporation.com\/en\/product\/cardiovasc-plus-60-caps\/","title":{"rendered":"CARDIOVASC PLUS 60 CAPS"},"content":{"rendered":"<p class=\"p1\">CARDIOVASC PLUS 60 CAPS<\/p>","protected":false},"excerpt":{"rendered":"<p><strong><span dir=\"auto\">Nj\u00eb antioksidant i fuqish\u00ebm q\u00eb dep\u00ebrton n\u00eb barrier\u00ebn hemato-encefalike<\/span><\/strong><span dir=\"auto\">\u00a0dhe, n\u00eb k\u00ebt\u00eb m\u00ebnyr\u00eb, ushtron veti antioksiduese edhe n\u00eb indet e trurit.<\/span><\/p>\n<p><span dir=\"auto\">Ka nj\u00eb ndikim t\u00eb dobish\u00ebm n\u00eb:<\/span><\/p>\n<ul>\n<li><span dir=\"auto\">Ishemi\u00a0cerebrovaskulare<\/span><\/li>\n<li><span dir=\"auto\">S\u00ebmundja ishemike e zemr\u00ebs<\/span><\/li>\n<li><span dir=\"auto\">Ateroskleroza<\/span><\/li>\n<li><span dir=\"auto\">Efekt anti-inflamator<\/span><\/li>\n<\/ul>\n<p><span dir=\"auto\">(rregullimi i prodhimit t\u00eb\u00a0<\/span><strong><span dir=\"auto\">NO, TNF<\/span><\/strong><span dir=\"auto\">\u00a0dhe\u00a0<\/span><strong><span dir=\"auto\">PGE2<\/span><\/strong><span dir=\"auto\">\u00a0dhe frenimi i\u00a0<\/span><strong><span dir=\"auto\">NF-kb<\/span><\/strong><span dir=\"auto\">\u00a0dhe\u00a0<\/span><strong><span dir=\"auto\">IL-1b<\/span><\/strong><span dir=\"auto\">\u00a0)<\/span><\/p>","protected":false},"featured_media":5652,"comment_status":"open","ping_status":"closed","template":"","meta":{"_acf_changed":false,"content-type":""},"pwb-brand":[],"product_brand":[],"product_cat":[118,108],"product_tag":[],"class_list":{"0":"post-5651","1":"product","2":"type-product","3":"status-publish","4":"has-post-thumbnail","6":"product_cat-kardiologji","7":"product_cat-vemax","9":"first","10":"instock","11":"shipping-taxable","12":"purchasable","13":"product-type-simple"},"acf":[],"brands":[],"_links":{"self":[{"href":"https:\/\/exclusive-corporation.com\/en\/wp-json\/wp\/v2\/product\/5651","targetHints":{"allow":["GET"]}}],"collection":[{"href":"https:\/\/exclusive-corporation.com\/en\/wp-json\/wp\/v2\/product"}],"about":[{"href":"https:\/\/exclusive-corporation.com\/en\/wp-json\/wp\/v2\/types\/product"}],"replies":[{"embeddable":true,"href":"https:\/\/exclusive-corporation.com\/en\/wp-json\/wp\/v2\/comments?post=5651"}],"wp:featuredmedia":[{"embeddable":true,"href":"https:\/\/exclusive-corporation.com\/en\/wp-json\/wp\/v2\/media\/5652"}],"wp:attachment":[{"href":"https:\/\/exclusive-corporation.com\/en\/wp-json\/wp\/v2\/media?parent=5651"}],"wp:term":[{"taxonomy":"pwb-brand","embeddable":true,"href":"https:\/\/exclusive-corporation.com\/en\/wp-json\/wp\/v2\/pwb-brand?post=5651"},{"taxonomy":"product_brand","embeddable":true,"href":"https:\/\/exclusive-corporation.com\/en\/wp-json\/wp\/v2\/product_brand?post=5651"},{"taxonomy":"product_cat","embeddable":true,"href":"https:\/\/exclusive-corporation.com\/en\/wp-json\/wp\/v2\/product_cat?post=5651"},{"taxonomy":"product_tag","embeddable":true,"href":"https:\/\/exclusive-corporation.com\/en\/wp-json\/wp\/v2\/product_tag?post=5651"}],"curies":[{"name":"wp","href":"https:\/\/api.w.org\/{rel}","templated":true}]}}