{"id":5647,"date":"2025-08-27T11:55:20","date_gmt":"2025-08-27T11:55:20","guid":{"rendered":"https:\/\/exclusive-corporation.com\/?post_type=product&#038;p=5647"},"modified":"2025-10-13T15:11:01","modified_gmt":"2025-10-13T15:11:01","slug":"artox-gel-100-ml","status":"publish","type":"product","link":"https:\/\/exclusive-corporation.com\/en\/product\/artox-gel-100-ml\/","title":{"rendered":"ARTOX GEL 100 ML"},"content":{"rendered":"<div class=\"et_pb_row et_pb_row_2\">\n<div class=\"et_pb_column et_pb_column_4_4 et_pb_column_4 et_pb_css_mix_blend_mode_passthrough et-last-child\">\n<div class=\"et_pb_module et_pb_text et_pb_text_3 et_pb_text_align_left et_pb_bg_layout_light\">\n<div class=\"et_pb_text_inner\">\n<p><strong><span dir=\"auto\">Artox Ge<\/span><\/strong><span dir=\"auto\">\u00a0l \u00ebsht\u00eb nj\u00eb formul\u00eb e bazuar n\u00eb ekstraktin e rr\u00ebnj\u00ebs s\u00eb Harpagophitum procumbens (Kthetra e Djallit), ekstraktin e lules Arnica montana (Arnica e Malit), sulfatin e glukozamin\u00ebs, sulfatin e kondroitin\u00ebs, mentolin dhe pantenolin.<\/span><\/p>\n<p><span dir=\"auto\">P\u00ebr shkak t\u00eb efektit t\u00eb tij osmotik dhe p\u00ebrb\u00ebr\u00ebsve t\u00eb tij t\u00eb paq\u00ebndruesh\u00ebm, ky produkt \u00ebsht\u00eb i dobish\u00ebm p\u00ebr leht\u00ebsimin e dhimbjeve n\u00eb muskuj ose nyje.<\/span><\/p>\n<\/div>\n<\/div>\n<\/div>\n<\/div>\n<div class=\"et_pb_row et_pb_row_3\">\n<div class=\"et_pb_column et_pb_column_4_4 et_pb_column_5 et_pb_css_mix_blend_mode_passthrough et-last-child\">\n<div class=\"et_pb_module et_pb_text et_pb_text_4 et_pb_text_align_center et_pb_bg_layout_light\">\n<div class=\"et_pb_text_inner\">\n<h4><strong><span dir=\"auto\">F\u00ebrkoni leht\u00eb vendin e l\u00ebnduar 2-3 her\u00eb n\u00eb dit\u00eb!<\/span><\/strong><\/h4>\n<\/div>\n<\/div>\n<div class=\"et_pb_module et_pb_text et_pb_text_5 et_pb_text_align_left et_pb_bg_layout_light\">\n<div class=\"et_pb_text_inner\">\n<blockquote><p><span dir=\"auto\">P\u00ebrb\u00ebr\u00ebsit aktiv\u00eb t\u00eb xhelit Artox kan\u00eb gjithashtu veti anti-inflamatore, anti-edematoze dhe analgjezike, duke pasur nj\u00eb efekt t\u00eb dobish\u00ebm n\u00eb zvog\u00eblimin e dhimbjes, \u00ebnjtjes dhe inflamacionit.<\/span><\/p><\/blockquote>\n<p><span dir=\"auto\">\u00cbsht\u00eb i treguar p\u00ebr p\u00ebrdorim n\u00eb d\u00ebmtimet e lokalizuara t\u00eb sistemit muskuloskeletor dhe muskulor, n\u00eb gjendje akute dhe kronike p\u00ebrgjat\u00eb shtyll\u00ebs kurrizore, dhe ka nj\u00eb efekt t\u00eb favorsh\u00ebm n\u00eb reumatizmin e indeve t\u00eb buta dhe reumatizmin inflamator.<\/span><\/p>\n<p><span dir=\"auto\">\u00cbsht\u00eb efektiv n\u00eb d\u00ebmtimet sportive, pra n\u00eb tendionopatit\u00eb akute dhe kronike.<\/span><\/p>\n<\/div>\n<\/div>\n<\/div>\n<\/div>","protected":false},"excerpt":{"rendered":"<p><strong><span dir=\"auto\">Efektive kund\u00ebr dhimbjes, inflamacionit dhe \u00ebnjtjes!<\/span><\/strong><\/p>\n<ul>\n<li><span dir=\"auto\">Artroz\u00eb<\/span><\/li>\n<li><span dir=\"auto\">Gjendjet e shtyll\u00ebs kurrizore<\/span><\/li>\n<li><span dir=\"auto\">Reumatizmi i indeve t\u00eb buta<\/span><\/li>\n<li><span dir=\"auto\">Reumatizmi inflamator<\/span><\/li>\n<li><span dir=\"auto\">Gjendjet pas l\u00ebndimeve<\/span><\/li>\n<li><span dir=\"auto\">Tendinopatia<\/span><\/li>\n<\/ul>","protected":false},"featured_media":5648,"comment_status":"open","ping_status":"closed","template":"","meta":{"_acf_changed":false,"content-type":""},"pwb-brand":[],"product_brand":[],"product_cat":[113,128,108],"product_tag":[],"class_list":{"0":"post-5647","1":"product","2":"type-product","3":"status-publish","4":"has-post-thumbnail","6":"product_cat-dermakozmetika","7":"product_cat-ortopedi-reumatologji","8":"product_cat-vemax","10":"first","11":"instock","12":"shipping-taxable","13":"purchasable","14":"product-type-simple"},"acf":[],"brands":[],"_links":{"self":[{"href":"https:\/\/exclusive-corporation.com\/en\/wp-json\/wp\/v2\/product\/5647","targetHints":{"allow":["GET"]}}],"collection":[{"href":"https:\/\/exclusive-corporation.com\/en\/wp-json\/wp\/v2\/product"}],"about":[{"href":"https:\/\/exclusive-corporation.com\/en\/wp-json\/wp\/v2\/types\/product"}],"replies":[{"embeddable":true,"href":"https:\/\/exclusive-corporation.com\/en\/wp-json\/wp\/v2\/comments?post=5647"}],"wp:featuredmedia":[{"embeddable":true,"href":"https:\/\/exclusive-corporation.com\/en\/wp-json\/wp\/v2\/media\/5648"}],"wp:attachment":[{"href":"https:\/\/exclusive-corporation.com\/en\/wp-json\/wp\/v2\/media?parent=5647"}],"wp:term":[{"taxonomy":"pwb-brand","embeddable":true,"href":"https:\/\/exclusive-corporation.com\/en\/wp-json\/wp\/v2\/pwb-brand?post=5647"},{"taxonomy":"product_brand","embeddable":true,"href":"https:\/\/exclusive-corporation.com\/en\/wp-json\/wp\/v2\/product_brand?post=5647"},{"taxonomy":"product_cat","embeddable":true,"href":"https:\/\/exclusive-corporation.com\/en\/wp-json\/wp\/v2\/product_cat?post=5647"},{"taxonomy":"product_tag","embeddable":true,"href":"https:\/\/exclusive-corporation.com\/en\/wp-json\/wp\/v2\/product_tag?post=5647"}],"curies":[{"name":"wp","href":"https:\/\/api.w.org\/{rel}","templated":true}]}}