{"id":5595,"date":"2025-08-26T14:51:15","date_gmt":"2025-08-26T14:51:15","guid":{"rendered":"https:\/\/exclusive-corporation.com\/?post_type=product&#038;p=5595"},"modified":"2025-10-13T15:00:22","modified_gmt":"2025-10-13T15:00:22","slug":"bisolvon-2mg-ml-sol-40-ml","status":"publish","type":"product","link":"https:\/\/exclusive-corporation.com\/en\/product\/bisolvon-2mg-ml-sol-40-ml\/","title":{"rendered":"BISOLVON 2MG\/ML SOL 40 ML"},"content":{"rendered":"","protected":false},"excerpt":{"rendered":"<p>Tret\u00ebsira orale Bisolvon \u00ebsht\u00eb e indikuar p\u00ebr trajtimin e s\u00ebmundjeve akute dhe kronike t\u00eb frym\u00ebmarrjes, t\u00eb shoq\u00ebruara me koll\u00eb dhe prodhim g\u00eblbaze. Ai vepron si mukolitik, dometh\u00ebn\u00eb lag depozitat e mukusit n\u00eb traktin respirator, duke leht\u00ebsuar eliminimin e tyre.<\/p>","protected":false},"featured_media":5596,"comment_status":"open","ping_status":"closed","template":"","meta":{"_acf_changed":false,"content-type":""},"pwb-brand":[],"product_brand":[],"product_cat":[133,102],"product_tag":[],"class_list":{"0":"post-5595","1":"product","2":"type-product","3":"status-publish","4":"has-post-thumbnail","6":"product_cat-pediatri","7":"product_cat-sanof","9":"first","10":"instock","11":"shipping-taxable","12":"purchasable","13":"product-type-simple"},"acf":[],"brands":[],"_links":{"self":[{"href":"https:\/\/exclusive-corporation.com\/en\/wp-json\/wp\/v2\/product\/5595","targetHints":{"allow":["GET"]}}],"collection":[{"href":"https:\/\/exclusive-corporation.com\/en\/wp-json\/wp\/v2\/product"}],"about":[{"href":"https:\/\/exclusive-corporation.com\/en\/wp-json\/wp\/v2\/types\/product"}],"replies":[{"embeddable":true,"href":"https:\/\/exclusive-corporation.com\/en\/wp-json\/wp\/v2\/comments?post=5595"}],"wp:featuredmedia":[{"embeddable":true,"href":"https:\/\/exclusive-corporation.com\/en\/wp-json\/wp\/v2\/media\/5596"}],"wp:attachment":[{"href":"https:\/\/exclusive-corporation.com\/en\/wp-json\/wp\/v2\/media?parent=5595"}],"wp:term":[{"taxonomy":"pwb-brand","embeddable":true,"href":"https:\/\/exclusive-corporation.com\/en\/wp-json\/wp\/v2\/pwb-brand?post=5595"},{"taxonomy":"product_brand","embeddable":true,"href":"https:\/\/exclusive-corporation.com\/en\/wp-json\/wp\/v2\/product_brand?post=5595"},{"taxonomy":"product_cat","embeddable":true,"href":"https:\/\/exclusive-corporation.com\/en\/wp-json\/wp\/v2\/product_cat?post=5595"},{"taxonomy":"product_tag","embeddable":true,"href":"https:\/\/exclusive-corporation.com\/en\/wp-json\/wp\/v2\/product_tag?post=5595"}],"curies":[{"name":"wp","href":"https:\/\/api.w.org\/{rel}","templated":true}]}}