{"id":5593,"date":"2025-08-26T14:43:54","date_gmt":"2025-08-26T14:43:54","guid":{"rendered":"https:\/\/exclusive-corporation.com\/?post_type=product&#038;p=5593"},"modified":"2025-10-14T08:13:12","modified_gmt":"2025-10-14T08:13:12","slug":"ber-detox-sirup-250-ml","status":"publish","type":"product","link":"https:\/\/exclusive-corporation.com\/en\/product\/ber-detox-sirup-250-ml\/","title":{"rendered":"BER-DETOX SIRUP 250 ml"},"content":{"rendered":"","protected":false},"excerpt":{"rendered":"<p>Ber-Detox \u00ebsht\u00eb nj\u00eb shtes\u00eb ushqimore me baz\u00eb uji, trash\u00ebsues (glicerin\u00eb), arom\u00eb (luleshtrydhe), ekstrakte t\u00eb thata t\u00eb gjetheve t\u00eb angjinares (Cynara scolymus) (2.5% cinarin\u00eb), citrat koline, ekstrakt i that\u00eb i frutave t\u00eb gjemba\u00e7it t\u00eb qum\u00ebshtit (Silybum marianum) (80% silimarin\u00eb), L-Metionin\u00eb, Inosititin\u00eb.ol, trash\u00ebsues (gom\u00eb x antana), konservues (sorbat kaliumi), klorur berberine (l\u00ebvorja e Phellodendron amurense), ekstrakt i that\u00eb i gjetheve t\u00eb desmodio (Desmodium ascendens) (10:1), ekstrakt i that\u00eb i gjetheve t\u00eb boldo (Peumus boldus) (0.05% boldin\u00eb), acidifikues (acid citrik e), komplekse kurkumine X ada (beta-ciklo) dekstrin\u00eb dhe ekstrakt rr\u00ebnje longa t\u00eb shafranit t\u00eb Indis\u00eb, i standardizuar si kurkumin\u00eb*), \u00ebmb\u00eblsues (sukraloz\u00eb, glikozide stevioli). Vjen n\u00eb nj\u00eb shishe 250 ml. P\u00ebrmban kod\u00ebr, nj\u00eb p\u00ebrb\u00ebr\u00ebs thelb\u00ebsor q\u00eb ndihmon n\u00eb largimin e yndyr\u00ebs nga m\u00ebl\u00e7ia, duke ndihmuar n\u00eb parandalimin e s\u00ebmundjes s\u00eb m\u00ebl\u00e7is\u00eb yndyrore joalkoolike. Dhe gjithashtu e liron m\u00ebl\u00e7in\u00eb p\u00ebr t\u00eb kryer funksionet e saj kryesore. Berberina \u00ebsht\u00eb nj\u00eb alkaloid natyral dhe bimor q\u00eb ul nivelet e kolesterolit dhe glukoz\u00ebs n\u00eb gjak, gjithashtu p\u00ebrmir\u00ebson funksionin e m\u00ebl\u00e7is\u00eb dhe k\u00ebshtu zvog\u00eblon nivelet jonormale t\u00eb yndyr\u00ebs dhe yndyr\u00ebs. Udh\u00ebzime p\u00ebr p\u00ebrdorim: merrni 25 ml (got\u00eb mat\u00ebse) t\u00eb holluar n\u00eb 100 ml uj\u00eb ose l\u00ebng (rreth gjysm\u00eb gote uj\u00eb), nj\u00eb her\u00eb n\u00eb dit\u00eb. Tundeni para p\u00ebrdorimit. Mos harroni se shtesat dietike nuk duhet t\u00eb p\u00ebrdoren si z\u00ebvend\u00ebsim p\u00ebr nj\u00eb diet\u00eb t\u00eb larmishme dhe t\u00eb ekuilibruar dhe nj\u00eb stil jetese t\u00eb sh\u00ebndetsh\u00ebm. P\u00ebr grupet e rrezikut, rekomandohet t\u00eb konsultoheni me nj\u00eb profesionist para se t\u00eb merrni produktin. S\u00eb fundmi, ruajeni n\u00eb nj\u00eb vend t\u00eb fresk\u00ebt dhe t\u00eb that\u00eb. Mbajeni larg f\u00ebmij\u00ebve m\u00eb t\u00eb vegj\u00ebl.<\/p>","protected":false},"featured_media":5594,"comment_status":"open","ping_status":"closed","template":"","meta":{"_acf_changed":false,"content-type":""},"pwb-brand":[],"product_brand":[],"product_cat":[127,101],"product_tag":[],"class_list":{"0":"post-5593","1":"product","2":"type-product","3":"status-publish","4":"has-post-thumbnail","6":"product_cat-gastroentrologji","7":"product_cat-plameca","9":"first","10":"instock","11":"shipping-taxable","12":"purchasable","13":"product-type-simple"},"acf":[],"brands":[],"_links":{"self":[{"href":"https:\/\/exclusive-corporation.com\/en\/wp-json\/wp\/v2\/product\/5593","targetHints":{"allow":["GET"]}}],"collection":[{"href":"https:\/\/exclusive-corporation.com\/en\/wp-json\/wp\/v2\/product"}],"about":[{"href":"https:\/\/exclusive-corporation.com\/en\/wp-json\/wp\/v2\/types\/product"}],"replies":[{"embeddable":true,"href":"https:\/\/exclusive-corporation.com\/en\/wp-json\/wp\/v2\/comments?post=5593"}],"wp:featuredmedia":[{"embeddable":true,"href":"https:\/\/exclusive-corporation.com\/en\/wp-json\/wp\/v2\/media\/5594"}],"wp:attachment":[{"href":"https:\/\/exclusive-corporation.com\/en\/wp-json\/wp\/v2\/media?parent=5593"}],"wp:term":[{"taxonomy":"pwb-brand","embeddable":true,"href":"https:\/\/exclusive-corporation.com\/en\/wp-json\/wp\/v2\/pwb-brand?post=5593"},{"taxonomy":"product_brand","embeddable":true,"href":"https:\/\/exclusive-corporation.com\/en\/wp-json\/wp\/v2\/product_brand?post=5593"},{"taxonomy":"product_cat","embeddable":true,"href":"https:\/\/exclusive-corporation.com\/en\/wp-json\/wp\/v2\/product_cat?post=5593"},{"taxonomy":"product_tag","embeddable":true,"href":"https:\/\/exclusive-corporation.com\/en\/wp-json\/wp\/v2\/product_tag?post=5593"}],"curies":[{"name":"wp","href":"https:\/\/api.w.org\/{rel}","templated":true}]}}