{"id":5591,"date":"2025-08-26T14:17:36","date_gmt":"2025-08-26T14:17:36","guid":{"rendered":"https:\/\/exclusive-corporation.com\/?post_type=product&#038;p=5591"},"modified":"2025-10-13T14:49:39","modified_gmt":"2025-10-13T14:49:39","slug":"veno-balm-200-ml","status":"publish","type":"product","link":"https:\/\/exclusive-corporation.com\/en\/product\/veno-balm-200-ml\/","title":{"rendered":"VENO BALM 200 ML"},"content":{"rendered":"<div class=\"flex max-w-full flex-col grow\">\n<div class=\"min-h-8 text-message relative flex w-full flex-col items-end gap-2 text-start break-words whitespace-normal [.text-message+&amp;]:mt-5\" dir=\"auto\" data-message-author-role=\"assistant\" data-message-id=\"646e5aa6-bb77-47c4-880a-7f31a0219ed6\" data-message-model-slug=\"gpt-5\">\n<div class=\"flex w-full flex-col gap-1 empty:hidden first:pt-[3px]\">\n<div class=\"markdown prose dark:prose-invert w-full break-words light markdown-new-styling\">\n<p data-start=\"344\" data-end=\"660\">Ai \u00ebsht\u00eb i p\u00ebrgatitur sipas nj\u00eb recete tradicionale gjermane, i p\u00ebrb\u00ebr\u00eb nga shum\u00eb bim\u00eb mjek\u00ebsore t\u00eb rajoneve alpine: mente, vaj pishe siberiane, ekstrakt g\u00ebshtenje kali, mentol, ekstrakt gjethe hardhie, ekstrakt l\u00ebpushke, etj. P\u00ebrb\u00ebrja unike me bim\u00eb alpine dhe vajra esencial\u00eb vepron shpejt dhe n\u00eb m\u00ebnyr\u00eb efektive.<\/p>\n<p data-start=\"662\" data-end=\"676\"><strong data-start=\"662\" data-end=\"674\">Q\u00ebllimi:<\/strong><\/p>\n<ul data-start=\"677\" data-end=\"892\" data-is-last-node=\"\" data-is-only-node=\"\">\n<li data-start=\"677\" data-end=\"724\">\n<p data-start=\"679\" data-end=\"724\">K\u00ebmb\u00eb t\u00eb dhimbshme, t\u00eb \u00ebnjtura dhe t\u00eb r\u00ebnda<\/p>\n<\/li>\n<li data-start=\"725\" data-end=\"735\">\n<p data-start=\"727\" data-end=\"735\">Vari\u00e7e<\/p>\n<\/li>\n<li data-start=\"736\" data-end=\"774\">\n<p data-start=\"738\" data-end=\"774\">Inflamacion i venave sip\u00ebrfaq\u00ebsore<\/p>\n<\/li>\n<li data-start=\"775\" data-end=\"794\">\n<p data-start=\"777\" data-end=\"794\">Ng\u00ebr\u00e7e n\u00eb k\u00ebmb\u00eb<\/p>\n<\/li>\n<li data-start=\"795\" data-end=\"828\">\n<p data-start=\"797\" data-end=\"828\">Kapilar\u00eb t\u00eb \u00e7ar\u00eb dhe hematoma<\/p>\n<\/li>\n<li data-start=\"829\" data-end=\"859\">\n<p data-start=\"831\" data-end=\"859\">Qarkullim venoz i dob\u00ebsuar<\/p>\n<\/li>\n<li data-start=\"860\" data-end=\"892\" data-is-last-node=\"\">\n<p data-start=\"862\" data-end=\"892\" data-is-last-node=\"\">Tension dhe r\u00ebndes\u00eb n\u00eb k\u00ebmb\u00eb<\/p>\n<\/li>\n<\/ul>\n<\/div>\n<\/div>\n<\/div>\n<\/div>\n<div class=\"flex min-h-[46px] justify-start\"><\/div>\n<div class=\"mt-3 w-full empty:hidden\">\n<div class=\"text-center\">\n<div>\n<div class=\"inline-flex border border-gray-100 dark:border-gray-700 rounded-xl\">\n<div class=\"text-token-text-secondary flex items-center justify-center gap-4 px-4 py-2.5 text-sm whitespace-nowrap\"><\/div>\n<\/div>\n<\/div>\n<\/div>\n<\/div>\n","protected":false},"excerpt":{"rendered":"<p>Veno Balm &#8211; Krem alpin p\u00ebr venat \u00ebsht\u00eb nj\u00eb balsam natyral i destinuar p\u00ebr vena t\u00eb zgjeruara, kapilar\u00eb t\u00eb \u00e7ar\u00eb, k\u00ebmb\u00eb t\u00eb dhimbshme, t\u00eb \u00ebnjtura dhe t\u00eb r\u00ebnda, p\u00ebrmir\u00ebsimin e qarkullimit venoz t\u00eb dob\u00ebsuar, leht\u00ebsimin dhe eliminimin e dhimbjes n\u00eb k\u00ebmb\u00eb dhe shputa. Ky krem karakterizohet nga nj\u00eb arom\u00eb shum\u00eb e k\u00ebndshme e fresk\u00ebt e bim\u00ebve alpine.<\/p>","protected":false},"featured_media":5592,"comment_status":"open","ping_status":"closed","template":"","meta":{"_acf_changed":false,"content-type":""},"pwb-brand":[],"product_brand":[],"product_cat":[119,126,100],"product_tag":[],"class_list":{"0":"post-5591","1":"product","2":"type-product","3":"status-publish","4":"has-post-thumbnail","6":"product_cat-dermatologji","7":"product_cat-flebologji","8":"product_cat-natures-germany","10":"first","11":"instock","12":"shipping-taxable","13":"purchasable","14":"product-type-simple"},"acf":[],"brands":[],"_links":{"self":[{"href":"https:\/\/exclusive-corporation.com\/en\/wp-json\/wp\/v2\/product\/5591","targetHints":{"allow":["GET"]}}],"collection":[{"href":"https:\/\/exclusive-corporation.com\/en\/wp-json\/wp\/v2\/product"}],"about":[{"href":"https:\/\/exclusive-corporation.com\/en\/wp-json\/wp\/v2\/types\/product"}],"replies":[{"embeddable":true,"href":"https:\/\/exclusive-corporation.com\/en\/wp-json\/wp\/v2\/comments?post=5591"}],"wp:featuredmedia":[{"embeddable":true,"href":"https:\/\/exclusive-corporation.com\/en\/wp-json\/wp\/v2\/media\/5592"}],"wp:attachment":[{"href":"https:\/\/exclusive-corporation.com\/en\/wp-json\/wp\/v2\/media?parent=5591"}],"wp:term":[{"taxonomy":"pwb-brand","embeddable":true,"href":"https:\/\/exclusive-corporation.com\/en\/wp-json\/wp\/v2\/pwb-brand?post=5591"},{"taxonomy":"product_brand","embeddable":true,"href":"https:\/\/exclusive-corporation.com\/en\/wp-json\/wp\/v2\/product_brand?post=5591"},{"taxonomy":"product_cat","embeddable":true,"href":"https:\/\/exclusive-corporation.com\/en\/wp-json\/wp\/v2\/product_cat?post=5591"},{"taxonomy":"product_tag","embeddable":true,"href":"https:\/\/exclusive-corporation.com\/en\/wp-json\/wp\/v2\/product_tag?post=5591"}],"curies":[{"name":"wp","href":"https:\/\/api.w.org\/{rel}","templated":true}]}}