{"id":5587,"date":"2025-08-26T13:09:00","date_gmt":"2025-08-26T13:09:00","guid":{"rendered":"https:\/\/exclusive-corporation.com\/?post_type=product&#038;p=5587"},"modified":"2025-10-13T14:48:15","modified_gmt":"2025-10-13T14:48:15","slug":"alpen-flex-complex-40-x-1700-mg","status":"publish","type":"product","link":"https:\/\/exclusive-corporation.com\/en\/product\/alpen-flex-complex-40-x-1700-mg\/","title":{"rendered":"ALPEN FLEX COMPLEX 40 x 1700 MG"},"content":{"rendered":"","protected":false},"excerpt":{"rendered":"<p>Kompleksi Alpen Flex \u00ebsht\u00eb nj\u00eb kombinim i ekuilibruar i 16 p\u00ebrb\u00ebr\u00ebsve aktiv\u00eb p\u00ebr ruajtjen e funksionit normal t\u00eb nyjeve, kockave dhe k\u00ebrcit.<\/p>","protected":false},"featured_media":5590,"comment_status":"open","ping_status":"closed","template":"","meta":{"_acf_changed":false,"content-type":""},"pwb-brand":[],"product_brand":[],"product_cat":[100,128],"product_tag":[],"class_list":{"0":"post-5587","1":"product","2":"type-product","3":"status-publish","4":"has-post-thumbnail","6":"product_cat-natures-germany","7":"product_cat-ortopedi-reumatologji","9":"first","10":"instock","11":"shipping-taxable","12":"purchasable","13":"product-type-simple"},"acf":[],"brands":[],"_links":{"self":[{"href":"https:\/\/exclusive-corporation.com\/en\/wp-json\/wp\/v2\/product\/5587","targetHints":{"allow":["GET"]}}],"collection":[{"href":"https:\/\/exclusive-corporation.com\/en\/wp-json\/wp\/v2\/product"}],"about":[{"href":"https:\/\/exclusive-corporation.com\/en\/wp-json\/wp\/v2\/types\/product"}],"replies":[{"embeddable":true,"href":"https:\/\/exclusive-corporation.com\/en\/wp-json\/wp\/v2\/comments?post=5587"}],"wp:featuredmedia":[{"embeddable":true,"href":"https:\/\/exclusive-corporation.com\/en\/wp-json\/wp\/v2\/media\/5590"}],"wp:attachment":[{"href":"https:\/\/exclusive-corporation.com\/en\/wp-json\/wp\/v2\/media?parent=5587"}],"wp:term":[{"taxonomy":"pwb-brand","embeddable":true,"href":"https:\/\/exclusive-corporation.com\/en\/wp-json\/wp\/v2\/pwb-brand?post=5587"},{"taxonomy":"product_brand","embeddable":true,"href":"https:\/\/exclusive-corporation.com\/en\/wp-json\/wp\/v2\/product_brand?post=5587"},{"taxonomy":"product_cat","embeddable":true,"href":"https:\/\/exclusive-corporation.com\/en\/wp-json\/wp\/v2\/product_cat?post=5587"},{"taxonomy":"product_tag","embeddable":true,"href":"https:\/\/exclusive-corporation.com\/en\/wp-json\/wp\/v2\/product_tag?post=5587"}],"curies":[{"name":"wp","href":"https:\/\/api.w.org\/{rel}","templated":true}]}}