{"id":5544,"date":"2025-08-22T12:30:33","date_gmt":"2025-08-22T12:30:33","guid":{"rendered":"https:\/\/exclusive-corporation.com\/?post_type=product&#038;p=5544"},"modified":"2025-10-13T14:19:36","modified_gmt":"2025-10-13T14:19:36","slug":"ors-electrorush-liquid-apple-flavour-200-ml","status":"publish","type":"product","link":"https:\/\/exclusive-corporation.com\/en\/product\/ors-electrorush-liquid-apple-flavour-200-ml\/","title":{"rendered":"ORS ELECTRORUSH LIQUID APPLE FLAVOUR 200 ML"},"content":{"rendered":"","protected":false},"excerpt":{"rendered":"<h3 class=\"innttl mt-0\"><span dir=\"auto\">ELECTRORUSH PLUS<\/span><\/h3>\n<p><span dir=\"auto\">(L\u00ebng me elektrolit dhe minerale)<\/span><\/p>\n<p class=\"paradesc\"><span dir=\"auto\">Pasi krijuam inovacionin n\u00eb pijen ORS, t\u00eb gatshme p\u00ebr t\u2019u pir\u00eb, ndiem nevoj\u00ebn p\u00ebr t\u2019u p\u00ebrmir\u00ebsuar m\u00eb tej dhe p\u00ebr t\u00eb arritur m\u00eb shum\u00eb, k\u00ebshtu q\u00eb shpik\u00ebm terapin\u00eb e rihidratimit oral me l\u00ebng p\u00ebr t\u00eb rritur pranueshm\u00ebrin\u00eb e produktit, ve\u00e7an\u00ebrisht tek f\u00ebmij\u00ebt, dhe p\u00ebr t\u00eb rritur p\u00ebrmbajtjen ushqyese t\u00eb nj\u00eb pijeje me elektrolite.<\/span><\/p>\n<p class=\"paradesc pt-3\"><strong><span dir=\"auto\">P\u00ebrfitimet<\/span><\/strong><span dir=\"auto\">\u00a0:<\/span><\/p>\n<ul class=\"renp2\">\n<li><span dir=\"auto\">\u00cbsht\u00eb nj\u00eb l\u00ebng inovativ me elektrolite, l\u00ebnd\u00eb ushqyese, vitamina dhe minerale. Ky \u00ebsht\u00eb nj\u00eb formul\u00eb efektive me shum\u00eb p\u00ebrfitime.<\/span><\/li>\n<li><span dir=\"auto\">Ky produkt \u00ebsht\u00eb p\u00ebr f\u00ebmij\u00eb dhe t\u00eb rritur<\/span><\/li>\n<li><span dir=\"auto\">\u00cbsht\u00eb i pasuruar me minerale dhe vitamin\u00eb C, q\u00eb ndihmon n\u00eb ruajtjen e nivelit t\u00eb elektroliteve n\u00eb trup.<\/span><\/li>\n<li><span dir=\"auto\">\u00cbsht\u00eb shum\u00eb i dobish\u00ebm p\u00ebr adhuruesit e sporteve pasi parandalon dehidratimin dhe ng\u00ebr\u00e7et muskulore.<\/span><\/li>\n<li><span dir=\"auto\">Rrit\u00ebs energjie i rekomanduar p\u00ebr atlet\u00ebt.<\/span><\/li>\n<\/ul>","protected":false},"featured_media":5546,"comment_status":"open","ping_status":"closed","template":"","meta":{"_acf_changed":false,"content-type":""},"pwb-brand":[],"product_brand":[],"product_cat":[98,133,89],"product_tag":[],"class_list":{"0":"post-5544","1":"product","2":"type-product","3":"status-publish","4":"has-post-thumbnail","6":"product_cat-halewood","7":"product_cat-pediatri","8":"product_cat-vitamina","10":"first","11":"instock","12":"shipping-taxable","13":"purchasable","14":"product-type-simple"},"acf":[],"brands":[],"_links":{"self":[{"href":"https:\/\/exclusive-corporation.com\/en\/wp-json\/wp\/v2\/product\/5544","targetHints":{"allow":["GET"]}}],"collection":[{"href":"https:\/\/exclusive-corporation.com\/en\/wp-json\/wp\/v2\/product"}],"about":[{"href":"https:\/\/exclusive-corporation.com\/en\/wp-json\/wp\/v2\/types\/product"}],"replies":[{"embeddable":true,"href":"https:\/\/exclusive-corporation.com\/en\/wp-json\/wp\/v2\/comments?post=5544"}],"wp:featuredmedia":[{"embeddable":true,"href":"https:\/\/exclusive-corporation.com\/en\/wp-json\/wp\/v2\/media\/5546"}],"wp:attachment":[{"href":"https:\/\/exclusive-corporation.com\/en\/wp-json\/wp\/v2\/media?parent=5544"}],"wp:term":[{"taxonomy":"pwb-brand","embeddable":true,"href":"https:\/\/exclusive-corporation.com\/en\/wp-json\/wp\/v2\/pwb-brand?post=5544"},{"taxonomy":"product_brand","embeddable":true,"href":"https:\/\/exclusive-corporation.com\/en\/wp-json\/wp\/v2\/product_brand?post=5544"},{"taxonomy":"product_cat","embeddable":true,"href":"https:\/\/exclusive-corporation.com\/en\/wp-json\/wp\/v2\/product_cat?post=5544"},{"taxonomy":"product_tag","embeddable":true,"href":"https:\/\/exclusive-corporation.com\/en\/wp-json\/wp\/v2\/product_tag?post=5544"}],"curies":[{"name":"wp","href":"https:\/\/api.w.org\/{rel}","templated":true}]}}