{"id":5541,"date":"2025-08-22T12:28:41","date_gmt":"2025-08-22T12:28:41","guid":{"rendered":"https:\/\/exclusive-corporation.com\/?post_type=product&#038;p=5541"},"modified":"2025-10-13T14:19:14","modified_gmt":"2025-10-13T14:19:14","slug":"ors-electrorush-lemon-eff-a-10","status":"publish","type":"product","link":"https:\/\/exclusive-corporation.com\/en\/product\/ors-electrorush-lemon-eff-a-10\/","title":{"rendered":"ORS ELECTRORUSH LEMON EFF A 10"},"content":{"rendered":"","protected":false},"excerpt":{"rendered":"<h3 class=\"innttl mt-0\"><span dir=\"auto\">ELECTRORUSH-Z<\/span><\/h3>\n<p><span dir=\"auto\">(Pije q\u00eb rrit energjin\u00eb)<\/span><\/p>\n<p class=\"paradesc\"><span dir=\"auto\">Shum\u00eb popullor n\u00eb mesin e f\u00ebmij\u00ebve, \u00ebsht\u00eb nj\u00eb p\u00ebrforcues perfekt i energjis\u00eb n\u00eb vap\u00eb ekstreme dhe kur ata kan\u00eb or\u00eb t\u00eb gjata loje.<\/span><\/p>\n<p class=\"paradesc\"><span dir=\"auto\">Paketimi &#8211; 35gm, 105gm, 210gm.<\/span><\/p>\n<p class=\"paradesc\"><span dir=\"auto\">Aromat &#8211; Ananas, Portokall, Limon dhe Mango.<\/span><\/p>\n<p class=\"paradesc pt-3\"><strong><span dir=\"auto\">P\u00ebrfitimet<\/span><\/strong><span dir=\"auto\">\u00a0:<\/span><\/p>\n<ul class=\"renp2\">\n<li><span dir=\"auto\">I pasuruar me vitamin\u00eb C, glukoz\u00eb dhe zink.<\/span><\/li>\n<li><span dir=\"auto\">I mir\u00eb n\u00eb shije.<\/span><\/li>\n<li><span dir=\"auto\">P\u00ebrforcues i Energjis\u00eb.<\/span><\/li>\n<\/ul>","protected":false},"featured_media":5543,"comment_status":"open","ping_status":"closed","template":"","meta":{"_acf_changed":false,"content-type":""},"pwb-brand":[],"product_brand":[],"product_cat":[98,133,89],"product_tag":[],"class_list":{"0":"post-5541","1":"product","2":"type-product","3":"status-publish","4":"has-post-thumbnail","6":"product_cat-halewood","7":"product_cat-pediatri","8":"product_cat-vitamina","10":"first","11":"instock","12":"shipping-taxable","13":"purchasable","14":"product-type-simple"},"acf":[],"brands":[],"_links":{"self":[{"href":"https:\/\/exclusive-corporation.com\/en\/wp-json\/wp\/v2\/product\/5541","targetHints":{"allow":["GET"]}}],"collection":[{"href":"https:\/\/exclusive-corporation.com\/en\/wp-json\/wp\/v2\/product"}],"about":[{"href":"https:\/\/exclusive-corporation.com\/en\/wp-json\/wp\/v2\/types\/product"}],"replies":[{"embeddable":true,"href":"https:\/\/exclusive-corporation.com\/en\/wp-json\/wp\/v2\/comments?post=5541"}],"wp:featuredmedia":[{"embeddable":true,"href":"https:\/\/exclusive-corporation.com\/en\/wp-json\/wp\/v2\/media\/5543"}],"wp:attachment":[{"href":"https:\/\/exclusive-corporation.com\/en\/wp-json\/wp\/v2\/media?parent=5541"}],"wp:term":[{"taxonomy":"pwb-brand","embeddable":true,"href":"https:\/\/exclusive-corporation.com\/en\/wp-json\/wp\/v2\/pwb-brand?post=5541"},{"taxonomy":"product_brand","embeddable":true,"href":"https:\/\/exclusive-corporation.com\/en\/wp-json\/wp\/v2\/product_brand?post=5541"},{"taxonomy":"product_cat","embeddable":true,"href":"https:\/\/exclusive-corporation.com\/en\/wp-json\/wp\/v2\/product_cat?post=5541"},{"taxonomy":"product_tag","embeddable":true,"href":"https:\/\/exclusive-corporation.com\/en\/wp-json\/wp\/v2\/product_tag?post=5541"}],"curies":[{"name":"wp","href":"https:\/\/api.w.org\/{rel}","templated":true}]}}