{"id":5540,"date":"2025-08-22T12:19:23","date_gmt":"2025-08-22T12:19:23","guid":{"rendered":"https:\/\/exclusive-corporation.com\/?post_type=product&#038;p=5540"},"modified":"2025-10-13T14:13:39","modified_gmt":"2025-10-13T14:13:39","slug":"gelsectan-30-caps","status":"publish","type":"product","link":"https:\/\/exclusive-corporation.com\/en\/product\/gelsectan-30-caps\/","title":{"rendered":"GELSECTAN 30 CAPS"},"content":{"rendered":"","protected":false},"excerpt":{"rendered":"<p><span dir=\"auto\">Nj\u00eb formul\u00eb inovative q\u00eb krijon nj\u00eb film mbrojt\u00ebs q\u00eb mbron mukoz\u00ebn e zorr\u00ebve, rigjeneron flor\u00ebn e zorr\u00ebve dhe k\u00ebshtu zvog\u00eblon simptomat e IBS-s\u00eb.<\/span><\/p>\n<ul>\n<li><span dir=\"auto\">Rivendos funksionin e zorr\u00ebve tek pacient\u00ebt q\u00eb vuajn\u00eb nga ndryshimet e shkaktuara nga IBS<\/span><\/li>\n<li><span dir=\"auto\">Leht\u00ebson simptomat, parandalon diarren\u00eb kronike ose t\u00eb p\u00ebrs\u00ebritur, tensionin e barkut, dhimbjen dhe fryrjen<\/span><\/li>\n<li><span dir=\"auto\">Formon nj\u00eb biofilm mbrojt\u00ebs n\u00eb sip\u00ebrfaqen e mukoz\u00ebs<\/span><\/li>\n<li><span dir=\"auto\">Mund t\u00eb p\u00ebrmir\u00ebsoj\u00eb p\u00ebrb\u00ebrjen e flor\u00ebs s\u00eb zorr\u00ebve<\/span><\/li>\n<li><span dir=\"auto\">Ka efikasitet t\u00eb konfirmuar, t\u00eb provuar n\u00eb provat klinike<\/span><\/li>\n<li><span dir=\"auto\">Nuk dihen efekte an\u00ebsore<\/span><\/li>\n<\/ul>","protected":false},"featured_media":5542,"comment_status":"open","ping_status":"closed","template":"","meta":{"_acf_changed":false,"content-type":""},"pwb-brand":[],"product_brand":[],"product_cat":[127,97],"product_tag":[],"class_list":{"0":"post-5540","1":"product","2":"type-product","3":"status-publish","4":"has-post-thumbnail","6":"product_cat-gastroentrologji","7":"product_cat-goodwill","9":"first","10":"instock","11":"shipping-taxable","12":"purchasable","13":"product-type-simple"},"acf":[],"brands":[],"_links":{"self":[{"href":"https:\/\/exclusive-corporation.com\/en\/wp-json\/wp\/v2\/product\/5540","targetHints":{"allow":["GET"]}}],"collection":[{"href":"https:\/\/exclusive-corporation.com\/en\/wp-json\/wp\/v2\/product"}],"about":[{"href":"https:\/\/exclusive-corporation.com\/en\/wp-json\/wp\/v2\/types\/product"}],"replies":[{"embeddable":true,"href":"https:\/\/exclusive-corporation.com\/en\/wp-json\/wp\/v2\/comments?post=5540"}],"wp:featuredmedia":[{"embeddable":true,"href":"https:\/\/exclusive-corporation.com\/en\/wp-json\/wp\/v2\/media\/5542"}],"wp:attachment":[{"href":"https:\/\/exclusive-corporation.com\/en\/wp-json\/wp\/v2\/media?parent=5540"}],"wp:term":[{"taxonomy":"pwb-brand","embeddable":true,"href":"https:\/\/exclusive-corporation.com\/en\/wp-json\/wp\/v2\/pwb-brand?post=5540"},{"taxonomy":"product_brand","embeddable":true,"href":"https:\/\/exclusive-corporation.com\/en\/wp-json\/wp\/v2\/product_brand?post=5540"},{"taxonomy":"product_cat","embeddable":true,"href":"https:\/\/exclusive-corporation.com\/en\/wp-json\/wp\/v2\/product_cat?post=5540"},{"taxonomy":"product_tag","embeddable":true,"href":"https:\/\/exclusive-corporation.com\/en\/wp-json\/wp\/v2\/product_tag?post=5540"}],"curies":[{"name":"wp","href":"https:\/\/api.w.org\/{rel}","templated":true}]}}