{"id":5538,"date":"2025-08-22T10:07:24","date_gmt":"2025-08-22T10:07:24","guid":{"rendered":"https:\/\/exclusive-corporation.com\/?post_type=product&#038;p=5538"},"modified":"2025-10-13T14:11:19","modified_gmt":"2025-10-13T14:11:19","slug":"enzimax-forte-cps-a-20","status":"publish","type":"product","link":"https:\/\/exclusive-corporation.com\/en\/product\/enzimax-forte-cps-a-20\/","title":{"rendered":"ENZIMAX FORTE CPS A 20"},"content":{"rendered":"","protected":false},"excerpt":{"rendered":"<ul>\n<li><strong><span dir=\"auto\">Klinikisht i provuar tretje 3-5 her\u00eb m\u00eb e shpejt\u00eb<\/span><\/strong><\/li>\n<li><span dir=\"auto\">Teknologji inovative (kapsul\u00eb brenda nj\u00eb kapsule) q\u00eb lejon tretjen si n\u00eb stomak ashtu edhe n\u00eb zorr\u00eb<\/span><\/li>\n<li><span dir=\"auto\">I destinuar p\u00ebr njer\u00ebzit me probleme me tretjen, pankreatit kronik dhe heqje t\u00eb fshik\u00ebz\u00ebs s\u00eb t\u00ebmthit<\/span><\/li>\n<li><span dir=\"auto\">Leht\u00ebson shqet\u00ebsimin pas nj\u00eb vakti t\u00eb r\u00ebnd\u00eb<\/span><\/li>\n<li><span dir=\"auto\">L\u00ebshon gazra n\u00eb zorr\u00eb<\/span><\/li>\n<li><span dir=\"auto\">Enzimat nuk jan\u00eb me origjin\u00eb shtazore &#8211; t\u00eb p\u00ebrshtatshme p\u00ebr vegjetarian\u00eb<\/span><\/li>\n<\/ul>","protected":false},"featured_media":5539,"comment_status":"open","ping_status":"closed","template":"","meta":{"_acf_changed":false,"content-type":""},"pwb-brand":[],"product_brand":[],"product_cat":[127,97],"product_tag":[],"class_list":{"0":"post-5538","1":"product","2":"type-product","3":"status-publish","4":"has-post-thumbnail","6":"product_cat-gastroentrologji","7":"product_cat-goodwill","9":"first","10":"instock","11":"shipping-taxable","12":"purchasable","13":"product-type-simple"},"acf":[],"brands":[],"_links":{"self":[{"href":"https:\/\/exclusive-corporation.com\/en\/wp-json\/wp\/v2\/product\/5538","targetHints":{"allow":["GET"]}}],"collection":[{"href":"https:\/\/exclusive-corporation.com\/en\/wp-json\/wp\/v2\/product"}],"about":[{"href":"https:\/\/exclusive-corporation.com\/en\/wp-json\/wp\/v2\/types\/product"}],"replies":[{"embeddable":true,"href":"https:\/\/exclusive-corporation.com\/en\/wp-json\/wp\/v2\/comments?post=5538"}],"wp:featuredmedia":[{"embeddable":true,"href":"https:\/\/exclusive-corporation.com\/en\/wp-json\/wp\/v2\/media\/5539"}],"wp:attachment":[{"href":"https:\/\/exclusive-corporation.com\/en\/wp-json\/wp\/v2\/media?parent=5538"}],"wp:term":[{"taxonomy":"pwb-brand","embeddable":true,"href":"https:\/\/exclusive-corporation.com\/en\/wp-json\/wp\/v2\/pwb-brand?post=5538"},{"taxonomy":"product_brand","embeddable":true,"href":"https:\/\/exclusive-corporation.com\/en\/wp-json\/wp\/v2\/product_brand?post=5538"},{"taxonomy":"product_cat","embeddable":true,"href":"https:\/\/exclusive-corporation.com\/en\/wp-json\/wp\/v2\/product_cat?post=5538"},{"taxonomy":"product_tag","embeddable":true,"href":"https:\/\/exclusive-corporation.com\/en\/wp-json\/wp\/v2\/product_tag?post=5538"}],"curies":[{"name":"wp","href":"https:\/\/api.w.org\/{rel}","templated":true}]}}