{"id":5535,"date":"2025-08-22T10:05:18","date_gmt":"2025-08-22T10:05:18","guid":{"rendered":"https:\/\/exclusive-corporation.com\/?post_type=product&#038;p=5535"},"modified":"2025-10-13T14:10:53","modified_gmt":"2025-10-13T14:10:53","slug":"zabolex-drops-5-ml","status":"publish","type":"product","link":"https:\/\/exclusive-corporation.com\/en\/product\/zabolex-drops-5-ml\/","title":{"rendered":"ZABOLEX DROPS 5 ml"},"content":{"rendered":"","protected":false},"excerpt":{"rendered":"<div>Pikat zabolex kund\u00ebr dhimbjes s\u00eb dh\u00ebmbit jan\u00eb preparat dentar i p\u00ebrb\u00ebr\u00eb nga komponent\u00eb aktiv\u00eb natyral\u00eb q\u00eb veprojn\u00eb si nj\u00eb antiseptik lokal dhe anestetik lokal n\u00eb zgavr\u00ebn e dh\u00ebmb\u00ebve p\u00ebr shkak t\u00eb lidhjeve fenolike dhe ketonike.<\/div>\n<div>Vaji esencial i karafilit ka nj\u00eb efekt t\u00eb fort\u00eb bakteriostatik dhe ka nj\u00eb efekt t\u00eb theksuar analgjezik lokal.<\/div>\n<div>Kamfora natyrale ka nj\u00eb efekt antiseptik dhe qet\u00ebsues, duke p\u00ebrmir\u00ebsuar qarkullimin n\u00eb rr\u00ebnj\u00ebn e dh\u00ebmbit dhe duke qet\u00ebsuar dhimbjet n\u00eb dh\u00ebmb\u00eb.<\/div>","protected":false},"featured_media":5536,"comment_status":"open","ping_status":"closed","template":"","meta":{"_acf_changed":false,"content-type":""},"pwb-brand":[],"product_brand":[],"product_cat":[96,140],"product_tag":[],"class_list":{"0":"post-5535","1":"product","2":"type-product","3":"status-publish","4":"has-post-thumbnail","6":"product_cat-fitofarm","7":"product_cat-stomatologji","9":"first","10":"instock","11":"shipping-taxable","12":"purchasable","13":"product-type-simple"},"acf":[],"brands":[],"_links":{"self":[{"href":"https:\/\/exclusive-corporation.com\/en\/wp-json\/wp\/v2\/product\/5535","targetHints":{"allow":["GET"]}}],"collection":[{"href":"https:\/\/exclusive-corporation.com\/en\/wp-json\/wp\/v2\/product"}],"about":[{"href":"https:\/\/exclusive-corporation.com\/en\/wp-json\/wp\/v2\/types\/product"}],"replies":[{"embeddable":true,"href":"https:\/\/exclusive-corporation.com\/en\/wp-json\/wp\/v2\/comments?post=5535"}],"wp:featuredmedia":[{"embeddable":true,"href":"https:\/\/exclusive-corporation.com\/en\/wp-json\/wp\/v2\/media\/5536"}],"wp:attachment":[{"href":"https:\/\/exclusive-corporation.com\/en\/wp-json\/wp\/v2\/media?parent=5535"}],"wp:term":[{"taxonomy":"pwb-brand","embeddable":true,"href":"https:\/\/exclusive-corporation.com\/en\/wp-json\/wp\/v2\/pwb-brand?post=5535"},{"taxonomy":"product_brand","embeddable":true,"href":"https:\/\/exclusive-corporation.com\/en\/wp-json\/wp\/v2\/product_brand?post=5535"},{"taxonomy":"product_cat","embeddable":true,"href":"https:\/\/exclusive-corporation.com\/en\/wp-json\/wp\/v2\/product_cat?post=5535"},{"taxonomy":"product_tag","embeddable":true,"href":"https:\/\/exclusive-corporation.com\/en\/wp-json\/wp\/v2\/product_tag?post=5535"}],"curies":[{"name":"wp","href":"https:\/\/api.w.org\/{rel}","templated":true}]}}