{"id":5533,"date":"2025-08-22T10:00:52","date_gmt":"2025-08-22T10:00:52","guid":{"rendered":"https:\/\/exclusive-corporation.com\/?post_type=product&#038;p=5533"},"modified":"2025-10-13T14:10:03","modified_gmt":"2025-10-13T14:10:03","slug":"veneton-cream-100-ml","status":"publish","type":"product","link":"https:\/\/exclusive-corporation.com\/en\/product\/veneton-cream-100-ml\/","title":{"rendered":"VENETON CREAM 100 ML"},"content":{"rendered":"","protected":false},"excerpt":{"rendered":"<div class=\"woocommerce-product-details__short-description\">\n<p><strong><span dir=\"auto\">P\u00ebrb\u00ebrja:<\/span><br \/>\n<\/strong><span dir=\"auto\">Kremi VENOTON p\u00ebrmban: Ekstrakt t\u00eb farave t\u00eb g\u00ebshtenj\u00ebs s\u00eb kuajve (ekstrakt t\u00eb farave t\u00eb Aesculus Hippocastanum)<\/span><br \/>\n<span dir=\"auto\">t\u00eb standardizuar n\u00eb min. 20% aescin, ekstrakt t\u00eb rr\u00ebnj\u00ebs s\u00eb bredhit t\u00eb kasapit (ekstrakt t\u00eb rr\u00ebnj\u00ebs s\u00eb Ruscus aculeatus)<\/span><br \/>\n<span dir=\"auto\">t\u00eb standardizuar n\u00eb min. 5% ruskogenin\u00eb, ekstrakt t\u00eb Gotu Kola (ekstrakt t\u00eb Centella asiatica)<\/span><br \/>\n<span dir=\"auto\">t\u00eb standardizuar n\u00eb min. 10% aziaticoside dhe min. 30% triterpene totale, troxerutin\u00eb dhe eksipient\u00eb.<\/span><\/p>\n<p><strong><span dir=\"auto\">Directions for use:<\/span><\/strong><br \/>\n<span dir=\"auto\">Pse duhet t\u00eb p\u00ebrdorni kremin Venoton: \u2013 ndihmon n\u00eb rastin e venave t\u00eb zgjeruara me edem\u00eb dhe ndjenj\u00eb r\u00ebndese dhe lodhjeje n\u00eb k\u00ebmb\u00eb, \u2013 zvog\u00eblon proceset inflamatore n\u00eb vena dhe leht\u00ebson shqet\u00ebsimet sh\u00ebndet\u00ebsore si rezultat i d\u00ebmtimeve t\u00eb indeve t\u00eb buta n\u00eb k\u00ebmb\u00eb (kontuzione, shtrirje) t\u00eb shoq\u00ebruara me \u00ebnjtje, dhimbje dhe mavijosje, &#8211; p\u00ebrmir\u00ebson mikroqarkullimin n\u00eb k\u00ebmb\u00eb duke parandaluar k\u00ebshtu mbajtjen e l\u00ebngjeve, n\u00eb nivel lokal.<\/span><\/p>\n<p><strong><span dir=\"auto\">Paketimi\u00a0<\/span><\/strong><strong><span dir=\"auto\">:<\/span><\/strong><span dir=\"auto\">\u00a0100 ml<\/span><\/p>\n<\/div>\n<div class=\"small-text weight-black greylinks\">\n<div class=\"product_meta\"><\/div>\n<\/div>","protected":false},"featured_media":5534,"comment_status":"open","ping_status":"closed","template":"","meta":{"_acf_changed":false,"content-type":""},"pwb-brand":[],"product_brand":[],"product_cat":[113,96,126,136],"product_tag":[],"class_list":{"0":"post-5533","1":"product","2":"type-product","3":"status-publish","4":"has-post-thumbnail","6":"product_cat-dermakozmetika","7":"product_cat-fitofarm","8":"product_cat-flebologji","9":"product_cat-kozmetike","11":"first","12":"instock","13":"shipping-taxable","14":"purchasable","15":"product-type-simple"},"acf":[],"brands":[],"_links":{"self":[{"href":"https:\/\/exclusive-corporation.com\/en\/wp-json\/wp\/v2\/product\/5533","targetHints":{"allow":["GET"]}}],"collection":[{"href":"https:\/\/exclusive-corporation.com\/en\/wp-json\/wp\/v2\/product"}],"about":[{"href":"https:\/\/exclusive-corporation.com\/en\/wp-json\/wp\/v2\/types\/product"}],"replies":[{"embeddable":true,"href":"https:\/\/exclusive-corporation.com\/en\/wp-json\/wp\/v2\/comments?post=5533"}],"wp:featuredmedia":[{"embeddable":true,"href":"https:\/\/exclusive-corporation.com\/en\/wp-json\/wp\/v2\/media\/5534"}],"wp:attachment":[{"href":"https:\/\/exclusive-corporation.com\/en\/wp-json\/wp\/v2\/media?parent=5533"}],"wp:term":[{"taxonomy":"pwb-brand","embeddable":true,"href":"https:\/\/exclusive-corporation.com\/en\/wp-json\/wp\/v2\/pwb-brand?post=5533"},{"taxonomy":"product_brand","embeddable":true,"href":"https:\/\/exclusive-corporation.com\/en\/wp-json\/wp\/v2\/product_brand?post=5533"},{"taxonomy":"product_cat","embeddable":true,"href":"https:\/\/exclusive-corporation.com\/en\/wp-json\/wp\/v2\/product_cat?post=5533"},{"taxonomy":"product_tag","embeddable":true,"href":"https:\/\/exclusive-corporation.com\/en\/wp-json\/wp\/v2\/product_tag?post=5533"}],"curies":[{"name":"wp","href":"https:\/\/api.w.org\/{rel}","templated":true}]}}