{"id":5531,"date":"2025-08-21T14:48:13","date_gmt":"2025-08-21T14:48:13","guid":{"rendered":"https:\/\/exclusive-corporation.com\/?post_type=product&#038;p=5531"},"modified":"2025-10-13T14:02:30","modified_gmt":"2025-10-13T14:02:30","slug":"vaj-ricini-castor-oil-50-ml","status":"publish","type":"product","link":"https:\/\/exclusive-corporation.com\/en\/product\/vaj-ricini-castor-oil-50-ml\/","title":{"rendered":"VAJ RICINI (CASTOR Oil) 50 ml"},"content":{"rendered":"","protected":false},"excerpt":{"rendered":"<p><strong><span dir=\"auto\">P\u00ebrb\u00ebrja:<\/span><br \/>\n<\/strong><span dir=\"auto\">Vaji i ricinit merret me shtrydhje t\u00eb ftoht\u00eb nga farat e pjekura dhe t\u00eb q\u00ebruara t\u00eb bim\u00ebs s\u00eb ricinit (Ricinus communis).<\/span><\/p>\n<p><strong><span dir=\"auto\">Veprimi\u00a0<\/span><\/strong><strong><span dir=\"auto\">:<\/span><br \/>\n<\/strong><span dir=\"auto\">Vaji i ricinit zbut, hidraton dhe qet\u00ebson l\u00ebkur\u00ebn e that\u00eb. Aplikojeni n\u00eb nj\u00eb shtres\u00eb t\u00eb holl\u00eb direkt n\u00eb l\u00ebkur\u00eb t\u00eb past\u00ebr, me masazh t\u00eb but\u00eb.<\/span><\/p>\n<p><strong><span dir=\"auto\">Directions for use:<\/span><br \/>\n<\/strong><span dir=\"auto\">P\u00ebr flok\u00eb t\u00eb but\u00eb, t\u00eb shndritsh\u00ebm dhe t\u00eb mir\u00ebmbajtur: duhet t\u00eb aplikohet n\u00eb flok\u00eb dhe t\u00eb lihet p\u00ebr 1 or\u00eb; m\u00eb pas t\u00eb shp\u00eblahet me shampo t\u00eb but\u00eb.<\/span><br \/>\n<span dir=\"auto\">Gjithashtu, vaji \u00ebsht\u00eb i p\u00ebrshtatsh\u00ebm p\u00ebr p\u00ebrdorim oral.<\/span><\/p>\n<p><strong><span dir=\"auto\">Paketimi:<\/span><\/strong><span dir=\"auto\">\u00a050 ml<\/span><\/p>","protected":false},"featured_media":5532,"comment_status":"open","ping_status":"closed","template":"","meta":{"_acf_changed":false,"content-type":""},"pwb-brand":[],"product_brand":[],"product_cat":[119,96],"product_tag":[],"class_list":{"0":"post-5531","1":"product","2":"type-product","3":"status-publish","4":"has-post-thumbnail","6":"product_cat-dermatologji","7":"product_cat-fitofarm","9":"first","10":"instock","11":"shipping-taxable","12":"purchasable","13":"product-type-simple"},"acf":[],"brands":[],"_links":{"self":[{"href":"https:\/\/exclusive-corporation.com\/en\/wp-json\/wp\/v2\/product\/5531","targetHints":{"allow":["GET"]}}],"collection":[{"href":"https:\/\/exclusive-corporation.com\/en\/wp-json\/wp\/v2\/product"}],"about":[{"href":"https:\/\/exclusive-corporation.com\/en\/wp-json\/wp\/v2\/types\/product"}],"replies":[{"embeddable":true,"href":"https:\/\/exclusive-corporation.com\/en\/wp-json\/wp\/v2\/comments?post=5531"}],"wp:featuredmedia":[{"embeddable":true,"href":"https:\/\/exclusive-corporation.com\/en\/wp-json\/wp\/v2\/media\/5532"}],"wp:attachment":[{"href":"https:\/\/exclusive-corporation.com\/en\/wp-json\/wp\/v2\/media?parent=5531"}],"wp:term":[{"taxonomy":"pwb-brand","embeddable":true,"href":"https:\/\/exclusive-corporation.com\/en\/wp-json\/wp\/v2\/pwb-brand?post=5531"},{"taxonomy":"product_brand","embeddable":true,"href":"https:\/\/exclusive-corporation.com\/en\/wp-json\/wp\/v2\/product_brand?post=5531"},{"taxonomy":"product_cat","embeddable":true,"href":"https:\/\/exclusive-corporation.com\/en\/wp-json\/wp\/v2\/product_cat?post=5531"},{"taxonomy":"product_tag","embeddable":true,"href":"https:\/\/exclusive-corporation.com\/en\/wp-json\/wp\/v2\/product_tag?post=5531"}],"curies":[{"name":"wp","href":"https:\/\/api.w.org\/{rel}","templated":true}]}}