{"id":5527,"date":"2025-08-21T14:43:31","date_gmt":"2025-08-21T14:43:31","guid":{"rendered":"https:\/\/exclusive-corporation.com\/?post_type=product&#038;p=5527"},"modified":"2025-10-13T14:04:29","modified_gmt":"2025-10-13T14:04:29","slug":"vaj-bademi-amygdale-oleum-50-ml","status":"publish","type":"product","link":"https:\/\/exclusive-corporation.com\/en\/product\/vaj-bademi-amygdale-oleum-50-ml\/","title":{"rendered":"VAJ BADEMI ( Amygdale Oleum) 50 ml"},"content":{"rendered":"","protected":false},"excerpt":{"rendered":"<p><strong><span dir=\"auto\">Veprimi\u00a0<\/span><\/strong><strong><span dir=\"auto\">:<\/span><br \/>\n<\/strong><span dir=\"auto\">Vaji i bajames ushqen dhe kujdeset p\u00ebr flok\u00ebt e that\u00eb dhe t\u00eb d\u00ebmtuar. Flok\u00ebt b\u00ebhen t\u00eb shndritsh\u00ebm, t\u00eb but\u00eb dhe parandalohet \u00e7arja e tyre. Gjithashtu ushqen dhe kujdeset p\u00ebr l\u00ebkur\u00ebn e that\u00eb dhe t\u00eb ndjeshme t\u00eb fytyr\u00ebs dhe qaf\u00ebs.<\/span><\/p>\n<p><strong><span dir=\"auto\">Directions for use:<\/span><br \/>\n<\/strong><span dir=\"auto\">Aplikojeni n\u00eb flok\u00eb dhe l\u00ebreni p\u00ebr 1 or\u00eb. Shp\u00eblajeni me shampo t\u00eb leht\u00eb. Aplikojeni n\u00eb fytyr\u00eb dhe qaf\u00eb duke e masazhuar leht\u00eb.<\/span><\/p>","protected":false},"featured_media":5528,"comment_status":"open","ping_status":"closed","template":"","meta":{"_acf_changed":false,"content-type":""},"pwb-brand":[],"product_brand":[],"product_cat":[113,119,96],"product_tag":[],"class_list":{"0":"post-5527","1":"product","2":"type-product","3":"status-publish","4":"has-post-thumbnail","6":"product_cat-dermakozmetika","7":"product_cat-dermatologji","8":"product_cat-fitofarm","10":"first","11":"instock","12":"shipping-taxable","13":"purchasable","14":"product-type-simple"},"acf":[],"brands":[],"_links":{"self":[{"href":"https:\/\/exclusive-corporation.com\/en\/wp-json\/wp\/v2\/product\/5527","targetHints":{"allow":["GET"]}}],"collection":[{"href":"https:\/\/exclusive-corporation.com\/en\/wp-json\/wp\/v2\/product"}],"about":[{"href":"https:\/\/exclusive-corporation.com\/en\/wp-json\/wp\/v2\/types\/product"}],"replies":[{"embeddable":true,"href":"https:\/\/exclusive-corporation.com\/en\/wp-json\/wp\/v2\/comments?post=5527"}],"wp:featuredmedia":[{"embeddable":true,"href":"https:\/\/exclusive-corporation.com\/en\/wp-json\/wp\/v2\/media\/5528"}],"wp:attachment":[{"href":"https:\/\/exclusive-corporation.com\/en\/wp-json\/wp\/v2\/media?parent=5527"}],"wp:term":[{"taxonomy":"pwb-brand","embeddable":true,"href":"https:\/\/exclusive-corporation.com\/en\/wp-json\/wp\/v2\/pwb-brand?post=5527"},{"taxonomy":"product_brand","embeddable":true,"href":"https:\/\/exclusive-corporation.com\/en\/wp-json\/wp\/v2\/product_brand?post=5527"},{"taxonomy":"product_cat","embeddable":true,"href":"https:\/\/exclusive-corporation.com\/en\/wp-json\/wp\/v2\/product_cat?post=5527"},{"taxonomy":"product_tag","embeddable":true,"href":"https:\/\/exclusive-corporation.com\/en\/wp-json\/wp\/v2\/product_tag?post=5527"}],"curies":[{"name":"wp","href":"https:\/\/api.w.org\/{rel}","templated":true}]}}