{"id":5517,"date":"2025-08-21T14:30:49","date_gmt":"2025-08-21T14:30:49","guid":{"rendered":"https:\/\/exclusive-corporation.com\/?post_type=product&#038;p=5517"},"modified":"2025-10-13T13:55:21","modified_gmt":"2025-10-13T13:55:21","slug":"silar-spray-100-ml","status":"publish","type":"product","link":"https:\/\/exclusive-corporation.com\/en\/product\/silar-spray-100-ml\/","title":{"rendered":"SILAR SPRAY 100 ML"},"content":{"rendered":"","protected":false},"excerpt":{"rendered":"<p class=\"p1\">SILAR SPREJ KUNDER AROMES SE KEMBEVE DHE DJERESITJES 100 ml<\/p>\n<p><strong><span dir=\"auto\">P\u00ebrb\u00ebrja:<\/span><br \/>\n<\/strong><span dir=\"auto\">Antidjers\u00ebs dhe Deodorizues<\/span><br \/>\n<span dir=\"auto\">Kontroll i er\u00ebs 24 or\u00eb<\/span><br \/>\n<span dir=\"auto\">K\u00ebmb\u00eb t\u00eb fresk\u00ebta dhe t\u00eb thata<\/span><\/p>\n<p><strong><span dir=\"auto\">Directions for use:<\/span><br \/>\n<\/strong><span dir=\"auto\">Pa parabene<\/span><br \/>\n<span dir=\"auto\">P\u00ebrb\u00ebr\u00ebs natyral\u00eb<\/span><br \/>\n<span dir=\"auto\">Pa alkool<\/span><\/p>","protected":false},"featured_media":5518,"comment_status":"open","ping_status":"closed","template":"","meta":{"_acf_changed":false,"content-type":""},"pwb-brand":[],"product_brand":[],"product_cat":[119,96],"product_tag":[],"class_list":{"0":"post-5517","1":"product","2":"type-product","3":"status-publish","4":"has-post-thumbnail","6":"product_cat-dermatologji","7":"product_cat-fitofarm","9":"first","10":"instock","11":"shipping-taxable","12":"purchasable","13":"product-type-simple"},"acf":[],"brands":[],"_links":{"self":[{"href":"https:\/\/exclusive-corporation.com\/en\/wp-json\/wp\/v2\/product\/5517","targetHints":{"allow":["GET"]}}],"collection":[{"href":"https:\/\/exclusive-corporation.com\/en\/wp-json\/wp\/v2\/product"}],"about":[{"href":"https:\/\/exclusive-corporation.com\/en\/wp-json\/wp\/v2\/types\/product"}],"replies":[{"embeddable":true,"href":"https:\/\/exclusive-corporation.com\/en\/wp-json\/wp\/v2\/comments?post=5517"}],"wp:featuredmedia":[{"embeddable":true,"href":"https:\/\/exclusive-corporation.com\/en\/wp-json\/wp\/v2\/media\/5518"}],"wp:attachment":[{"href":"https:\/\/exclusive-corporation.com\/en\/wp-json\/wp\/v2\/media?parent=5517"}],"wp:term":[{"taxonomy":"pwb-brand","embeddable":true,"href":"https:\/\/exclusive-corporation.com\/en\/wp-json\/wp\/v2\/pwb-brand?post=5517"},{"taxonomy":"product_brand","embeddable":true,"href":"https:\/\/exclusive-corporation.com\/en\/wp-json\/wp\/v2\/product_brand?post=5517"},{"taxonomy":"product_cat","embeddable":true,"href":"https:\/\/exclusive-corporation.com\/en\/wp-json\/wp\/v2\/product_cat?post=5517"},{"taxonomy":"product_tag","embeddable":true,"href":"https:\/\/exclusive-corporation.com\/en\/wp-json\/wp\/v2\/product_tag?post=5517"}],"curies":[{"name":"wp","href":"https:\/\/api.w.org\/{rel}","templated":true}]}}