{"id":5511,"date":"2025-08-21T14:05:36","date_gmt":"2025-08-21T14:05:36","guid":{"rendered":"https:\/\/exclusive-corporation.com\/?post_type=product&#038;p=5511"},"modified":"2025-10-13T13:55:07","modified_gmt":"2025-10-13T13:55:07","slug":"silar-krem-per-riparim-te-thembrave-te-demtuara-75-ml","status":"publish","type":"product","link":"https:\/\/exclusive-corporation.com\/en\/product\/silar-krem-per-riparim-te-thembrave-te-demtuara-75-ml\/","title":{"rendered":"SILAR KREM PER RIPARIM TE THEMBRAVE TE DEMTUARA 75 ml"},"content":{"rendered":"","protected":false},"excerpt":{"rendered":"<p><strong><span dir=\"auto\">P\u00ebrb\u00ebrja:<\/span><\/strong><br \/>\n<span dir=\"auto\">P\u00ebr thembra t\u00eb \u00e7ara<\/span><br \/>\n<span dir=\"auto\">Ushqen dhe Rigjeneron<\/span><br \/>\n<span dir=\"auto\">Parandalon \u00e7arjen e thembrave<\/span><br \/>\n<span dir=\"auto\">Kujdes intensiv p\u00ebr l\u00ebkur\u00ebn<\/span><\/p>\n<p><strong><span dir=\"auto\">Directions for use:<\/span><\/strong><br \/>\n<span dir=\"auto\">Pa parabene<\/span><\/p>\n<p><strong><span dir=\"auto\">Paketimi:<\/span><\/strong><span dir=\"auto\">\u00a075ml<\/span><\/p>","protected":false},"featured_media":5512,"comment_status":"open","ping_status":"closed","template":"","meta":{"_acf_changed":false,"content-type":""},"pwb-brand":[],"product_brand":[],"product_cat":[119,96],"product_tag":[],"class_list":{"0":"post-5511","1":"product","2":"type-product","3":"status-publish","4":"has-post-thumbnail","6":"product_cat-dermatologji","7":"product_cat-fitofarm","9":"first","10":"instock","11":"shipping-taxable","12":"purchasable","13":"product-type-simple"},"acf":[],"brands":[],"_links":{"self":[{"href":"https:\/\/exclusive-corporation.com\/en\/wp-json\/wp\/v2\/product\/5511","targetHints":{"allow":["GET"]}}],"collection":[{"href":"https:\/\/exclusive-corporation.com\/en\/wp-json\/wp\/v2\/product"}],"about":[{"href":"https:\/\/exclusive-corporation.com\/en\/wp-json\/wp\/v2\/types\/product"}],"replies":[{"embeddable":true,"href":"https:\/\/exclusive-corporation.com\/en\/wp-json\/wp\/v2\/comments?post=5511"}],"wp:featuredmedia":[{"embeddable":true,"href":"https:\/\/exclusive-corporation.com\/en\/wp-json\/wp\/v2\/media\/5512"}],"wp:attachment":[{"href":"https:\/\/exclusive-corporation.com\/en\/wp-json\/wp\/v2\/media?parent=5511"}],"wp:term":[{"taxonomy":"pwb-brand","embeddable":true,"href":"https:\/\/exclusive-corporation.com\/en\/wp-json\/wp\/v2\/pwb-brand?post=5511"},{"taxonomy":"product_brand","embeddable":true,"href":"https:\/\/exclusive-corporation.com\/en\/wp-json\/wp\/v2\/product_brand?post=5511"},{"taxonomy":"product_cat","embeddable":true,"href":"https:\/\/exclusive-corporation.com\/en\/wp-json\/wp\/v2\/product_cat?post=5511"},{"taxonomy":"product_tag","embeddable":true,"href":"https:\/\/exclusive-corporation.com\/en\/wp-json\/wp\/v2\/product_tag?post=5511"}],"curies":[{"name":"wp","href":"https:\/\/api.w.org\/{rel}","templated":true}]}}