{"id":5509,"date":"2025-08-21T14:02:14","date_gmt":"2025-08-21T14:02:14","guid":{"rendered":"https:\/\/exclusive-corporation.com\/?post_type=product&#038;p=5509"},"modified":"2025-08-21T14:02:15","modified_gmt":"2025-08-21T14:02:15","slug":"foot-powder","status":"publish","type":"product","link":"https:\/\/exclusive-corporation.com\/en\/product\/foot-powder\/","title":{"rendered":"Foot powder"},"content":{"rendered":"","protected":false},"excerpt":{"rendered":"<p><strong><span dir=\"auto\">P\u00ebrb\u00ebrja:<\/span><br \/>\n<\/strong><span dir=\"auto\">Mban k\u00ebmb\u00ebt t\u00eb thata, t\u00eb rehatshme dhe pa er\u00eb t\u00eb keqe.<\/span><br \/>\n<span dir=\"auto\">Ndihmon n\u00eb parandalimin e p\u00ebrhapjes s\u00eb infeksioneve k\u00ebrpudhore.<\/span><br \/>\n<span dir=\"auto\">Kujdes i p\u00ebrditsh\u00ebm p\u00ebr l\u00ebkur\u00ebn,<\/span><br \/>\n<span dir=\"auto\">kontroll i er\u00ebs 24 or\u00eb.<\/span><\/p>\n<p><strong><span dir=\"auto\">Directions for use:<\/span><\/strong><br \/>\n<span dir=\"auto\">P\u00ebrb\u00ebr\u00ebs natyral\u00eb<\/span><br \/>\n<span dir=\"auto\">Pa parabene<\/span><\/p>\n<p><strong><span dir=\"auto\">Paketimi<\/span><\/strong><span dir=\"auto\">\u00a0: 200 ml<\/span><\/p>","protected":false},"featured_media":5510,"comment_status":"open","ping_status":"closed","template":"","meta":{"_acf_changed":false,"content-type":""},"pwb-brand":[],"product_brand":[],"product_cat":[96],"product_tag":[],"class_list":{"0":"post-5509","1":"product","2":"type-product","3":"status-publish","4":"has-post-thumbnail","6":"product_cat-fitofarm","8":"first","9":"instock","10":"shipping-taxable","11":"purchasable","12":"product-type-simple"},"acf":[],"brands":[],"_links":{"self":[{"href":"https:\/\/exclusive-corporation.com\/en\/wp-json\/wp\/v2\/product\/5509","targetHints":{"allow":["GET"]}}],"collection":[{"href":"https:\/\/exclusive-corporation.com\/en\/wp-json\/wp\/v2\/product"}],"about":[{"href":"https:\/\/exclusive-corporation.com\/en\/wp-json\/wp\/v2\/types\/product"}],"replies":[{"embeddable":true,"href":"https:\/\/exclusive-corporation.com\/en\/wp-json\/wp\/v2\/comments?post=5509"}],"wp:featuredmedia":[{"embeddable":true,"href":"https:\/\/exclusive-corporation.com\/en\/wp-json\/wp\/v2\/media\/5510"}],"wp:attachment":[{"href":"https:\/\/exclusive-corporation.com\/en\/wp-json\/wp\/v2\/media?parent=5509"}],"wp:term":[{"taxonomy":"pwb-brand","embeddable":true,"href":"https:\/\/exclusive-corporation.com\/en\/wp-json\/wp\/v2\/pwb-brand?post=5509"},{"taxonomy":"product_brand","embeddable":true,"href":"https:\/\/exclusive-corporation.com\/en\/wp-json\/wp\/v2\/product_brand?post=5509"},{"taxonomy":"product_cat","embeddable":true,"href":"https:\/\/exclusive-corporation.com\/en\/wp-json\/wp\/v2\/product_cat?post=5509"},{"taxonomy":"product_tag","embeddable":true,"href":"https:\/\/exclusive-corporation.com\/en\/wp-json\/wp\/v2\/product_tag?post=5509"}],"curies":[{"name":"wp","href":"https:\/\/api.w.org\/{rel}","templated":true}]}}