{"id":5507,"date":"2025-08-21T13:57:10","date_gmt":"2025-08-21T13:57:10","guid":{"rendered":"https:\/\/exclusive-corporation.com\/?post_type=product&#038;p=5507"},"modified":"2025-10-13T13:55:44","modified_gmt":"2025-10-13T13:55:44","slug":"silar-gel-kunder-aromes-se-kembeve-dhe-djeresitjes-50-ml","status":"publish","type":"product","link":"https:\/\/exclusive-corporation.com\/en\/product\/silar-gel-kunder-aromes-se-kembeve-dhe-djeresitjes-50-ml\/","title":{"rendered":"SILAR GEL KUNDER AROMES SE KEMBEVE DHE DJERESITJES 50 ml"},"content":{"rendered":"","protected":false},"excerpt":{"rendered":"<div class=\"woocommerce-product-details__short-description\">\n<p><strong><span dir=\"auto\">P\u00ebrb\u00ebrja:<\/span><\/strong><br \/>\n<span dir=\"auto\">P\u00ebrb\u00ebr\u00ebs natyral\u00eb<\/span><br \/>\n<span dir=\"auto\">Pa parabene<\/span><br \/>\n<span dir=\"auto\">Pa alkool<\/span><\/p>\n<p><strong><span dir=\"auto\">Directions for use:<\/span><br \/>\n<\/strong><span dir=\"auto\">Antidjers\u00eb dhe Deodorizues,<\/span><br \/>\n<span dir=\"auto\">k\u00ebmb\u00eb t\u00eb fresk\u00ebta dhe t\u00eb thata,<\/span><br \/>\n<span dir=\"auto\">thith djers\u00ebn<\/span><\/p>\n<p><strong><br \/>\n<span dir=\"auto\">Paketimi:<\/span><\/strong><span dir=\"auto\">\u00a050 ml<\/span><\/p>\n<\/div>\n<div class=\"small-text weight-black greylinks\">\n<div class=\"product_meta\"><\/div>\n<\/div>","protected":false},"featured_media":5508,"comment_status":"open","ping_status":"closed","template":"","meta":{"_acf_changed":false,"content-type":""},"pwb-brand":[],"product_brand":[],"product_cat":[113,119,96],"product_tag":[],"class_list":{"0":"post-5507","1":"product","2":"type-product","3":"status-publish","4":"has-post-thumbnail","6":"product_cat-dermakozmetika","7":"product_cat-dermatologji","8":"product_cat-fitofarm","10":"first","11":"instock","12":"shipping-taxable","13":"purchasable","14":"product-type-simple"},"acf":[],"brands":[],"_links":{"self":[{"href":"https:\/\/exclusive-corporation.com\/en\/wp-json\/wp\/v2\/product\/5507","targetHints":{"allow":["GET"]}}],"collection":[{"href":"https:\/\/exclusive-corporation.com\/en\/wp-json\/wp\/v2\/product"}],"about":[{"href":"https:\/\/exclusive-corporation.com\/en\/wp-json\/wp\/v2\/types\/product"}],"replies":[{"embeddable":true,"href":"https:\/\/exclusive-corporation.com\/en\/wp-json\/wp\/v2\/comments?post=5507"}],"wp:featuredmedia":[{"embeddable":true,"href":"https:\/\/exclusive-corporation.com\/en\/wp-json\/wp\/v2\/media\/5508"}],"wp:attachment":[{"href":"https:\/\/exclusive-corporation.com\/en\/wp-json\/wp\/v2\/media?parent=5507"}],"wp:term":[{"taxonomy":"pwb-brand","embeddable":true,"href":"https:\/\/exclusive-corporation.com\/en\/wp-json\/wp\/v2\/pwb-brand?post=5507"},{"taxonomy":"product_brand","embeddable":true,"href":"https:\/\/exclusive-corporation.com\/en\/wp-json\/wp\/v2\/product_brand?post=5507"},{"taxonomy":"product_cat","embeddable":true,"href":"https:\/\/exclusive-corporation.com\/en\/wp-json\/wp\/v2\/product_cat?post=5507"},{"taxonomy":"product_tag","embeddable":true,"href":"https:\/\/exclusive-corporation.com\/en\/wp-json\/wp\/v2\/product_tag?post=5507"}],"curies":[{"name":"wp","href":"https:\/\/api.w.org\/{rel}","templated":true}]}}