{"id":5487,"date":"2025-08-19T12:32:58","date_gmt":"2025-08-19T12:32:58","guid":{"rendered":"https:\/\/exclusive-corporation.com\/?post_type=product&#038;p=5487"},"modified":"2025-10-13T12:15:42","modified_gmt":"2025-10-13T12:15:42","slug":"lea-sun-after-sun-milk200ml","status":"publish","type":"product","link":"https:\/\/exclusive-corporation.com\/en\/product\/lea-sun-after-sun-milk200ml\/","title":{"rendered":"LEA SUN AFTER SUN MILK,200ML"},"content":{"rendered":"","protected":false},"excerpt":{"rendered":"<p><strong><span dir=\"auto\">P\u00ebrb\u00ebrja:<\/span><br \/>\n<\/strong><span dir=\"auto\">P\u00ebrmban vaj bari, gjalp\u00eb shea natyral, D-Panthenol, vitamin\u00eb E.<\/span><\/p>\n<p><strong><span dir=\"auto\">Directions for use:<\/span><br \/>\n<\/strong><span dir=\"auto\">Qet\u00ebsues kund\u00ebr djegies nga dielli SOS<\/span><br \/>\n<span dir=\"auto\">. Qet\u00ebson dhe rigjeneron l\u00ebkur\u00ebn e mbinxehur.<\/span><br \/>\n<span dir=\"auto\">Parandalon zhveshjen e tep\u00ebrt t\u00eb l\u00ebkur\u00ebs.<\/span><br \/>\n<span dir=\"auto\">Qum\u00ebsht riparues p\u00ebr fytyr\u00ebn dhe trupin.<\/span><\/p>\n<p><strong><span dir=\"auto\">Paketimi\u00a0<\/span><\/strong><strong><span dir=\"auto\">:<\/span><\/strong><span dir=\"auto\">\u00a0\u00a0200 ml<\/span><\/p>","protected":false},"featured_media":5488,"comment_status":"open","ping_status":"closed","template":"","meta":{"_acf_changed":false,"content-type":""},"pwb-brand":[],"product_brand":[],"product_cat":[113,119,96,136],"product_tag":[],"class_list":{"0":"post-5487","1":"product","2":"type-product","3":"status-publish","4":"has-post-thumbnail","6":"product_cat-dermakozmetika","7":"product_cat-dermatologji","8":"product_cat-fitofarm","9":"product_cat-kozmetike","11":"first","12":"instock","13":"shipping-taxable","14":"purchasable","15":"product-type-simple"},"acf":[],"brands":[],"_links":{"self":[{"href":"https:\/\/exclusive-corporation.com\/en\/wp-json\/wp\/v2\/product\/5487","targetHints":{"allow":["GET"]}}],"collection":[{"href":"https:\/\/exclusive-corporation.com\/en\/wp-json\/wp\/v2\/product"}],"about":[{"href":"https:\/\/exclusive-corporation.com\/en\/wp-json\/wp\/v2\/types\/product"}],"replies":[{"embeddable":true,"href":"https:\/\/exclusive-corporation.com\/en\/wp-json\/wp\/v2\/comments?post=5487"}],"wp:featuredmedia":[{"embeddable":true,"href":"https:\/\/exclusive-corporation.com\/en\/wp-json\/wp\/v2\/media\/5488"}],"wp:attachment":[{"href":"https:\/\/exclusive-corporation.com\/en\/wp-json\/wp\/v2\/media?parent=5487"}],"wp:term":[{"taxonomy":"pwb-brand","embeddable":true,"href":"https:\/\/exclusive-corporation.com\/en\/wp-json\/wp\/v2\/pwb-brand?post=5487"},{"taxonomy":"product_brand","embeddable":true,"href":"https:\/\/exclusive-corporation.com\/en\/wp-json\/wp\/v2\/product_brand?post=5487"},{"taxonomy":"product_cat","embeddable":true,"href":"https:\/\/exclusive-corporation.com\/en\/wp-json\/wp\/v2\/product_cat?post=5487"},{"taxonomy":"product_tag","embeddable":true,"href":"https:\/\/exclusive-corporation.com\/en\/wp-json\/wp\/v2\/product_tag?post=5487"}],"curies":[{"name":"wp","href":"https:\/\/api.w.org\/{rel}","templated":true}]}}