{"id":5486,"date":"2025-08-21T09:24:45","date_gmt":"2025-08-21T09:24:45","guid":{"rendered":"https:\/\/exclusive-corporation.com\/?post_type=product&#038;p=5486"},"modified":"2025-10-13T13:40:34","modified_gmt":"2025-10-13T13:40:34","slug":"lea-sun-kids-200-ml-spf50","status":"publish","type":"product","link":"https:\/\/exclusive-corporation.com\/en\/product\/lea-sun-kids-200-ml-spf50\/","title":{"rendered":"LEA SUN KIDS 200 ml SPF50"},"content":{"rendered":"","protected":false},"excerpt":{"rendered":"<p><strong><span dir=\"auto\">P\u00ebrb\u00ebrja:<\/span><br \/>\n<\/strong><span dir=\"auto\">Me 100% filtra minerale fotostabile mbrojt\u00ebse nga rrezet UV p\u00ebr d\u00ebmtimet e l\u00ebkur\u00ebs t\u00eb shkaktuara nga dielli dhe reaksionet alergjike.<\/span><br \/>\n<span dir=\"auto\">Formul\u00eb natyrale hidratuese me vaj marigold, gjalp\u00eb shea natyral, vitamin\u00eb E dhe D-pantenol.<\/span><br \/>\n<span dir=\"auto\">Formul\u00eb shum\u00eb rezistente ndaj ujit p\u00ebr not t\u00eb sigurt dhe loj\u00ebra n\u00eb plazh.<\/span><\/p>\n<p><strong><span dir=\"auto\">Directions for use:<\/span><br \/>\n<\/strong><span dir=\"auto\">Formuluar posa\u00e7\u00ebrisht p\u00ebr l\u00ebkur\u00ebn delikate t\u00eb f\u00ebmij\u00ebve.<\/span><br \/>\n<span dir=\"auto\">Veprim i dyfisht\u00eb: mbrojtje e lart\u00eb dhe kujdes intensiv p\u00ebr l\u00ebkur\u00ebn.<\/span><\/p>\n<p><strong><span dir=\"auto\">Paketimi\u00a0<\/span><\/strong><strong><span dir=\"auto\">:<\/span><\/strong><span dir=\"auto\">\u00a0\u00a0200 ml<\/span><\/p>","protected":false},"featured_media":5489,"comment_status":"open","ping_status":"closed","template":"","meta":{"_acf_changed":false,"content-type":""},"pwb-brand":[],"product_brand":[],"product_cat":[113,119,96],"product_tag":[],"class_list":{"0":"post-5486","1":"product","2":"type-product","3":"status-publish","4":"has-post-thumbnail","6":"product_cat-dermakozmetika","7":"product_cat-dermatologji","8":"product_cat-fitofarm","10":"first","11":"instock","12":"shipping-taxable","13":"purchasable","14":"product-type-simple"},"acf":[],"brands":[],"_links":{"self":[{"href":"https:\/\/exclusive-corporation.com\/en\/wp-json\/wp\/v2\/product\/5486","targetHints":{"allow":["GET"]}}],"collection":[{"href":"https:\/\/exclusive-corporation.com\/en\/wp-json\/wp\/v2\/product"}],"about":[{"href":"https:\/\/exclusive-corporation.com\/en\/wp-json\/wp\/v2\/types\/product"}],"replies":[{"embeddable":true,"href":"https:\/\/exclusive-corporation.com\/en\/wp-json\/wp\/v2\/comments?post=5486"}],"wp:featuredmedia":[{"embeddable":true,"href":"https:\/\/exclusive-corporation.com\/en\/wp-json\/wp\/v2\/media\/5489"}],"wp:attachment":[{"href":"https:\/\/exclusive-corporation.com\/en\/wp-json\/wp\/v2\/media?parent=5486"}],"wp:term":[{"taxonomy":"pwb-brand","embeddable":true,"href":"https:\/\/exclusive-corporation.com\/en\/wp-json\/wp\/v2\/pwb-brand?post=5486"},{"taxonomy":"product_brand","embeddable":true,"href":"https:\/\/exclusive-corporation.com\/en\/wp-json\/wp\/v2\/product_brand?post=5486"},{"taxonomy":"product_cat","embeddable":true,"href":"https:\/\/exclusive-corporation.com\/en\/wp-json\/wp\/v2\/product_cat?post=5486"},{"taxonomy":"product_tag","embeddable":true,"href":"https:\/\/exclusive-corporation.com\/en\/wp-json\/wp\/v2\/product_tag?post=5486"}],"curies":[{"name":"wp","href":"https:\/\/api.w.org\/{rel}","templated":true}]}}