{"id":5483,"date":"2025-08-19T12:28:20","date_gmt":"2025-08-19T12:28:20","guid":{"rendered":"https:\/\/exclusive-corporation.com\/?post_type=product&#038;p=5483"},"modified":"2025-10-13T12:13:41","modified_gmt":"2025-10-13T12:13:41","slug":"lea-sun-50-ml-spf50-krem-per-fytyre","status":"publish","type":"product","link":"https:\/\/exclusive-corporation.com\/en\/product\/lea-sun-50-ml-spf50-krem-per-fytyre\/","title":{"rendered":"LEA SUN 50 ml SPF50 Krem p\u00ebr fytyr\u00eb"},"content":{"rendered":"","protected":false},"excerpt":{"rendered":"<p><strong><span dir=\"auto\">P\u00ebrb\u00ebrja:<\/span><br \/>\n<\/strong><span dir=\"auto\">Me vaj kalendule, vaj bajamesh, D-pantenol, vitamin\u00eb E.<\/span><br \/>\n<span dir=\"auto\">Me filtra mbrojt\u00ebs 100% minerale p\u00ebr d\u00ebmtimet e l\u00ebkur\u00ebs t\u00eb shkaktuara nga dielli dhe reaksionet alergjike.<\/span><br \/>\n<span dir=\"auto\">Formul\u00eb ekstra rezistente ndaj ujit.<\/span><\/p>\n<p><strong><span dir=\"auto\">Directions for use:<\/span><br \/>\n<\/strong><span dir=\"auto\">P\u00ebr fytyr\u00ebn dhe dekolten\u00eb,<\/span><br \/>\n<span dir=\"auto\">mbrojtje nga njollat e err\u00ebta,<\/span><br \/>\n<span dir=\"auto\">efekt antirrudh\u00eb<\/span><\/p>\n<p><strong><span dir=\"auto\">Paketimi\u00a0<\/span><\/strong><strong><span dir=\"auto\">:<\/span><\/strong><span dir=\"auto\">\u00a050 ml<\/span><\/p>","protected":false},"featured_media":5485,"comment_status":"open","ping_status":"closed","template":"","meta":{"_acf_changed":false,"content-type":""},"pwb-brand":[],"product_brand":[],"product_cat":[113,96,136],"product_tag":[],"class_list":{"0":"post-5483","1":"product","2":"type-product","3":"status-publish","4":"has-post-thumbnail","6":"product_cat-dermakozmetika","7":"product_cat-fitofarm","8":"product_cat-kozmetike","10":"first","11":"instock","12":"shipping-taxable","13":"purchasable","14":"product-type-simple"},"acf":[],"brands":[],"_links":{"self":[{"href":"https:\/\/exclusive-corporation.com\/en\/wp-json\/wp\/v2\/product\/5483","targetHints":{"allow":["GET"]}}],"collection":[{"href":"https:\/\/exclusive-corporation.com\/en\/wp-json\/wp\/v2\/product"}],"about":[{"href":"https:\/\/exclusive-corporation.com\/en\/wp-json\/wp\/v2\/types\/product"}],"replies":[{"embeddable":true,"href":"https:\/\/exclusive-corporation.com\/en\/wp-json\/wp\/v2\/comments?post=5483"}],"wp:featuredmedia":[{"embeddable":true,"href":"https:\/\/exclusive-corporation.com\/en\/wp-json\/wp\/v2\/media\/5485"}],"wp:attachment":[{"href":"https:\/\/exclusive-corporation.com\/en\/wp-json\/wp\/v2\/media?parent=5483"}],"wp:term":[{"taxonomy":"pwb-brand","embeddable":true,"href":"https:\/\/exclusive-corporation.com\/en\/wp-json\/wp\/v2\/pwb-brand?post=5483"},{"taxonomy":"product_brand","embeddable":true,"href":"https:\/\/exclusive-corporation.com\/en\/wp-json\/wp\/v2\/product_brand?post=5483"},{"taxonomy":"product_cat","embeddable":true,"href":"https:\/\/exclusive-corporation.com\/en\/wp-json\/wp\/v2\/product_cat?post=5483"},{"taxonomy":"product_tag","embeddable":true,"href":"https:\/\/exclusive-corporation.com\/en\/wp-json\/wp\/v2\/product_tag?post=5483"}],"curies":[{"name":"wp","href":"https:\/\/api.w.org\/{rel}","templated":true}]}}