{"id":5478,"date":"2025-08-19T12:17:28","date_gmt":"2025-08-19T12:17:28","guid":{"rendered":"https:\/\/exclusive-corporation.com\/?post_type=product&#038;p=5478"},"modified":"2025-10-13T13:45:15","modified_gmt":"2025-10-13T13:45:15","slug":"lea-glycerin-with-aloe-vera-chamomile-ext-and-vitamin-e-cream-75-ml","status":"publish","type":"product","link":"https:\/\/exclusive-corporation.com\/en\/product\/lea-glycerin-with-aloe-vera-chamomile-ext-and-vitamin-e-cream-75-ml\/","title":{"rendered":"LEA GLYCERIN with Aloe Vera, Chamomile ext and Vitamin E ,CREAM 75 ml"},"content":{"rendered":"","protected":false},"excerpt":{"rendered":"<p><strong><span dir=\"auto\">P\u00ebrb\u00ebrja:<\/span><br \/>\n<\/strong><span dir=\"auto\">Krem glicerine me Lea me<\/span><br \/>\n<span dir=\"auto\">ekstrakte Aloe dhe Kamomili dhe Vitamin\u00eb E<\/span><\/p>\n<p><strong><span dir=\"auto\">Directions for use:<\/span><br \/>\n<\/strong><span dir=\"auto\">Kremi Lea Glicerin\u00eb p\u00ebr kujdes intensiv t\u00eb l\u00ebkur\u00ebs s\u00eb that\u00eb dhe t\u00eb d\u00ebmtuar.<\/span><br \/>\n<span dir=\"auto\">Aplikojeni but\u00ebsisht, disa her\u00eb n\u00eb dit\u00eb.<\/span><\/p>","protected":false},"featured_media":5479,"comment_status":"open","ping_status":"closed","template":"","meta":{"_acf_changed":false,"content-type":""},"pwb-brand":[],"product_brand":[],"product_cat":[113,96],"product_tag":[],"class_list":{"0":"post-5478","1":"product","2":"type-product","3":"status-publish","4":"has-post-thumbnail","6":"product_cat-dermakozmetika","7":"product_cat-fitofarm","9":"first","10":"instock","11":"shipping-taxable","12":"purchasable","13":"product-type-simple"},"acf":[],"brands":[],"_links":{"self":[{"href":"https:\/\/exclusive-corporation.com\/en\/wp-json\/wp\/v2\/product\/5478","targetHints":{"allow":["GET"]}}],"collection":[{"href":"https:\/\/exclusive-corporation.com\/en\/wp-json\/wp\/v2\/product"}],"about":[{"href":"https:\/\/exclusive-corporation.com\/en\/wp-json\/wp\/v2\/types\/product"}],"replies":[{"embeddable":true,"href":"https:\/\/exclusive-corporation.com\/en\/wp-json\/wp\/v2\/comments?post=5478"}],"wp:featuredmedia":[{"embeddable":true,"href":"https:\/\/exclusive-corporation.com\/en\/wp-json\/wp\/v2\/media\/5479"}],"wp:attachment":[{"href":"https:\/\/exclusive-corporation.com\/en\/wp-json\/wp\/v2\/media?parent=5478"}],"wp:term":[{"taxonomy":"pwb-brand","embeddable":true,"href":"https:\/\/exclusive-corporation.com\/en\/wp-json\/wp\/v2\/pwb-brand?post=5478"},{"taxonomy":"product_brand","embeddable":true,"href":"https:\/\/exclusive-corporation.com\/en\/wp-json\/wp\/v2\/product_brand?post=5478"},{"taxonomy":"product_cat","embeddable":true,"href":"https:\/\/exclusive-corporation.com\/en\/wp-json\/wp\/v2\/product_cat?post=5478"},{"taxonomy":"product_tag","embeddable":true,"href":"https:\/\/exclusive-corporation.com\/en\/wp-json\/wp\/v2\/product_tag?post=5478"}],"curies":[{"name":"wp","href":"https:\/\/api.w.org\/{rel}","templated":true}]}}