{"id":5472,"date":"2025-08-19T11:44:22","date_gmt":"2025-08-19T11:44:22","guid":{"rendered":"https:\/\/exclusive-corporation.com\/?post_type=product&#038;p=5472"},"modified":"2025-10-13T14:47:45","modified_gmt":"2025-10-13T14:47:45","slug":"lea-anti-age-cream-with-collagen-50-ml","status":"publish","type":"product","link":"https:\/\/exclusive-corporation.com\/en\/product\/lea-anti-age-cream-with-collagen-50-ml\/","title":{"rendered":"LEA ANTI AGE CREAM WITH COLLAGEN 50 ml"},"content":{"rendered":"","protected":false},"excerpt":{"rendered":"<p><strong><span dir=\"auto\">P\u00ebrb\u00ebrja:<\/span><br \/>\n<\/strong><span dir=\"auto\">Zvog\u00eblon dhe parandalon rrudhat dhe njollat e mosh\u00ebs.<\/span><br \/>\n<span dir=\"auto\">Efekt energjizues dhe tonifikues.<\/span><br \/>\n<span dir=\"auto\">Mbron nga plakja e parakohshme.<\/span><\/p>\n<p><strong><span dir=\"auto\">Directions for use:<\/span><br \/>\n<\/strong><span dir=\"auto\">Aplikojeni n\u00eb m\u00ebngjes dhe n\u00eb dark\u00eb.<\/span><br \/>\n<span dir=\"auto\">P\u00ebr t\u00eb gjitha llojet e l\u00ebkur\u00ebs.<\/span><\/p>\n<p><span class=\"fontstyle2\"><strong><span dir=\"auto\">Paketimi:<\/span><\/strong>\u00a0<\/span><span class=\"fontstyle0\"><span dir=\"auto\">50 ml<\/span><\/span><\/p>","protected":false},"featured_media":5473,"comment_status":"open","ping_status":"closed","template":"","meta":{"_acf_changed":false,"content-type":""},"pwb-brand":[],"product_brand":[],"product_cat":[113,96,136],"product_tag":[],"class_list":{"0":"post-5472","1":"product","2":"type-product","3":"status-publish","4":"has-post-thumbnail","6":"product_cat-dermakozmetika","7":"product_cat-fitofarm","8":"product_cat-kozmetike","10":"first","11":"instock","12":"shipping-taxable","13":"purchasable","14":"product-type-simple"},"acf":[],"brands":[],"_links":{"self":[{"href":"https:\/\/exclusive-corporation.com\/en\/wp-json\/wp\/v2\/product\/5472","targetHints":{"allow":["GET"]}}],"collection":[{"href":"https:\/\/exclusive-corporation.com\/en\/wp-json\/wp\/v2\/product"}],"about":[{"href":"https:\/\/exclusive-corporation.com\/en\/wp-json\/wp\/v2\/types\/product"}],"replies":[{"embeddable":true,"href":"https:\/\/exclusive-corporation.com\/en\/wp-json\/wp\/v2\/comments?post=5472"}],"wp:featuredmedia":[{"embeddable":true,"href":"https:\/\/exclusive-corporation.com\/en\/wp-json\/wp\/v2\/media\/5473"}],"wp:attachment":[{"href":"https:\/\/exclusive-corporation.com\/en\/wp-json\/wp\/v2\/media?parent=5472"}],"wp:term":[{"taxonomy":"pwb-brand","embeddable":true,"href":"https:\/\/exclusive-corporation.com\/en\/wp-json\/wp\/v2\/pwb-brand?post=5472"},{"taxonomy":"product_brand","embeddable":true,"href":"https:\/\/exclusive-corporation.com\/en\/wp-json\/wp\/v2\/product_brand?post=5472"},{"taxonomy":"product_cat","embeddable":true,"href":"https:\/\/exclusive-corporation.com\/en\/wp-json\/wp\/v2\/product_cat?post=5472"},{"taxonomy":"product_tag","embeddable":true,"href":"https:\/\/exclusive-corporation.com\/en\/wp-json\/wp\/v2\/product_tag?post=5472"}],"curies":[{"name":"wp","href":"https:\/\/api.w.org\/{rel}","templated":true}]}}