{"id":5469,"date":"2025-08-19T11:34:47","date_gmt":"2025-08-19T11:34:47","guid":{"rendered":"https:\/\/exclusive-corporation.com\/?post_type=product&#038;p=5469"},"modified":"2025-10-13T12:13:16","modified_gmt":"2025-10-13T12:13:16","slug":"lea-bioctivr-hydrating-day-cream-50-ml","status":"publish","type":"product","link":"https:\/\/exclusive-corporation.com\/en\/product\/lea-bioctivr-hydrating-day-cream-50-ml\/","title":{"rendered":"LEA &#8211; BIOCTIVR HYDRATING DAY CREAM 50 ml"},"content":{"rendered":"","protected":false},"excerpt":{"rendered":"<p><strong><span dir=\"auto\">P\u00ebrb\u00ebrja:<\/span><br \/>\n<\/strong><span dir=\"auto\">Ushqen dhe rigjeneron thell\u00ebsisht<\/span><br \/>\n<span dir=\"auto\">Proces natyral riparimi<\/span><br \/>\n<span dir=\"auto\">Trajtim antistres gjat\u00eb nat\u00ebs<\/span><br \/>\n<span dir=\"auto\">Rikthen vitalitetin dhe shk\u00eblqimin<\/span><\/p>\n<p><strong><span dir=\"auto\">Directions for use:<\/span><br \/>\n<\/strong><span dir=\"auto\">Aplikojeni n\u00eb m\u00ebngjes.<\/span><br \/>\n<span class=\"fontstyle2\"><span dir=\"auto\">P\u00ebr l\u00ebkur\u00eb normale dhe t\u00eb that\u00eb.<\/span><br \/>\n<\/span><\/p>","protected":false},"featured_media":5470,"comment_status":"open","ping_status":"closed","template":"","meta":{"_acf_changed":false,"content-type":""},"pwb-brand":[],"product_brand":[],"product_cat":[113,96,136],"product_tag":[],"class_list":{"0":"post-5469","1":"product","2":"type-product","3":"status-publish","4":"has-post-thumbnail","6":"product_cat-dermakozmetika","7":"product_cat-fitofarm","8":"product_cat-kozmetike","10":"first","11":"instock","12":"shipping-taxable","13":"purchasable","14":"product-type-simple"},"acf":[],"brands":[],"_links":{"self":[{"href":"https:\/\/exclusive-corporation.com\/en\/wp-json\/wp\/v2\/product\/5469","targetHints":{"allow":["GET"]}}],"collection":[{"href":"https:\/\/exclusive-corporation.com\/en\/wp-json\/wp\/v2\/product"}],"about":[{"href":"https:\/\/exclusive-corporation.com\/en\/wp-json\/wp\/v2\/types\/product"}],"replies":[{"embeddable":true,"href":"https:\/\/exclusive-corporation.com\/en\/wp-json\/wp\/v2\/comments?post=5469"}],"wp:featuredmedia":[{"embeddable":true,"href":"https:\/\/exclusive-corporation.com\/en\/wp-json\/wp\/v2\/media\/5470"}],"wp:attachment":[{"href":"https:\/\/exclusive-corporation.com\/en\/wp-json\/wp\/v2\/media?parent=5469"}],"wp:term":[{"taxonomy":"pwb-brand","embeddable":true,"href":"https:\/\/exclusive-corporation.com\/en\/wp-json\/wp\/v2\/pwb-brand?post=5469"},{"taxonomy":"product_brand","embeddable":true,"href":"https:\/\/exclusive-corporation.com\/en\/wp-json\/wp\/v2\/product_brand?post=5469"},{"taxonomy":"product_cat","embeddable":true,"href":"https:\/\/exclusive-corporation.com\/en\/wp-json\/wp\/v2\/product_cat?post=5469"},{"taxonomy":"product_tag","embeddable":true,"href":"https:\/\/exclusive-corporation.com\/en\/wp-json\/wp\/v2\/product_tag?post=5469"}],"curies":[{"name":"wp","href":"https:\/\/api.w.org\/{rel}","templated":true}]}}