{"id":5465,"date":"2025-08-19T11:25:49","date_gmt":"2025-08-19T11:25:49","guid":{"rendered":"https:\/\/exclusive-corporation.com\/?post_type=product&#038;p=5465"},"modified":"2025-09-04T10:20:41","modified_gmt":"2025-09-04T10:20:41","slug":"lea-anti-akne-losion-110-ml","status":"publish","type":"product","link":"https:\/\/exclusive-corporation.com\/en\/product\/lea-anti-akne-losion-110-ml\/","title":{"rendered":"LEA &#8211; ANTI AKNE LOSION 110 ml"},"content":{"rendered":"","protected":false},"excerpt":{"rendered":"<p><span dir=\"auto\">Tonik me vaj esencial t\u00eb pem\u00ebs s\u00eb \u00e7ajit ofron pastrim t\u00eb thell\u00eb dhe trajtim p\u00ebr aknet p\u00ebr l\u00ebkurat me tendenc\u00eb akneje. Pastron sebumin e tep\u00ebrt dhe papast\u00ebrtit\u00eb. Eliminon shk\u00eblqimin, zvog\u00eblon shenjat e akneve.<\/span><\/p>","protected":false},"featured_media":5466,"comment_status":"open","ping_status":"closed","template":"","meta":{"_acf_changed":false,"content-type":""},"pwb-brand":[],"product_brand":[],"product_cat":[113,96],"product_tag":[],"class_list":{"0":"post-5465","1":"product","2":"type-product","3":"status-publish","4":"has-post-thumbnail","6":"product_cat-dermakozmetika","7":"product_cat-fitofarm","9":"first","10":"instock","11":"shipping-taxable","12":"purchasable","13":"product-type-simple"},"acf":[],"brands":[],"_links":{"self":[{"href":"https:\/\/exclusive-corporation.com\/en\/wp-json\/wp\/v2\/product\/5465","targetHints":{"allow":["GET"]}}],"collection":[{"href":"https:\/\/exclusive-corporation.com\/en\/wp-json\/wp\/v2\/product"}],"about":[{"href":"https:\/\/exclusive-corporation.com\/en\/wp-json\/wp\/v2\/types\/product"}],"replies":[{"embeddable":true,"href":"https:\/\/exclusive-corporation.com\/en\/wp-json\/wp\/v2\/comments?post=5465"}],"wp:featuredmedia":[{"embeddable":true,"href":"https:\/\/exclusive-corporation.com\/en\/wp-json\/wp\/v2\/media\/5466"}],"wp:attachment":[{"href":"https:\/\/exclusive-corporation.com\/en\/wp-json\/wp\/v2\/media?parent=5465"}],"wp:term":[{"taxonomy":"pwb-brand","embeddable":true,"href":"https:\/\/exclusive-corporation.com\/en\/wp-json\/wp\/v2\/pwb-brand?post=5465"},{"taxonomy":"product_brand","embeddable":true,"href":"https:\/\/exclusive-corporation.com\/en\/wp-json\/wp\/v2\/product_brand?post=5465"},{"taxonomy":"product_cat","embeddable":true,"href":"https:\/\/exclusive-corporation.com\/en\/wp-json\/wp\/v2\/product_cat?post=5465"},{"taxonomy":"product_tag","embeddable":true,"href":"https:\/\/exclusive-corporation.com\/en\/wp-json\/wp\/v2\/product_tag?post=5465"}],"curies":[{"name":"wp","href":"https:\/\/api.w.org\/{rel}","templated":true}]}}