{"id":5462,"date":"2025-08-19T09:53:54","date_gmt":"2025-08-19T09:53:54","guid":{"rendered":"https:\/\/exclusive-corporation.com\/?post_type=product&#038;p=5462"},"modified":"2025-10-13T12:12:57","modified_gmt":"2025-10-13T12:12:57","slug":"lea-anti-akne-gel-50-ml","status":"publish","type":"product","link":"https:\/\/exclusive-corporation.com\/en\/product\/lea-anti-akne-gel-50-ml\/","title":{"rendered":"LEA &#8211; ANTI AKNE GEL 50 ml"},"content":{"rendered":"","protected":false},"excerpt":{"rendered":"<p>Ndihmon n\u00eb trajtimin e pu\u00e7rrave t\u00eb akneve dhe formimin e tyre. Nxit sh\u00ebrimin e l\u00ebkur\u00ebs. Aplikojeni n\u00eb mbr\u00ebmje.<\/p>","protected":false},"featured_media":5463,"comment_status":"open","ping_status":"closed","template":"","meta":{"_acf_changed":false,"content-type":""},"pwb-brand":[],"product_brand":[],"product_cat":[113,119,96],"product_tag":[],"class_list":{"0":"post-5462","1":"product","2":"type-product","3":"status-publish","4":"has-post-thumbnail","6":"product_cat-dermakozmetika","7":"product_cat-dermatologji","8":"product_cat-fitofarm","10":"first","11":"instock","12":"shipping-taxable","13":"purchasable","14":"product-type-simple"},"acf":[],"brands":[],"_links":{"self":[{"href":"https:\/\/exclusive-corporation.com\/en\/wp-json\/wp\/v2\/product\/5462","targetHints":{"allow":["GET"]}}],"collection":[{"href":"https:\/\/exclusive-corporation.com\/en\/wp-json\/wp\/v2\/product"}],"about":[{"href":"https:\/\/exclusive-corporation.com\/en\/wp-json\/wp\/v2\/types\/product"}],"replies":[{"embeddable":true,"href":"https:\/\/exclusive-corporation.com\/en\/wp-json\/wp\/v2\/comments?post=5462"}],"wp:featuredmedia":[{"embeddable":true,"href":"https:\/\/exclusive-corporation.com\/en\/wp-json\/wp\/v2\/media\/5463"}],"wp:attachment":[{"href":"https:\/\/exclusive-corporation.com\/en\/wp-json\/wp\/v2\/media?parent=5462"}],"wp:term":[{"taxonomy":"pwb-brand","embeddable":true,"href":"https:\/\/exclusive-corporation.com\/en\/wp-json\/wp\/v2\/pwb-brand?post=5462"},{"taxonomy":"product_brand","embeddable":true,"href":"https:\/\/exclusive-corporation.com\/en\/wp-json\/wp\/v2\/product_brand?post=5462"},{"taxonomy":"product_cat","embeddable":true,"href":"https:\/\/exclusive-corporation.com\/en\/wp-json\/wp\/v2\/product_cat?post=5462"},{"taxonomy":"product_tag","embeddable":true,"href":"https:\/\/exclusive-corporation.com\/en\/wp-json\/wp\/v2\/product_tag?post=5462"}],"curies":[{"name":"wp","href":"https:\/\/api.w.org\/{rel}","templated":true}]}}