{"id":5454,"date":"2025-08-19T09:40:30","date_gmt":"2025-08-19T09:40:30","guid":{"rendered":"https:\/\/exclusive-corporation.com\/?post_type=product&#038;p=5454"},"modified":"2025-10-13T12:03:12","modified_gmt":"2025-10-13T12:03:12","slug":"ivilen-prospan-syrup-100-ml","status":"publish","type":"product","link":"https:\/\/exclusive-corporation.com\/en\/product\/ivilen-prospan-syrup-100-ml\/","title":{"rendered":"IVILEN (PROSPAN) SYRUP 100 ml"},"content":{"rendered":"","protected":false},"excerpt":{"rendered":"<p><strong><span dir=\"auto\">Shurupi Ivilen 100 ml p\u00ebrmban:<\/span><br \/>\n<\/strong><span dir=\"auto\">Ekstrakt t\u00eb that\u00eb t\u00eb gjethes s\u00eb dredhk\u00ebs (Hederae helicis folii ext.sicc. 4- 8:1) 0,7 g, Tinktur\u00eb trumze (Tincturae Thymi) 3,0 g, Mentol (Mentholum) 0,005 g.<\/span><\/p>\n<p><strong><span dir=\"auto\">Eksipient\u00ebt:<\/span><\/strong><br \/>\n<span dir=\"auto\">uj\u00eb i pastruar, saharoz\u00eb, arom\u00eb rrushi t\u00eb zi, benzoat natriumi.<\/span><\/p>\n<p><strong><span dir=\"auto\">Paketimi:\u00a0<\/span><\/strong><span dir=\"auto\">\u00a0100 ml<\/span><\/p>","protected":false},"featured_media":5455,"comment_status":"open","ping_status":"closed","template":"","meta":{"_acf_changed":false,"content-type":""},"pwb-brand":[],"product_brand":[],"product_cat":[96,133],"product_tag":[],"class_list":{"0":"post-5454","1":"product","2":"type-product","3":"status-publish","4":"has-post-thumbnail","6":"product_cat-fitofarm","7":"product_cat-pediatri","9":"first","10":"instock","11":"shipping-taxable","12":"purchasable","13":"product-type-simple"},"acf":[],"brands":[],"_links":{"self":[{"href":"https:\/\/exclusive-corporation.com\/en\/wp-json\/wp\/v2\/product\/5454","targetHints":{"allow":["GET"]}}],"collection":[{"href":"https:\/\/exclusive-corporation.com\/en\/wp-json\/wp\/v2\/product"}],"about":[{"href":"https:\/\/exclusive-corporation.com\/en\/wp-json\/wp\/v2\/types\/product"}],"replies":[{"embeddable":true,"href":"https:\/\/exclusive-corporation.com\/en\/wp-json\/wp\/v2\/comments?post=5454"}],"wp:featuredmedia":[{"embeddable":true,"href":"https:\/\/exclusive-corporation.com\/en\/wp-json\/wp\/v2\/media\/5455"}],"wp:attachment":[{"href":"https:\/\/exclusive-corporation.com\/en\/wp-json\/wp\/v2\/media?parent=5454"}],"wp:term":[{"taxonomy":"pwb-brand","embeddable":true,"href":"https:\/\/exclusive-corporation.com\/en\/wp-json\/wp\/v2\/pwb-brand?post=5454"},{"taxonomy":"product_brand","embeddable":true,"href":"https:\/\/exclusive-corporation.com\/en\/wp-json\/wp\/v2\/product_brand?post=5454"},{"taxonomy":"product_cat","embeddable":true,"href":"https:\/\/exclusive-corporation.com\/en\/wp-json\/wp\/v2\/product_cat?post=5454"},{"taxonomy":"product_tag","embeddable":true,"href":"https:\/\/exclusive-corporation.com\/en\/wp-json\/wp\/v2\/product_tag?post=5454"}],"curies":[{"name":"wp","href":"https:\/\/api.w.org\/{rel}","templated":true}]}}